{"id":2813,"date":"2018-11-26T16:41:11","date_gmt":"2018-11-26T15:41:11","guid":{"rendered":"http:\/\/www.inai.tn\/cooperation\/"},"modified":"2018-11-26T21:01:05","modified_gmt":"2018-11-26T20:01:05","slug":"cooperation","status":"publish","type":"page","link":"https:\/\/inai.tn\/fr\/cooperation\/","title":{"rendered":"Coop\u00e9ration et de partenariat"},"content":{"rendered":"<p>[vc_row][vc_column][vc_single_image image=&#8221;1886&#8243; img_size=&#8221;full&#8221; alignment=&#8221;center&#8221;]<div class=\" bs-listing bs-listing-listing-text-2 bs-listing-single-tab pagination-animate\">\t\t<div class=\"bs-pagination-wrapper main-term-26 next_prev bs-slider-first-item\">\n\t\t\t<div class=\"listing listing-text listing-text-2 clearfix columns-1\">\n\t\t<article class=\"post-2473 type-post format-standard has-post-thumbnail   listing-item listing-item-text listing-item-text-2 main-term-31\">\n\n\t<div class=\"item-inner\">\n\t\t<h2 class=\"title\">\t\t<a href=\"https:\/\/inai.tn\/fr\/%d8%a7%d8%aa%d9%81%d8%a7%d9%82%d9%8a%d8%a9-%d8%aa%d8%b9%d8%a7%d9%88%d9%86-%d8%a8%d9%8a%d9%86-%d9%87%d9%8a%d8%a6%d8%a9-%d8%a7%d9%84%d9%86%d9%91%d9%81%d8%a7%d8%b0-%d8%a5%d9%84%d9%89-%d8%a7%d9%84%d9%85\/\" class=\"post-title post-url\">\n\t\t\tM\u00e9morandum fixant un cadre de coop\u00e9ration entre l&#8217;INAI et Article 19 MENA\t\t<\/a>\n\n\t\t<\/h2><a target=\"_blank\" class=\"post-subtitle\" href=\"https:\/\/inai.tn\/wp-content\/uploads\/2018\/10\/convention_inai_art19-1.pdf\"><i class=\"fa fa-download\" aria-hidden=\"true\" style=\"color: #14639b;\"><\/i><\/a>\t\t<div class=\"post-meta\">\n\n\t\t\t\t\t<\/div>\n\t\t\n\t<\/div>\n\t<\/article >\n\t<article class=\"post-2480 type-post format-standard has-post-thumbnail   listing-item listing-item-text listing-item-text-2 main-term-31\">\n\n\t<div class=\"item-inner\">\n\t\t<h2 class=\"title\">\t\t<a href=\"https:\/\/inai.tn\/fr\/%d8%a7%d8%aa%d9%81%d8%a7%d9%82%d9%8a%d8%a9-%d8%b4%d8%b1%d8%a7%d9%83%d8%a9-%d8%a8%d9%8a%d9%86-%d9%87%d9%8a%d8%a6%d8%a9-%d8%a7%d9%84%d9%86%d9%91%d9%81%d8%a7%d8%b0-%d9%88%d9%85%d8%b1%d9%83%d8%b2-%d8%a7\/\" class=\"post-title post-url\">\n\t\t\tConvention de partenariat et de coop\u00e9ration (CEFAD_INAI)\t\t<\/a>\n\n\t\t<\/h2><a target=\"_blank\" class=\"post-subtitle\" href=\"https:\/\/inai.tn\/wp-content\/uploads\/2019\/01\/convention_CEFAD_INAI.pdf\"><i class=\"fa fa-download\" aria-hidden=\"true\" style=\"color: #14639b;\"><\/i><\/a>\t\t<div class=\"post-meta\">\n\n\t\t\t\t\t<\/div>\n\t\t\n\t<\/div>\n\t<\/article >\n\t<article class=\"post-2477 type-post format-standard has-post-thumbnail   listing-item listing-item-text listing-item-text-2 main-term-31\">\n\n\t<div class=\"item-inner\">\n\t\t<h2 class=\"title\">\t\t<a href=\"https:\/\/inai.tn\/fr\/%d8%a7%d8%aa%d9%81%d8%a7%d9%82%d9%8a%d8%a9-%d8%aa%d8%b9%d8%a7%d9%88%d9%86-%d8%a8%d9%8a%d9%86-%d9%87%d9%8a%d8%a6%d8%a9-%d8%a7%d9%84%d9%86%d9%91%d9%81%d8%a7%d8%b0-%d8%a7%d9%84%d9%89-%d8%a7%d9%84%d9%85\/\" class=\"post-title post-url\">\n\t\t\tConvention de coop\u00e9ration dans le domaine de l&#8217;acc\u00e8s \u00e0 l&#8217;information et de la bonne gouvernance du secteur de la s\u00e9curit\u00e9 (INAI_DCAF)\t\t<\/a>\n\n\t\t<\/h2><a target=\"_blank\" class=\"post-subtitle\" href=\"https:\/\/inai.tn\/wp-content\/uploads\/2019\/01\/convention_inai_dcaf.pdf\"><i class=\"fa fa-download\" aria-hidden=\"true\" style=\"color: #14639b;\"><\/i><\/a>\t\t<div class=\"post-meta\">\n\n\t\t\t\t\t<\/div>\n\t\t\n\t<\/div>\n\t<\/article >\n\t<article class=\"post-2469 type-post format-standard has-post-thumbnail   listing-item listing-item-text listing-item-text-2 main-term-31\">\n\n\t<div class=\"item-inner\">\n\t\t<h2 class=\"title\">\t\t<a href=\"https:\/\/inai.tn\/fr\/%d9%85%d8%b0%d9%83%d9%91%d8%b1%d8%a9-%d8%aa%d9%81%d8%a7%d9%87%d9%85-%d8%a8%d9%8a%d9%86-%d8%a7%d9%84%d9%87%d9%8a%d8%a6%d8%a7%d8%aa\/\" class=\"post-title post-url\">\n\t\t\tProtocole d\u2019Accord entre les Instances Ind\u00e9pendantes\t\t<\/a>\n\n\t\t<\/h2><a target=\"_blank\" class=\"post-subtitle\" href=\"https:\/\/inai.tn\/wp-content\/uploads\/2019\/01\/protocole_instances.pdf\"><i class=\"fa fa-download\" aria-hidden=\"true\" style=\"color: #14639b;\"><\/i><\/a>\t\t<div class=\"post-meta\">\n\n\t\t\t\t\t<\/div>\n\t\t\n\t<\/div>\n\t<\/article >\n\t<article class=\"post-2485 type-post format-standard has-post-thumbnail   listing-item listing-item-text listing-item-text-2 main-term-31\">\n\n\t<div class=\"item-inner\">\n\t\t<h2 class=\"title\">\t\t<a href=\"https:\/\/inai.tn\/fr\/%d8%a5%d8%aa%d9%81%d8%a7%d9%82%d9%8a%d8%a9-%d8%b4%d8%b1%d8%a7%d9%83%d8%a9-%d9%88%d8%aa%d8%b9%d8%a7%d9%88%d9%86-%d9%83%d9%84%d9%8a%d8%a9-%d8%a7%d9%84%d8%b9%d9%84%d9%88%d9%85-%d8%a7%d9%84%d9%82%d8%a7\/\" class=\"post-title post-url\">\n\t\t\tConvention de partenariat et de coop\u00e9ration (Fac de Droit et des sc. Pol. et Soc_Tunis_INAI)\t\t<\/a>\n\n\t\t<\/h2><a target=\"_blank\" class=\"post-subtitle\" href=\"https:\/\/inai.tn\/wp-content\/uploads\/2019\/01\/conv_inai_fac_droit.pdf\"><i class=\"fa fa-download\" aria-hidden=\"true\" style=\"color: #14639b;\"><\/i><\/a>\t\t<div class=\"post-meta\">\n\n\t\t\t\t\t<\/div>\n\t\t\n\t<\/div>\n\t<\/article >\n\t<article class=\"post-4632 type-post format-standard has-post-thumbnail   listing-item listing-item-text listing-item-text-2 main-term-31\">\n\n\t<div class=\"item-inner\">\n\t\t<h2 class=\"title\">\t\t<a href=\"https:\/\/inai.tn\/fr\/convention-de-partenariat-et-de-cooperation-ministere-de-lagriculture-des-ressources-hydrauliques-et-de-la-peche-_inai\/\" class=\"post-title post-url\">\n\t\t\tConvention de partenariat et de coop\u00e9ration (Minist\u00e8re de l&#8217;Agriculture, des Ressources Hydrauliques et de la P\u00eache &#8211; INAI)\t\t<\/a>\n\n\t\t<\/h2><a target=\"_blank\" class=\"post-subtitle\" href=\"https:\/\/inai.tn\/wp-content\/uploads\/2019\/01\/conv_inai_Min_Agriclture-3.pdf\"><i class=\"fa fa-download\" aria-hidden=\"true\" style=\"color: #14639b;\"><\/i><\/a>\t\t<div class=\"post-meta\">\n\n\t\t\t\t\t<\/div>\n\t\t\n\t<\/div>\n\t<\/article >\n\t<article class=\"post-4747 type-post format-standard has-post-thumbnail   listing-item listing-item-text listing-item-text-2 main-term-31\">\n\n\t<div class=\"item-inner\">\n\t\t<h2 class=\"title\">\t\t<a href=\"https:\/\/inai.tn\/fr\/convention-de-partenariat-entre-linai-et-democraty-reporting-international-dri-2\/\" class=\"post-title post-url\">\n\t\t\tConvention de partenariat entre l&#8217;INAI et Democraty Reporting International (DRI)\t\t<\/a>\n\n\t\t<\/h2><a target=\"_blank\" class=\"post-subtitle\" href=\"https:\/\/inai.tn\/wp-content\/uploads\/2019\/01\/conv_inai_DRI-1.pdf\"><i class=\"fa fa-download\" aria-hidden=\"true\" style=\"color: #14639b;\"><\/i><\/a>\t\t<div class=\"post-meta\">\n\n\t\t\t\t\t<\/div>\n\t\t\n\t<\/div>\n\t<\/article >\n\t<article class=\"post-5527 type-post format-standard has-post-thumbnail   listing-item listing-item-text listing-item-text-2 main-term-31\">\n\n\t<div class=\"item-inner\">\n\t\t<h2 class=\"title\">\t\t<a href=\"https:\/\/inai.tn\/fr\/convention-de-cooperation-et-de-partenariat-ecole-nationale-dadministration-ena\/\" class=\"post-title post-url\">\n\t\t\tConvention de coop\u00e9ration et de partenariat (Ecole Nationale d&#8217;Administration-ENA)\t\t<\/a>\n\n\t\t<\/h2><a target=\"_blank\" class=\"post-subtitle\" href=\"https:\/\/inai.tn\/wp-content\/uploads\/2019\/05\/conv_inai_ENA.pdf\"><i class=\"fa fa-download\" aria-hidden=\"true\" style=\"color: #14639b;\"><\/i><\/a>\t\t<div class=\"post-meta\">\n\n\t\t\t\t\t<\/div>\n\t\t\n\t<\/div>\n\t<\/article >\n\t<article class=\"post-5524 type-post format-standard has-post-thumbnail   listing-item listing-item-text listing-item-text-2 main-term-31\">\n\n\t<div class=\"item-inner\">\n\t\t<h2 class=\"title\">\t\t<a href=\"https:\/\/inai.tn\/fr\/convention-de-cooperation-et-de-partenariat-ministere-des-affaires-religieuses\/\" class=\"post-title post-url\">\n\t\t\tConvention de coop\u00e9ration et de partenariat (Minist\u00e8re des Affaires Religieuses)\t\t<\/a>\n\n\t\t<\/h2><a target=\"_blank\" class=\"post-subtitle\" href=\"https:\/\/inai.tn\/wp-content\/uploads\/2019\/05\/conv_inai_Min_AFF_RELIG.pdf\"><i class=\"fa fa-download\" aria-hidden=\"true\" style=\"color: #14639b;\"><\/i><\/a>\t\t<div class=\"post-meta\">\n\n\t\t\t\t\t<\/div>\n\t\t\n\t<\/div>\n\t<\/article >\n\t<article class=\"post-6286 type-post format-standard has-post-thumbnail   listing-item listing-item-text listing-item-text-2 main-term-31\">\n\n\t<div class=\"item-inner\">\n\t\t<h2 class=\"title\">\t\t<a href=\"https:\/\/inai.tn\/fr\/convention-de-cooperation-et-de-partenariat-societe-tunisienne-de-lelectricite-et-du-gaz-steg\/\" class=\"post-title post-url\">\n\t\t\tConvention de coop\u00e9ration et de partenariat (Soci\u00e9t\u00e9 Tunisienne de l&#8217;Electricit\u00e9 et du Gaz-STEG)\t\t<\/a>\n\n\t\t<\/h2><a target=\"_blank\" class=\"post-subtitle\" href=\"https:\/\/inai.tn\/wp-content\/uploads\/2019\/07\/convention_inai_STEG.pdf\"><i class=\"fa fa-download\" aria-hidden=\"true\" style=\"color: #14639b;\"><\/i><\/a>\t\t<div class=\"post-meta\">\n\n\t\t\t\t\t<\/div>\n\t\t\n\t<\/div>\n\t<\/article >\n\t<article class=\"post-6493 type-post format-standard has-post-thumbnail   listing-item listing-item-text listing-item-text-2 main-term-31\">\n\n\t<div class=\"item-inner\">\n\t\t<h2 class=\"title\">\t\t<a href=\"https:\/\/inai.tn\/fr\/convention-de-partenariat-et-de-cooperation-ministere-du-transport-_inai\/\" class=\"post-title post-url\">\n\t\t\tConvention de partenariat et de coop\u00e9ration (Minist\u00e8re du Transport _INAI)\t\t<\/a>\n\n\t\t<\/h2><a target=\"_blank\" class=\"post-subtitle\" href=\"https:\/\/inai.tn\/wp-content\/uploads\/2019\/08\/conv_inai_Min_Transport-1.pdf\"><i class=\"fa fa-download\" aria-hidden=\"true\" style=\"color: #14639b;\"><\/i><\/a>\t\t<div class=\"post-meta\">\n\n\t\t\t\t\t<\/div>\n\t\t\n\t<\/div>\n\t<\/article >\n\t<article class=\"post-7410 type-post format-standard has-post-thumbnail   listing-item listing-item-text listing-item-text-2 main-term-31\">\n\n\t<div class=\"item-inner\">\n\t\t<h2 class=\"title\">\t\t<a href=\"https:\/\/inai.tn\/fr\/convention-de-partenariat-et-de-cooperation-tunisair-_inai\/\" class=\"post-title post-url\">\n\t\t\tConvention de partenariat et de coop\u00e9ration (TUNISAIR _INAI)\t\t<\/a>\n\n\t\t<\/h2><a target=\"_blank\" class=\"post-subtitle\" href=\"https:\/\/inai.tn\/wp-content\/uploads\/2019\/10\/convention_inai_TUNISAIR.pdf\"><i class=\"fa fa-download\" aria-hidden=\"true\" style=\"color: #14639b;\"><\/i><\/a>\t\t<div class=\"post-meta\">\n\n\t\t\t\t\t<\/div>\n\t\t\n\t<\/div>\n\t<\/article >\n\t<article class=\"post-8000 type-post format-standard has-post-thumbnail   listing-item listing-item-text listing-item-text-2 main-term-31\">\n\n\t<div class=\"item-inner\">\n\t\t<h2 class=\"title\">\t\t<a href=\"https:\/\/inai.tn\/fr\/convention-de-partenariat-et-de-cooperation-ass_terre_des_hommes-_inai\/\" class=\"post-title post-url\">\n\t\t\tConvention de partenariat et de coop\u00e9ration (Ass_Terre_des_Hommes _INAI)\t\t<\/a>\n\n\t\t<\/h2><a target=\"_blank\" class=\"post-subtitle\" href=\"https:\/\/inai.tn\/wp-content\/uploads\/2019\/12\/convention_inai_Ass_Terre_Hommes.pdf\"><i class=\"fa fa-download\" aria-hidden=\"true\" style=\"color: #14639b;\"><\/i><\/a>\t\t<div class=\"post-meta\">\n\n\t\t\t\t\t<\/div>\n\t\t\n\t<\/div>\n\t<\/article >\n\t<article class=\"post-8298 type-post format-standard has-post-thumbnail   listing-item listing-item-text listing-item-text-2 main-term-31\">\n\n\t<div class=\"item-inner\">\n\t\t<h2 class=\"title\">\t\t<a href=\"https:\/\/inai.tn\/fr\/convention-de-partenariat-et-de-cooperation-ministere-de-leducation\/\" class=\"post-title post-url\">\n\t\t\tConvention de partenariat et de coop\u00e9ration (Minist\u00e8re de l&#8217;Education)\t\t<\/a>\n\n\t\t<\/h2><a target=\"_blank\" class=\"post-subtitle\" href=\"https:\/\/inai.tn\/wp-content\/uploads\/2019\/12\/conv_inai_Min_Education.pdf\"><i class=\"fa fa-download\" aria-hidden=\"true\" style=\"color: #14639b;\"><\/i><\/a>\t\t<div class=\"post-meta\">\n\n\t\t\t\t\t<\/div>\n\t\t\n\t<\/div>\n\t<\/article >\n\t<article class=\"post-9059 type-post format-standard has-post-thumbnail   listing-item listing-item-text listing-item-text-2 main-term-31\">\n\n\t<div class=\"item-inner\">\n\t\t<h2 class=\"title\">\t\t<a href=\"https:\/\/inai.tn\/fr\/convention-de-partenariat-et-de-cooperation-fac-de-droit-sfax\/\" class=\"post-title post-url\">\n\t\t\tConvention de partenariat et de coop\u00e9ration (Fac de Droit Sfax)\t\t<\/a>\n\n\t\t<\/h2><a target=\"_blank\" class=\"post-subtitle\" href=\"https:\/\/inai.tn\/wp-content\/uploads\/2020\/02\/conv_inai_Fac_droit_sfax.pdf\"><i class=\"fa fa-download\" aria-hidden=\"true\" style=\"color: #14639b;\"><\/i><\/a>\t\t<div class=\"post-meta\">\n\n\t\t\t\t\t<\/div>\n\t\t\n\t<\/div>\n\t<\/article >\n\t<article class=\"post-9196 type-post format-standard has-post-thumbnail   listing-item listing-item-text listing-item-text-2 main-term-31\">\n\n\t<div class=\"item-inner\">\n\t\t<h2 class=\"title\">\t\t<a href=\"https:\/\/inai.tn\/fr\/convention-de-partenariat-et-de-cooperation-ecole-superieure-des-sciences-juridiques-de-gabes\/\" class=\"post-title post-url\">\n\t\t\tConvention de partenariat et de coop\u00e9ration (Ecole Sup\u00e9rieure des Sciences Juridiques de Gab\u00e8s )\t\t<\/a>\n\n\t\t<\/h2><a target=\"_blank\" class=\"post-subtitle\" href=\"https:\/\/inai.tn\/wp-content\/uploads\/2020\/03\/conv_inai_ESEJ_Gabes.pdf\"><i class=\"fa fa-download\" aria-hidden=\"true\" style=\"color: #14639b;\"><\/i><\/a>\t\t<div class=\"post-meta\">\n\n\t\t\t\t\t<\/div>\n\t\t\n\t<\/div>\n\t<\/article >\n\t<article class=\"post-10369 type-post format-standard has-post-thumbnail   listing-item listing-item-text listing-item-text-2 main-term-33\">\n\n\t<div class=\"item-inner\">\n\t\t<h2 class=\"title\">\t\t<a href=\"https:\/\/inai.tn\/fr\/paii-t-conseil-de-leurope-inai-le-conseil-de-l-europe-continue-son-travail-avec-linstance-dacces-a-linformation\/\" class=\"post-title post-url\">\n\t\t\tLe Conseil de l&#8217;Europe continue son travail avec l&#8217;Instance d\u2019Acc\u00e8s \u00e0 l\u2019Information (INAI).\t\t<\/a>\n\n\t\t<\/h2>\t\t<div class=\"post-meta\">\n\n\t\t\t\t\t<\/div>\n\t\t\n\t<\/div>\n\t<\/article >\n\t<article class=\"post-10568 type-post format-standard has-post-thumbnail   listing-item listing-item-text listing-item-text-2 main-term-33\">\n\n\t<div class=\"item-inner\">\n\t\t<h2 class=\"title\">\t\t<a href=\"https:\/\/inai.tn\/fr\/appel-d-offres-mission-d-expertise-data-center-inai\/\" class=\"post-title post-url\">\n\t\t\tAppel d&#8217;offres : Prestations de services pour la r\u00e9alisation d\u2019une mission d\u2019expertise pour la modernisation du syst\u00e8me d\u2019information (SI) de l\u2019INAI\t\t<\/a>\n\n\t\t<\/h2>\t\t<div class=\"post-meta\">\n\n\t\t\t\t\t<\/div>\n\t\t\n\t<\/div>\n\t<\/article >\n\t<\/div>\n\t\t\t<\/div>\n\t\t<\/div>[\/vc_column][\/vc_row]<\/p>\n","protected":false},"excerpt":{"rendered":"<p>[vc_row][vc_column][vc_single_image image=&#8221;1886&#8243; img_size=&#8221;full&#8221; alignment=&#8221;center&#8221;][\/vc_column][\/vc_row]<\/p>\n","protected":false},"author":1,"featured_media":0,"parent":0,"menu_order":0,"comment_status":"closed","ping_status":"closed","template":"","meta":[],"acf":[],"yoast_head":"<!-- This site is optimized with the Yoast SEO plugin v19.7.1 - https:\/\/yoast.com\/wordpress\/plugins\/seo\/ -->\n<title>Coop\u00e9ration et de partenariat - \u0647\u064a\u0626\u0629 \u0627\u0644\u0646\u0641\u0627\u0630 \u0625\u0644\u0649 \u0627\u0644\u0645\u0639\u0644\u0648\u0645\u0629 \u0641\u064a \u062a\u0648\u0646\u0633<\/title>\n<meta name=\"robots\" content=\"index, follow, max-snippet:-1, max-image-preview:large, max-video-preview:-1\" \/>\n<link rel=\"canonical\" href=\"https:\/\/inai.tn\/fr\/cooperation\/\" \/>\n<meta property=\"og:locale\" content=\"fr_FR\" \/>\n<meta property=\"og:type\" content=\"article\" \/>\n<meta property=\"og:title\" content=\"Coop\u00e9ration et de partenariat - \u0647\u064a\u0626\u0629 \u0627\u0644\u0646\u0641\u0627\u0630 \u0625\u0644\u0649 \u0627\u0644\u0645\u0639\u0644\u0648\u0645\u0629 \u0641\u064a \u062a\u0648\u0646\u0633\" \/>\n<meta property=\"og:description\" content=\"[vc_row][vc_column][vc_single_image image=&#8221;1886&#8243; img_size=&#8221;full&#8221; alignment=&#8221;center&#8221;][\/vc_column][\/vc_row]\" \/>\n<meta property=\"og:url\" content=\"https:\/\/inai.tn\/fr\/cooperation\/\" \/>\n<meta property=\"og:site_name\" content=\"\u0647\u064a\u0626\u0629 \u0627\u0644\u0646\u0641\u0627\u0630 \u0625\u0644\u0649 \u0627\u0644\u0645\u0639\u0644\u0648\u0645\u0629 \u0641\u064a \u062a\u0648\u0646\u0633\" \/>\n<meta property=\"article:modified_time\" content=\"2018-11-26T20:01:05+00:00\" \/>\n<meta name=\"twitter:card\" content=\"summary_large_image\" \/>\n<meta name=\"twitter:label1\" content=\"Dur\u00e9e de lecture estim\u00e9e\" \/>\n\t<meta name=\"twitter:data1\" content=\"1 minute\" \/>\n<script type=\"application\/ld+json\" class=\"yoast-schema-graph\">{\"@context\":\"https:\/\/schema.org\",\"@graph\":[{\"@type\":\"WebPage\",\"@id\":\"https:\/\/inai.tn\/fr\/cooperation\/\",\"url\":\"https:\/\/inai.tn\/fr\/cooperation\/\",\"name\":\"Coop\u00e9ration et de partenariat - \u0647\u064a\u0626\u0629 \u0627\u0644\u0646\u0641\u0627\u0630 \u0625\u0644\u0649 \u0627\u0644\u0645\u0639\u0644\u0648\u0645\u0629 \u0641\u064a \u062a\u0648\u0646\u0633\",\"isPartOf\":{\"@id\":\"https:\/\/inai.tn\/#website\"},\"datePublished\":\"2018-11-26T15:41:11+00:00\",\"dateModified\":\"2018-11-26T20:01:05+00:00\",\"breadcrumb\":{\"@id\":\"https:\/\/inai.tn\/fr\/cooperation\/#breadcrumb\"},\"inLanguage\":\"fr-FR\",\"potentialAction\":[{\"@type\":\"ReadAction\",\"target\":[\"https:\/\/inai.tn\/fr\/cooperation\/\"]}]},{\"@type\":\"BreadcrumbList\",\"@id\":\"https:\/\/inai.tn\/fr\/cooperation\/#breadcrumb\",\"itemListElement\":[{\"@type\":\"ListItem\",\"position\":1,\"name\":\"Accueil\",\"item\":\"https:\/\/inai.tn\/fr\/\"},{\"@type\":\"ListItem\",\"position\":2,\"name\":\"Coop\u00e9ration et de partenariat\"}]},{\"@type\":\"WebSite\",\"@id\":\"https:\/\/inai.tn\/#website\",\"url\":\"https:\/\/inai.tn\/\",\"name\":\"INAI\",\"description\":\"\u0627\u0644\u0646\u0641\u0627\u0630 \u0625\u0644\u0649 \u0627\u0644\u0645\u0639\u0644\u0648\u0645\u0629 \u062d\u0642 \u062f\u0633\u062a\u0648\u0631\u064a\",\"publisher\":{\"@id\":\"https:\/\/inai.tn\/#organization\"},\"potentialAction\":[{\"@type\":\"SearchAction\",\"target\":{\"@type\":\"EntryPoint\",\"urlTemplate\":\"https:\/\/inai.tn\/?s={search_term_string}\"},\"query-input\":\"required name=search_term_string\"}],\"inLanguage\":\"fr-FR\"},{\"@type\":\"Organization\",\"@id\":\"https:\/\/inai.tn\/#organization\",\"name\":\"Instance d'Acc\u00e8s \u00e0 l'Information (INAI)\",\"url\":\"https:\/\/inai.tn\/\",\"sameAs\":[],\"logo\":{\"@type\":\"ImageObject\",\"inLanguage\":\"fr-FR\",\"@id\":\"https:\/\/inai.tn\/#\/schema\/logo\/image\/\",\"url\":\"http:\/\/localhost\/wp-content\/uploads\/2018\/10\/logo-inai-2.png\",\"contentUrl\":\"http:\/\/localhost\/wp-content\/uploads\/2018\/10\/logo-inai-2.png\",\"width\":140,\"height\":57,\"caption\":\"Instance d'Acc\u00e8s \u00e0 l'Information (INAI)\"},\"image\":{\"@id\":\"https:\/\/inai.tn\/#\/schema\/logo\/image\/\"}}]}<\/script>\n<!-- \/ Yoast SEO plugin. -->","yoast_head_json":{"title":"Coop\u00e9ration et de partenariat - \u0647\u064a\u0626\u0629 \u0627\u0644\u0646\u0641\u0627\u0630 \u0625\u0644\u0649 \u0627\u0644\u0645\u0639\u0644\u0648\u0645\u0629 \u0641\u064a \u062a\u0648\u0646\u0633","robots":{"index":"index","follow":"follow","max-snippet":"max-snippet:-1","max-image-preview":"max-image-preview:large","max-video-preview":"max-video-preview:-1"},"canonical":"https:\/\/inai.tn\/fr\/cooperation\/","og_locale":"fr_FR","og_type":"article","og_title":"Coop\u00e9ration et de partenariat - \u0647\u064a\u0626\u0629 \u0627\u0644\u0646\u0641\u0627\u0630 \u0625\u0644\u0649 \u0627\u0644\u0645\u0639\u0644\u0648\u0645\u0629 \u0641\u064a \u062a\u0648\u0646\u0633","og_description":"[vc_row][vc_column][vc_single_image image=&#8221;1886&#8243; img_size=&#8221;full&#8221; alignment=&#8221;center&#8221;][\/vc_column][\/vc_row]","og_url":"https:\/\/inai.tn\/fr\/cooperation\/","og_site_name":"\u0647\u064a\u0626\u0629 \u0627\u0644\u0646\u0641\u0627\u0630 \u0625\u0644\u0649 \u0627\u0644\u0645\u0639\u0644\u0648\u0645\u0629 \u0641\u064a \u062a\u0648\u0646\u0633","article_modified_time":"2018-11-26T20:01:05+00:00","twitter_card":"summary_large_image","twitter_misc":{"Dur\u00e9e de lecture estim\u00e9e":"1 minute"},"schema":{"@context":"https:\/\/schema.org","@graph":[{"@type":"WebPage","@id":"https:\/\/inai.tn\/fr\/cooperation\/","url":"https:\/\/inai.tn\/fr\/cooperation\/","name":"Coop\u00e9ration et de partenariat - \u0647\u064a\u0626\u0629 \u0627\u0644\u0646\u0641\u0627\u0630 \u0625\u0644\u0649 \u0627\u0644\u0645\u0639\u0644\u0648\u0645\u0629 \u0641\u064a \u062a\u0648\u0646\u0633","isPartOf":{"@id":"https:\/\/inai.tn\/#website"},"datePublished":"2018-11-26T15:41:11+00:00","dateModified":"2018-11-26T20:01:05+00:00","breadcrumb":{"@id":"https:\/\/inai.tn\/fr\/cooperation\/#breadcrumb"},"inLanguage":"fr-FR","potentialAction":[{"@type":"ReadAction","target":["https:\/\/inai.tn\/fr\/cooperation\/"]}]},{"@type":"BreadcrumbList","@id":"https:\/\/inai.tn\/fr\/cooperation\/#breadcrumb","itemListElement":[{"@type":"ListItem","position":1,"name":"Accueil","item":"https:\/\/inai.tn\/fr\/"},{"@type":"ListItem","position":2,"name":"Coop\u00e9ration et de partenariat"}]},{"@type":"WebSite","@id":"https:\/\/inai.tn\/#website","url":"https:\/\/inai.tn\/","name":"INAI","description":"\u0627\u0644\u0646\u0641\u0627\u0630 \u0625\u0644\u0649 \u0627\u0644\u0645\u0639\u0644\u0648\u0645\u0629 \u062d\u0642 \u062f\u0633\u062a\u0648\u0631\u064a","publisher":{"@id":"https:\/\/inai.tn\/#organization"},"potentialAction":[{"@type":"SearchAction","target":{"@type":"EntryPoint","urlTemplate":"https:\/\/inai.tn\/?s={search_term_string}"},"query-input":"required name=search_term_string"}],"inLanguage":"fr-FR"},{"@type":"Organization","@id":"https:\/\/inai.tn\/#organization","name":"Instance d'Acc\u00e8s \u00e0 l'Information (INAI)","url":"https:\/\/inai.tn\/","sameAs":[],"logo":{"@type":"ImageObject","inLanguage":"fr-FR","@id":"https:\/\/inai.tn\/#\/schema\/logo\/image\/","url":"http:\/\/localhost\/wp-content\/uploads\/2018\/10\/logo-inai-2.png","contentUrl":"http:\/\/localhost\/wp-content\/uploads\/2018\/10\/logo-inai-2.png","width":140,"height":57,"caption":"Instance d'Acc\u00e8s \u00e0 l'Information (INAI)"},"image":{"@id":"https:\/\/inai.tn\/#\/schema\/logo\/image\/"}}]}},"_links":{"self":[{"href":"https:\/\/inai.tn\/fr\/wp-json\/wp\/v2\/pages\/2813"}],"collection":[{"href":"https:\/\/inai.tn\/fr\/wp-json\/wp\/v2\/pages"}],"about":[{"href":"https:\/\/inai.tn\/fr\/wp-json\/wp\/v2\/types\/page"}],"author":[{"embeddable":true,"href":"https:\/\/inai.tn\/fr\/wp-json\/wp\/v2\/users\/1"}],"replies":[{"embeddable":true,"href":"https:\/\/inai.tn\/fr\/wp-json\/wp\/v2\/comments?post=2813"}],"version-history":[{"count":0,"href":"https:\/\/inai.tn\/fr\/wp-json\/wp\/v2\/pages\/2813\/revisions"}],"wp:attachment":[{"href":"https:\/\/inai.tn\/fr\/wp-json\/wp\/v2\/media?parent=2813"}],"curies":[{"name":"wp","href":"https:\/\/api.w.org\/{rel}","templated":true}]}}