{"id":2517,"date":"2018-11-16T08:50:21","date_gmt":"2018-11-16T07:50:21","guid":{"rendered":"http:\/\/www.inai.tn\/liens\/"},"modified":"2020-09-16T11:16:10","modified_gmt":"2020-09-16T10:16:10","slug":"liens","status":"publish","type":"page","link":"https:\/\/inai.tn\/fr\/liens\/","title":{"rendered":"Liens utiles"},"content":{"rendered":"<p>[vc_row][vc_column][vc_column_text]<\/p>\n<ul>\n<li><strong>Portail du Gouvernement<\/strong>\u00a0: <a href=\"http:\/\/www.tunisie.gov.tn\" target=\"_blank\" rel=\"noopener\">www.tunisie.gov.tn<\/a><\/li>\n<li><strong>ARP<\/strong>\u00a0\u2013 Assembl\u00e9e des Repr\u00e9sentants du Peuple: <a href=\"http:\/\/www.arp.tn\" target=\"_blank\" rel=\"noopener\">www.arp.tn<\/a><\/li>\n<\/ul>\n<p>&nbsp;<\/p>\n<ul>\n<li><strong>INLUCC<\/strong>\u00a0\u2013 Instance Nationale de Lutte contre la corruption: <a href=\"http:\/\/www.inlucc.tn\" target=\"_blank\" rel=\"noopener\">www.inlucc.tn<\/a><\/li>\n<li><strong>INLCTP<\/strong>&#8211; Instance Nationale de lutte contre la traite des personnes: <a href=\"mailto:inlctp@justice.tn\" target=\"_blank\" rel=\"noopener\">inlctp@justice.tn<\/a><\/li>\n<li><strong>INPT<\/strong>&#8211; Instance Nationale pour la Pr\u00e9vention de la Torture: <a href=\"http:\/\/www.inpt.tn\" target=\"_blank\" rel=\"noopener\">www.inpt.tn<\/a><\/li>\n<li><strong>HAICA\u00a0<\/strong>\u2013 Haute instance ind\u00e9pendante de la communication audiovisuelle: <a href=\"http:\/\/www.haica.tn\" target=\"_blank\" rel=\"noopener\">www.haica.tn<\/a><\/li>\n<li><strong>INPDP<\/strong> &#8211;\u00a0Instance Nationale de protection des donn\u00e9es \u00e0 caract\u00e8re personnel: <a href=\"http:\/\/www.inpdp.nat.tn\/\" target=\"_blank\" rel=\"noopener\">www.inpdp.nat.tn<\/a><\/li>\n<li><strong>ISIE<\/strong>&#8211;\u00a0Instance sup\u00e9rieure ind\u00e9pendante pour les \u00e9lections: <a href=\"http:\/\/www.isie.tn\" target=\"_blank\" rel=\"noopener\">www.isie.tn<\/a><\/li>\n<li><strong>IVD<\/strong> &#8211; Instance V\u00e9rit\u00e9 et Dignit\u00e9: <a href=\"http:\/\/www.ivd.tn\" target=\"_blank\" rel=\"noopener\">www.ivd.tn<\/a><\/li>\n<li><strong>HCDH <\/strong>&#8211; Comit\u00e9 Sup\u00e9rieur des Droits de l&#8217;Homme et des Libert\u00e9s Fondamentales\u00a0: <a href=\"http:\/\/www.csdhlf.tn\" target=\"_blank\" rel=\"noopener\">www.csdhlf.tn<\/a><\/li>\n<\/ul>\n<p>&nbsp;<\/p>\n<ul>\n<li><strong>Portail de la justice<\/strong> : <a href=\"http:\/\/www.e-justice.tn\" target=\"_blank\" rel=\"noopener\">www.e-justice.tn<\/a><\/li>\n<li><strong>Cours des comptes<\/strong>\u00a0: <a href=\"http:\/\/www.courdescomptes.nat.tn\" target=\"_blank\" rel=\"noopener\">www.courdescomptes.nat.tn<\/a><\/li>\n<li><strong>HCCAF<\/strong>&#8211; Haut Comit\u00e9 du Contr\u00f4le Administratif et Financier: <a href=\"http:\/\/www.hccaf.tn\" target=\"_blank\" rel=\"noopener\">www.hccaf.tn<\/a><\/li>\n<li><strong>Archives Nationale<\/strong> <strong>de Tunisie<\/strong>: <a href=\"http:\/\/www.archives.nat.tn\" target=\"_blank\" rel=\"noopener\">www.archives.nat.tn<\/a><\/li>\n<li><strong>CNUDST\u00a0:<\/strong> www.cnudst.rnrt.tn<\/li>\n<\/ul>\n<p>&nbsp;<\/p>\n<ul>\n<li><strong>Portail Open-Data<\/strong>\u00a0: <a href=\"http:\/\/fr.data.gov.tn\" target=\"_blank\" rel=\"noopener\">http:\/\/fr.data.gov.tn<\/a><\/li>\n<li><strong>Open Government partnership<\/strong>\u00a0: <a href=\"http:\/\/www.ogptunisie.gov.tn\" target=\"_blank\" rel=\"noopener\">www.ogptunisie.gov.tn<\/a><\/li>\n<li><strong>SICAD\u00a0:<\/strong> <a href=\"http:\/\/www.sicad.gov.tn\" target=\"_blank\" rel=\"noopener\">www.sicad.gov.tn<\/a><\/li>\n<li><strong>Site des March\u00e9s publics<\/strong>\u00a0: www.marchespublics.gov.tn<\/li>\n<li><strong>CNI<\/strong> &#8211; Centre National de l\u2019Informatique\u00a0: <a href=\"http:\/\/www.cni.tn\" target=\"_blank\" rel=\"noopener\">www.cni.tn<\/a><\/li>\n<li><strong>INT <\/strong>&#8211; Instance Nationale des T\u00e9l\u00e9communications\u00a0: <a href=\"http:\/\/www.intt.tn\" target=\"_blank\" rel=\"noopener\">www.intt.tn<\/a><\/li>\n<li><strong>TIA<\/strong> &#8211; Tunisia investment\u00a0 Authority: <a href=\"http:\/\/www.tia.gov.tn\" target=\"_blank\" rel=\"noopener\">www.tia.gov.tn<\/a><\/li>\n<\/ul>\n<p>&nbsp;<\/p>\n<ul>\n<li><strong>ONU\u00a0:<\/strong> <a href=\"http:\/\/www.un.org\" target=\"_blank\" rel=\"noopener\">www.un.org<\/a><\/li>\n<li><strong>PNUD\u00a0:<\/strong> www.tn.undp.org<\/li>\n<li><strong>OCDE\u00a0:<\/strong> <a href=\"http:\/\/www.oecd.org\/fr\/pays\/tunisie\" target=\"_blank\" rel=\"noopener\">www.oecd.org\/fr\/pays\/tunisie<\/a><\/li>\n<li><strong>Bureau du Conseil de l&#8217;Europe \u00e0 Tunis<\/strong>\u00a0:\u00a0<a href=\"https:\/\/www.coe.int\/fr\/web\/tunis\">https:\/\/www.coe.int\/fr\/web\/tunis<\/a><\/li>\n<li><strong>UNESCO\u00a0:<\/strong> https:\/\/fr.unesco.org\/iduai2017<\/li>\n<li><strong>ESCWA<\/strong>&#8211; Commission \u00e9conomique et sociale pour l&#8217;Asie occidentale <a href=\"http:\/\/www.unescwa.org\" target=\"_blank\" rel=\"noopener\">www.unescwa.org<\/a><\/li>\n<li><strong>DECAF<\/strong> \u2013 <a href=\"http:\/\/www.legislation-securite.tn\" target=\"_blank\" rel=\"noopener\">www.legislation-securite.tn<\/a><\/li>\n<li><strong>Article 19<\/strong>\u00a0: <a href=\"http:\/\/www.article19.org\" target=\"_blank\" rel=\"noopener\">www.article19.org<\/a><\/li>\n<li><strong>ACCESSNOW\u00a0:<\/strong> <a href=\"http:\/\/www.accessnow.org\/tag\/tunisia\" target=\"_blank\" rel=\"noopener\">www.accessnow.org\/tag\/tunisia<\/a><\/li>\n<li><strong>I WATCH\u00a0:<\/strong> <a href=\"http:\/\/www.iwatch.tn\/ar\" target=\"_blank\" rel=\"noopener\">www.iwatch.tn\/ar<\/a><\/li>\n<li><strong>ALBAWSALA\u00a0:<\/strong> <a href=\"http:\/\/www.albawsala.com\" target=\"_blank\" rel=\"noopener\">www.albawsala.com<\/a><\/li>\n<li><strong>DEMOCRACY REPORTING INTERNATIONAL\u00a0: <\/strong><a href=\"http:\/\/www.democracy-reporting.org\" target=\"_blank\" rel=\"noopener\">www.democracy-reporting.org<\/a><\/li>\n<li><strong>KOICA\u00a0:<\/strong> <a href=\"https:\/\/fr-fr.facebook.com\/koicatunisia\" target=\"_blank\" rel=\"noopener\">https:\/\/fr-fr.facebook.com\/koicatunisia<\/a><\/li>\n<\/ul>\n<p>[\/vc_column_text][\/vc_column][\/vc_row]<\/p>\n","protected":false},"excerpt":{"rendered":"<p>[vc_row][vc_column][vc_column_text] Portail du Gouvernement\u00a0: www.tunisie.gov.tn ARP\u00a0\u2013 Assembl\u00e9e des Repr\u00e9sentants du Peuple: www.arp.tn &nbsp; INLUCC\u00a0\u2013 Instance Nationale de Lutte contre la corruption: www.inlucc.tn INLCTP&#8211; Instance Nationale de lutte contre la traite des personnes: inlctp@justice.tn INPT&#8211; Instance Nationale pour la Pr\u00e9vention de la Torture: www.inpt.tn HAICA\u00a0\u2013 Haute instance ind\u00e9pendante de la communication audiovisuelle: www.haica.tn INPDP &#8211;\u00a0Instance Nationale [&hellip;]<\/p>\n","protected":false},"author":1,"featured_media":0,"parent":0,"menu_order":0,"comment_status":"closed","ping_status":"closed","template":"","meta":[],"acf":[],"yoast_head":"<!-- This site is optimized with the Yoast SEO plugin v19.7.1 - https:\/\/yoast.com\/wordpress\/plugins\/seo\/ -->\n<title>Liens utiles - \u0647\u064a\u0626\u0629 \u0627\u0644\u0646\u0641\u0627\u0630 \u0625\u0644\u0649 \u0627\u0644\u0645\u0639\u0644\u0648\u0645\u0629 \u0641\u064a \u062a\u0648\u0646\u0633<\/title>\n<meta name=\"robots\" content=\"index, follow, max-snippet:-1, max-image-preview:large, max-video-preview:-1\" \/>\n<link rel=\"canonical\" href=\"https:\/\/inai.tn\/fr\/liens\/\" \/>\n<meta property=\"og:locale\" content=\"fr_FR\" \/>\n<meta property=\"og:type\" content=\"article\" \/>\n<meta property=\"og:title\" content=\"Liens utiles - \u0647\u064a\u0626\u0629 \u0627\u0644\u0646\u0641\u0627\u0630 \u0625\u0644\u0649 \u0627\u0644\u0645\u0639\u0644\u0648\u0645\u0629 \u0641\u064a \u062a\u0648\u0646\u0633\" \/>\n<meta property=\"og:description\" content=\"[vc_row][vc_column][vc_column_text] Portail du Gouvernement\u00a0: www.tunisie.gov.tn ARP\u00a0\u2013 Assembl\u00e9e des Repr\u00e9sentants du Peuple: www.arp.tn &nbsp; INLUCC\u00a0\u2013 Instance Nationale de Lutte contre la corruption: www.inlucc.tn INLCTP&#8211; Instance Nationale de lutte contre la traite des personnes: inlctp@justice.tn INPT&#8211; Instance Nationale pour la Pr\u00e9vention de la Torture: www.inpt.tn HAICA\u00a0\u2013 Haute instance ind\u00e9pendante de la communication audiovisuelle: www.haica.tn INPDP &#8211;\u00a0Instance Nationale [&hellip;]\" \/>\n<meta property=\"og:url\" content=\"https:\/\/inai.tn\/fr\/liens\/\" \/>\n<meta property=\"og:site_name\" content=\"\u0647\u064a\u0626\u0629 \u0627\u0644\u0646\u0641\u0627\u0630 \u0625\u0644\u0649 \u0627\u0644\u0645\u0639\u0644\u0648\u0645\u0629 \u0641\u064a \u062a\u0648\u0646\u0633\" \/>\n<meta property=\"article:modified_time\" content=\"2020-09-16T10:16:10+00:00\" \/>\n<meta name=\"twitter:card\" content=\"summary_large_image\" \/>\n<meta name=\"twitter:label1\" content=\"Dur\u00e9e de lecture estim\u00e9e\" \/>\n\t<meta name=\"twitter:data1\" content=\"2 minutes\" \/>\n<script type=\"application\/ld+json\" class=\"yoast-schema-graph\">{\"@context\":\"https:\/\/schema.org\",\"@graph\":[{\"@type\":\"WebPage\",\"@id\":\"https:\/\/inai.tn\/fr\/liens\/\",\"url\":\"https:\/\/inai.tn\/fr\/liens\/\",\"name\":\"Liens utiles - \u0647\u064a\u0626\u0629 \u0627\u0644\u0646\u0641\u0627\u0630 \u0625\u0644\u0649 \u0627\u0644\u0645\u0639\u0644\u0648\u0645\u0629 \u0641\u064a \u062a\u0648\u0646\u0633\",\"isPartOf\":{\"@id\":\"https:\/\/inai.tn\/#website\"},\"datePublished\":\"2018-11-16T07:50:21+00:00\",\"dateModified\":\"2020-09-16T10:16:10+00:00\",\"breadcrumb\":{\"@id\":\"https:\/\/inai.tn\/fr\/liens\/#breadcrumb\"},\"inLanguage\":\"fr-FR\",\"potentialAction\":[{\"@type\":\"ReadAction\",\"target\":[\"https:\/\/inai.tn\/fr\/liens\/\"]}]},{\"@type\":\"BreadcrumbList\",\"@id\":\"https:\/\/inai.tn\/fr\/liens\/#breadcrumb\",\"itemListElement\":[{\"@type\":\"ListItem\",\"position\":1,\"name\":\"Accueil\",\"item\":\"https:\/\/inai.tn\/fr\/\"},{\"@type\":\"ListItem\",\"position\":2,\"name\":\"Liens utiles\"}]},{\"@type\":\"WebSite\",\"@id\":\"https:\/\/inai.tn\/#website\",\"url\":\"https:\/\/inai.tn\/\",\"name\":\"INAI\",\"description\":\"\u0627\u0644\u0646\u0641\u0627\u0630 \u0625\u0644\u0649 \u0627\u0644\u0645\u0639\u0644\u0648\u0645\u0629 \u062d\u0642 \u062f\u0633\u062a\u0648\u0631\u064a\",\"publisher\":{\"@id\":\"https:\/\/inai.tn\/#organization\"},\"potentialAction\":[{\"@type\":\"SearchAction\",\"target\":{\"@type\":\"EntryPoint\",\"urlTemplate\":\"https:\/\/inai.tn\/?s={search_term_string}\"},\"query-input\":\"required name=search_term_string\"}],\"inLanguage\":\"fr-FR\"},{\"@type\":\"Organization\",\"@id\":\"https:\/\/inai.tn\/#organization\",\"name\":\"Instance d'Acc\u00e8s \u00e0 l'Information (INAI)\",\"url\":\"https:\/\/inai.tn\/\",\"sameAs\":[],\"logo\":{\"@type\":\"ImageObject\",\"inLanguage\":\"fr-FR\",\"@id\":\"https:\/\/inai.tn\/#\/schema\/logo\/image\/\",\"url\":\"http:\/\/localhost\/wp-content\/uploads\/2018\/10\/logo-inai-2.png\",\"contentUrl\":\"http:\/\/localhost\/wp-content\/uploads\/2018\/10\/logo-inai-2.png\",\"width\":140,\"height\":57,\"caption\":\"Instance d'Acc\u00e8s \u00e0 l'Information (INAI)\"},\"image\":{\"@id\":\"https:\/\/inai.tn\/#\/schema\/logo\/image\/\"}}]}<\/script>\n<!-- \/ Yoast SEO plugin. -->","yoast_head_json":{"title":"Liens utiles - \u0647\u064a\u0626\u0629 \u0627\u0644\u0646\u0641\u0627\u0630 \u0625\u0644\u0649 \u0627\u0644\u0645\u0639\u0644\u0648\u0645\u0629 \u0641\u064a \u062a\u0648\u0646\u0633","robots":{"index":"index","follow":"follow","max-snippet":"max-snippet:-1","max-image-preview":"max-image-preview:large","max-video-preview":"max-video-preview:-1"},"canonical":"https:\/\/inai.tn\/fr\/liens\/","og_locale":"fr_FR","og_type":"article","og_title":"Liens utiles - \u0647\u064a\u0626\u0629 \u0627\u0644\u0646\u0641\u0627\u0630 \u0625\u0644\u0649 \u0627\u0644\u0645\u0639\u0644\u0648\u0645\u0629 \u0641\u064a \u062a\u0648\u0646\u0633","og_description":"[vc_row][vc_column][vc_column_text] Portail du Gouvernement\u00a0: www.tunisie.gov.tn ARP\u00a0\u2013 Assembl\u00e9e des Repr\u00e9sentants du Peuple: www.arp.tn &nbsp; INLUCC\u00a0\u2013 Instance Nationale de Lutte contre la corruption: www.inlucc.tn INLCTP&#8211; Instance Nationale de lutte contre la traite des personnes: inlctp@justice.tn INPT&#8211; Instance Nationale pour la Pr\u00e9vention de la Torture: www.inpt.tn HAICA\u00a0\u2013 Haute instance ind\u00e9pendante de la communication audiovisuelle: www.haica.tn INPDP &#8211;\u00a0Instance Nationale [&hellip;]","og_url":"https:\/\/inai.tn\/fr\/liens\/","og_site_name":"\u0647\u064a\u0626\u0629 \u0627\u0644\u0646\u0641\u0627\u0630 \u0625\u0644\u0649 \u0627\u0644\u0645\u0639\u0644\u0648\u0645\u0629 \u0641\u064a \u062a\u0648\u0646\u0633","article_modified_time":"2020-09-16T10:16:10+00:00","twitter_card":"summary_large_image","twitter_misc":{"Dur\u00e9e de lecture estim\u00e9e":"2 minutes"},"schema":{"@context":"https:\/\/schema.org","@graph":[{"@type":"WebPage","@id":"https:\/\/inai.tn\/fr\/liens\/","url":"https:\/\/inai.tn\/fr\/liens\/","name":"Liens utiles - \u0647\u064a\u0626\u0629 \u0627\u0644\u0646\u0641\u0627\u0630 \u0625\u0644\u0649 \u0627\u0644\u0645\u0639\u0644\u0648\u0645\u0629 \u0641\u064a \u062a\u0648\u0646\u0633","isPartOf":{"@id":"https:\/\/inai.tn\/#website"},"datePublished":"2018-11-16T07:50:21+00:00","dateModified":"2020-09-16T10:16:10+00:00","breadcrumb":{"@id":"https:\/\/inai.tn\/fr\/liens\/#breadcrumb"},"inLanguage":"fr-FR","potentialAction":[{"@type":"ReadAction","target":["https:\/\/inai.tn\/fr\/liens\/"]}]},{"@type":"BreadcrumbList","@id":"https:\/\/inai.tn\/fr\/liens\/#breadcrumb","itemListElement":[{"@type":"ListItem","position":1,"name":"Accueil","item":"https:\/\/inai.tn\/fr\/"},{"@type":"ListItem","position":2,"name":"Liens utiles"}]},{"@type":"WebSite","@id":"https:\/\/inai.tn\/#website","url":"https:\/\/inai.tn\/","name":"INAI","description":"\u0627\u0644\u0646\u0641\u0627\u0630 \u0625\u0644\u0649 \u0627\u0644\u0645\u0639\u0644\u0648\u0645\u0629 \u062d\u0642 \u062f\u0633\u062a\u0648\u0631\u064a","publisher":{"@id":"https:\/\/inai.tn\/#organization"},"potentialAction":[{"@type":"SearchAction","target":{"@type":"EntryPoint","urlTemplate":"https:\/\/inai.tn\/?s={search_term_string}"},"query-input":"required name=search_term_string"}],"inLanguage":"fr-FR"},{"@type":"Organization","@id":"https:\/\/inai.tn\/#organization","name":"Instance d'Acc\u00e8s \u00e0 l'Information (INAI)","url":"https:\/\/inai.tn\/","sameAs":[],"logo":{"@type":"ImageObject","inLanguage":"fr-FR","@id":"https:\/\/inai.tn\/#\/schema\/logo\/image\/","url":"http:\/\/localhost\/wp-content\/uploads\/2018\/10\/logo-inai-2.png","contentUrl":"http:\/\/localhost\/wp-content\/uploads\/2018\/10\/logo-inai-2.png","width":140,"height":57,"caption":"Instance d'Acc\u00e8s \u00e0 l'Information (INAI)"},"image":{"@id":"https:\/\/inai.tn\/#\/schema\/logo\/image\/"}}]}},"_links":{"self":[{"href":"https:\/\/inai.tn\/fr\/wp-json\/wp\/v2\/pages\/2517"}],"collection":[{"href":"https:\/\/inai.tn\/fr\/wp-json\/wp\/v2\/pages"}],"about":[{"href":"https:\/\/inai.tn\/fr\/wp-json\/wp\/v2\/types\/page"}],"author":[{"embeddable":true,"href":"https:\/\/inai.tn\/fr\/wp-json\/wp\/v2\/users\/1"}],"replies":[{"embeddable":true,"href":"https:\/\/inai.tn\/fr\/wp-json\/wp\/v2\/comments?post=2517"}],"version-history":[{"count":0,"href":"https:\/\/inai.tn\/fr\/wp-json\/wp\/v2\/pages\/2517\/revisions"}],"wp:attachment":[{"href":"https:\/\/inai.tn\/fr\/wp-json\/wp\/v2\/media?parent=2517"}],"curies":[{"name":"wp","href":"https:\/\/api.w.org\/{rel}","templated":true}]}}