{"id":2198,"date":"2018-09-05T21:55:31","date_gmt":"2018-09-05T19:55:31","guid":{"rendered":"http:\/\/www.inai.tn\/management-financier\/"},"modified":"2020-07-20T21:24:52","modified_gmt":"2020-07-20T20:24:52","slug":"management-financier","status":"publish","type":"page","link":"https:\/\/inai.tn\/fr\/management-financier\/","title":{"rendered":"Gestion financi\u00e8re"},"content":{"rendered":"<p><strong>Gestion financi\u00e8re des ann\u00e9es 2017, 2018 et 2019<\/strong><\/p>\n<p><strong>I- D\u00e9penses<\/strong><\/p>\n<p>En Dinars<\/p>\n<table width=\"571\">\n<tbody>\n<tr>\n<td style=\"text-align: center;\" width=\"235\"><strong>Article<\/strong><\/td>\n<td style=\"text-align: center;\" width=\"131\"><strong>2017<\/strong><\/td>\n<td style=\"text-align: center;\" width=\"102\"><strong>2018<\/strong><\/td>\n<td style=\"text-align: center;\" width=\"103\"><strong>2019<\/strong><\/td>\n<\/tr>\n<tr>\n<td>R\u00e9mun\u00e9ration<\/td>\n<td style=\"text-align: right;\">69.765,616<\/td>\n<td style=\"text-align: right;\">520.373,332<\/td>\n<td style=\"text-align: right;\">856.846,492<\/td>\n<\/tr>\n<tr>\n<td>Subvention de l\u2019Etat<\/td>\n<td>187.244,722<\/td>\n<td>388.063,225<\/td>\n<td>413.393,543<\/td>\n<\/tr>\n<tr>\n<td>Agents Contractuels<\/td>\n<td>0,000<\/td>\n<td>0,000<\/td>\n<td>23.260,408<\/td>\n<\/tr>\n<tr>\n<td style=\"text-align: left;\">Intervention publique<\/td>\n<td style=\"text-align: right;\">0,000<\/td>\n<td style=\"text-align: right;\">0,000<\/td>\n<td style=\"text-align: right;\">9.000,000<\/td>\n<\/tr>\n<tr>\n<td style=\"text-align: center;\"><strong>Total<\/strong><\/td>\n<td><strong>257.010,338<\/strong><\/td>\n<td><strong>908.436,557<\/strong><\/td>\n<td><strong>1.302.500,443<\/strong><\/td>\n<\/tr>\n<\/tbody>\n<\/table>\n<p>&nbsp;<\/p>\n<ol>\n<li>Subvention de l\u2019Etat<\/li>\n<\/ol>\n<p>En Dinars<\/p>\n<table width=\"626\">\n<tbody>\n<tr>\n<td style=\"text-align: center;\" width=\"290\"><strong>Type de d\u00e9pense<\/strong><\/td>\n<td style=\"text-align: center;\" width=\"131\"><strong>2017<\/strong><\/td>\n<td style=\"text-align: center;\" width=\"102\"><strong>2018<\/strong><\/td>\n<td style=\"text-align: center;\" width=\"103\"><strong>2019<\/strong><\/td>\n<\/tr>\n<tr>\n<td>Maintenance, ameublement et \u00e9quipements<\/td>\n<td style=\"text-align: right;\">102.762,603<\/td>\n<td style=\"text-align: right;\">183.616,966<\/td>\n<td style=\"text-align: right;\">92.533,136<\/td>\n<\/tr>\n<tr>\n<td>Loyers<\/td>\n<td style=\"text-align: right;\">75.900,000<\/td>\n<td style=\"text-align: right;\">151.800,000<\/td>\n<td style=\"text-align: right;\">151.800,000<\/td>\n<\/tr>\n<tr>\n<td>Fournitures<\/td>\n<td style=\"text-align: right;\">8.582,119<\/td>\n<td style=\"text-align: right;\">42.646,259<\/td>\n<td style=\"text-align: right;\">97.886,123<\/td>\n<\/tr>\n<tr>\n<td>Intervenants externes<\/td>\n<td style=\"text-align: right;\">0,000<\/td>\n<td style=\"text-align: right;\">10.000,000<\/td>\n<td style=\"text-align: right;\">60.942,750<\/td>\n<\/tr>\n<tr>\n<td>Manifestations<\/td>\n<td style=\"text-align: right;\">0,000<\/td>\n<td style=\"text-align: right;\">0,000<\/td>\n<td style=\"text-align: right;\">7.676,867<\/td>\n<\/tr>\n<tr>\n<td>Missions<\/td>\n<td style=\"text-align: right;\">0,000<\/td>\n<td style=\"text-align: right;\">0,000<\/td>\n<td style=\"text-align: right;\">2.554,667<\/td>\n<\/tr>\n<tr>\n<td style=\"text-align: center;\"><strong>Total<\/strong><\/td>\n<td><strong>187.244,722<\/strong><\/td>\n<td><strong>388.063,225<\/strong><\/td>\n<td><strong>413.393,543<\/strong><\/td>\n<\/tr>\n<\/tbody>\n<\/table>\n<p>&nbsp;<\/p>\n<ol start=\"2\">\n<li>R\u00e9mun\u00e9ration<\/li>\n<\/ol>\n<p>En Dinars<\/p>\n<table width=\"626\">\n<tbody>\n<tr>\n<td style=\"text-align: center;\" width=\"290\"><strong>Libell\u00e9<\/strong><\/td>\n<td style=\"text-align: center;\" width=\"131\"><strong>2017<\/strong><\/td>\n<td style=\"text-align: center;\" width=\"102\"><strong>2018<\/strong><\/td>\n<td style=\"text-align: center;\" width=\"103\"><strong>2019<\/strong><\/td>\n<\/tr>\n<tr>\n<td>Salaires et indemnit\u00e9s<\/td>\n<td>63.089,625<\/td>\n<td>452.253,379<\/td>\n<td>732.119,055<\/td>\n<\/tr>\n<tr>\n<td>Cotisations \u00e0 la charge de l\u2019Etat<\/td>\n<td>6.675,991<\/td>\n<td>68.119,953<\/td>\n<td>124.727,437<\/td>\n<\/tr>\n<tr>\n<td style=\"text-align: center;\"><strong>Total<\/strong><\/td>\n<td style=\"text-align: center;\"><strong>69.765,616<\/strong><\/td>\n<td><strong>520.373,332<\/strong><\/td>\n<td style=\"text-align: center;\">856.846,492<\/td>\n<\/tr>\n<\/tbody>\n<\/table>\n<p>&nbsp;<\/p>\n<p><strong>II- Ressources et r\u00e9sultats<\/strong><\/p>\n<p>En Dinars<\/p>\n<table width=\"626\">\n<tbody>\n<tr>\n<td style=\"text-align: center;\" width=\"290\"><strong>Rubrique<\/strong><\/td>\n<td style=\"text-align: center;\" width=\"131\"><strong>2017<\/strong><\/td>\n<td style=\"text-align: center;\" width=\"102\"><strong>2018<\/strong><\/td>\n<td style=\"text-align: center;\" width=\"103\"><strong>2019<\/strong><\/td>\n<\/tr>\n<tr>\n<td>Cr\u00e9dits accord\u00e9s<\/td>\n<td style=\"text-align: right;\">276.000,000<\/td>\n<td style=\"text-align: right;\">351.000,000<\/td>\n<td>577.638,000<\/td>\n<\/tr>\n<tr>\n<td>Exc\u00e9dent du budget ant\u00e9rieur<\/td>\n<td style=\"text-align: right;\">0,000<\/td>\n<td style=\"text-align: right;\">88.755,278<\/td>\n<td style=\"text-align: right;\">51.692,053<\/td>\n<\/tr>\n<tr>\n<td>Total Ressources<\/td>\n<td style=\"text-align: right;\">276.000,000<\/td>\n<td style=\"text-align: right;\">439.755,278<\/td>\n<td style=\"text-align: right;\">629.330,053<\/td>\n<\/tr>\n<tr>\n<td>Total d\u00e9penses<\/td>\n<td style=\"text-align: right;\">187.244,722<\/td>\n<td style=\"text-align: right;\">388.063,225<\/td>\n<td style=\"text-align: right;\">445.653,951<\/td>\n<\/tr>\n<tr>\n<td>Exc\u00e9dent budg\u00e9taire de l\u2019ann\u00e9e<\/td>\n<td style=\"text-align: center;\">88.755,278<\/td>\n<td style=\"text-align: center;\">51.692,053<\/td>\n<td style=\"text-align: center;\">183.676,102<\/td>\n<\/tr>\n<\/tbody>\n<\/table>\n<p>&nbsp;<\/p>\n<p><strong>III- Budget pour la gestion 2020<\/strong><\/p>\n<p>En Dinars<\/p>\n<table width=\"421\">\n<tbody>\n<tr>\n<td style=\"text-align: center;\" width=\"290\"><strong>Article<\/strong><\/td>\n<td style=\"text-align: center;\" width=\"131\"><strong>Budget 2020<\/strong><\/td>\n<\/tr>\n<tr>\n<td>R\u00e9mun\u00e9ration<\/td>\n<td style=\"text-align: right;\">936.000,000<\/td>\n<\/tr>\n<tr>\n<td>Subvention de l\u2019Etat<\/td>\n<td style=\"text-align: right;\">460.000,000<\/td>\n<\/tr>\n<tr>\n<td>Agents Contractuels<\/td>\n<td style=\"text-align: right;\">350.000,000<\/td>\n<\/tr>\n<tr>\n<td>Intervention publique<\/td>\n<td style=\"text-align: right;\">14.000,000<\/td>\n<\/tr>\n<tr>\n<td style=\"text-align: center;\"><strong>Total<\/strong><\/td>\n<td style=\"text-align: center;\"><strong>1.760.000,000<\/strong><\/td>\n<\/tr>\n<\/tbody>\n<\/table>\n","protected":false},"excerpt":{"rendered":"<p>Gestion financi\u00e8re des ann\u00e9es 2017, 2018 et 2019 I- D\u00e9penses En Dinars Article 2017 2018 2019 R\u00e9mun\u00e9ration 69.765,616 520.373,332 856.846,492 Subvention de l\u2019Etat 187.244,722 388.063,225 413.393,543 Agents Contractuels 0,000 0,000 23.260,408 Intervention publique 0,000 0,000 9.000,000 Total 257.010,338 908.436,557 1.302.500,443 &nbsp; Subvention de l\u2019Etat En Dinars Type de d\u00e9pense 2017 2018 2019 Maintenance, ameublement et [&hellip;]<\/p>\n","protected":false},"author":1,"featured_media":0,"parent":0,"menu_order":0,"comment_status":"closed","ping_status":"closed","template":"","meta":[],"acf":[],"yoast_head":"<!-- This site is optimized with the Yoast SEO plugin v19.7.1 - https:\/\/yoast.com\/wordpress\/plugins\/seo\/ -->\n<title>Gestion financi\u00e8re - \u0647\u064a\u0626\u0629 \u0627\u0644\u0646\u0641\u0627\u0630 \u0625\u0644\u0649 \u0627\u0644\u0645\u0639\u0644\u0648\u0645\u0629 \u0641\u064a \u062a\u0648\u0646\u0633<\/title>\n<meta name=\"robots\" content=\"index, follow, max-snippet:-1, max-image-preview:large, max-video-preview:-1\" \/>\n<link rel=\"canonical\" href=\"https:\/\/inai.tn\/fr\/management-financier\/\" \/>\n<meta property=\"og:locale\" content=\"fr_FR\" \/>\n<meta property=\"og:type\" content=\"article\" \/>\n<meta property=\"og:title\" content=\"Gestion financi\u00e8re - \u0647\u064a\u0626\u0629 \u0627\u0644\u0646\u0641\u0627\u0630 \u0625\u0644\u0649 \u0627\u0644\u0645\u0639\u0644\u0648\u0645\u0629 \u0641\u064a \u062a\u0648\u0646\u0633\" \/>\n<meta property=\"og:description\" content=\"Gestion financi\u00e8re des ann\u00e9es 2017, 2018 et 2019 I- D\u00e9penses En Dinars Article 2017 2018 2019 R\u00e9mun\u00e9ration 69.765,616 520.373,332 856.846,492 Subvention de l\u2019Etat 187.244,722 388.063,225 413.393,543 Agents Contractuels 0,000 0,000 23.260,408 Intervention publique 0,000 0,000 9.000,000 Total 257.010,338 908.436,557 1.302.500,443 &nbsp; Subvention de l\u2019Etat En Dinars Type de d\u00e9pense 2017 2018 2019 Maintenance, ameublement et [&hellip;]\" \/>\n<meta property=\"og:url\" content=\"https:\/\/inai.tn\/fr\/management-financier\/\" \/>\n<meta property=\"og:site_name\" content=\"\u0647\u064a\u0626\u0629 \u0627\u0644\u0646\u0641\u0627\u0630 \u0625\u0644\u0649 \u0627\u0644\u0645\u0639\u0644\u0648\u0645\u0629 \u0641\u064a \u062a\u0648\u0646\u0633\" \/>\n<meta property=\"article:modified_time\" content=\"2020-07-20T20:24:52+00:00\" \/>\n<meta name=\"twitter:card\" content=\"summary_large_image\" \/>\n<meta name=\"twitter:label1\" content=\"Dur\u00e9e de lecture estim\u00e9e\" \/>\n\t<meta name=\"twitter:data1\" content=\"1 minute\" \/>\n<script type=\"application\/ld+json\" class=\"yoast-schema-graph\">{\"@context\":\"https:\/\/schema.org\",\"@graph\":[{\"@type\":\"WebPage\",\"@id\":\"https:\/\/inai.tn\/fr\/management-financier\/\",\"url\":\"https:\/\/inai.tn\/fr\/management-financier\/\",\"name\":\"Gestion financi\u00e8re - \u0647\u064a\u0626\u0629 \u0627\u0644\u0646\u0641\u0627\u0630 \u0625\u0644\u0649 \u0627\u0644\u0645\u0639\u0644\u0648\u0645\u0629 \u0641\u064a \u062a\u0648\u0646\u0633\",\"isPartOf\":{\"@id\":\"https:\/\/inai.tn\/#website\"},\"datePublished\":\"2018-09-05T19:55:31+00:00\",\"dateModified\":\"2020-07-20T20:24:52+00:00\",\"breadcrumb\":{\"@id\":\"https:\/\/inai.tn\/fr\/management-financier\/#breadcrumb\"},\"inLanguage\":\"fr-FR\",\"potentialAction\":[{\"@type\":\"ReadAction\",\"target\":[\"https:\/\/inai.tn\/fr\/management-financier\/\"]}]},{\"@type\":\"BreadcrumbList\",\"@id\":\"https:\/\/inai.tn\/fr\/management-financier\/#breadcrumb\",\"itemListElement\":[{\"@type\":\"ListItem\",\"position\":1,\"name\":\"Accueil\",\"item\":\"https:\/\/inai.tn\/fr\/\"},{\"@type\":\"ListItem\",\"position\":2,\"name\":\"Gestion financi\u00e8re\"}]},{\"@type\":\"WebSite\",\"@id\":\"https:\/\/inai.tn\/#website\",\"url\":\"https:\/\/inai.tn\/\",\"name\":\"INAI\",\"description\":\"\u0627\u0644\u0646\u0641\u0627\u0630 \u0625\u0644\u0649 \u0627\u0644\u0645\u0639\u0644\u0648\u0645\u0629 \u062d\u0642 \u062f\u0633\u062a\u0648\u0631\u064a\",\"publisher\":{\"@id\":\"https:\/\/inai.tn\/#organization\"},\"potentialAction\":[{\"@type\":\"SearchAction\",\"target\":{\"@type\":\"EntryPoint\",\"urlTemplate\":\"https:\/\/inai.tn\/?s={search_term_string}\"},\"query-input\":\"required name=search_term_string\"}],\"inLanguage\":\"fr-FR\"},{\"@type\":\"Organization\",\"@id\":\"https:\/\/inai.tn\/#organization\",\"name\":\"Instance d'Acc\u00e8s \u00e0 l'Information (INAI)\",\"url\":\"https:\/\/inai.tn\/\",\"sameAs\":[],\"logo\":{\"@type\":\"ImageObject\",\"inLanguage\":\"fr-FR\",\"@id\":\"https:\/\/inai.tn\/#\/schema\/logo\/image\/\",\"url\":\"http:\/\/localhost\/wp-content\/uploads\/2018\/10\/logo-inai-2.png\",\"contentUrl\":\"http:\/\/localhost\/wp-content\/uploads\/2018\/10\/logo-inai-2.png\",\"width\":140,\"height\":57,\"caption\":\"Instance d'Acc\u00e8s \u00e0 l'Information (INAI)\"},\"image\":{\"@id\":\"https:\/\/inai.tn\/#\/schema\/logo\/image\/\"}}]}<\/script>\n<!-- \/ Yoast SEO plugin. -->","yoast_head_json":{"title":"Gestion financi\u00e8re - \u0647\u064a\u0626\u0629 \u0627\u0644\u0646\u0641\u0627\u0630 \u0625\u0644\u0649 \u0627\u0644\u0645\u0639\u0644\u0648\u0645\u0629 \u0641\u064a \u062a\u0648\u0646\u0633","robots":{"index":"index","follow":"follow","max-snippet":"max-snippet:-1","max-image-preview":"max-image-preview:large","max-video-preview":"max-video-preview:-1"},"canonical":"https:\/\/inai.tn\/fr\/management-financier\/","og_locale":"fr_FR","og_type":"article","og_title":"Gestion financi\u00e8re - \u0647\u064a\u0626\u0629 \u0627\u0644\u0646\u0641\u0627\u0630 \u0625\u0644\u0649 \u0627\u0644\u0645\u0639\u0644\u0648\u0645\u0629 \u0641\u064a \u062a\u0648\u0646\u0633","og_description":"Gestion financi\u00e8re des ann\u00e9es 2017, 2018 et 2019 I- D\u00e9penses En Dinars Article 2017 2018 2019 R\u00e9mun\u00e9ration 69.765,616 520.373,332 856.846,492 Subvention de l\u2019Etat 187.244,722 388.063,225 413.393,543 Agents Contractuels 0,000 0,000 23.260,408 Intervention publique 0,000 0,000 9.000,000 Total 257.010,338 908.436,557 1.302.500,443 &nbsp; Subvention de l\u2019Etat En Dinars Type de d\u00e9pense 2017 2018 2019 Maintenance, ameublement et [&hellip;]","og_url":"https:\/\/inai.tn\/fr\/management-financier\/","og_site_name":"\u0647\u064a\u0626\u0629 \u0627\u0644\u0646\u0641\u0627\u0630 \u0625\u0644\u0649 \u0627\u0644\u0645\u0639\u0644\u0648\u0645\u0629 \u0641\u064a \u062a\u0648\u0646\u0633","article_modified_time":"2020-07-20T20:24:52+00:00","twitter_card":"summary_large_image","twitter_misc":{"Dur\u00e9e de lecture estim\u00e9e":"1 minute"},"schema":{"@context":"https:\/\/schema.org","@graph":[{"@type":"WebPage","@id":"https:\/\/inai.tn\/fr\/management-financier\/","url":"https:\/\/inai.tn\/fr\/management-financier\/","name":"Gestion financi\u00e8re - \u0647\u064a\u0626\u0629 \u0627\u0644\u0646\u0641\u0627\u0630 \u0625\u0644\u0649 \u0627\u0644\u0645\u0639\u0644\u0648\u0645\u0629 \u0641\u064a \u062a\u0648\u0646\u0633","isPartOf":{"@id":"https:\/\/inai.tn\/#website"},"datePublished":"2018-09-05T19:55:31+00:00","dateModified":"2020-07-20T20:24:52+00:00","breadcrumb":{"@id":"https:\/\/inai.tn\/fr\/management-financier\/#breadcrumb"},"inLanguage":"fr-FR","potentialAction":[{"@type":"ReadAction","target":["https:\/\/inai.tn\/fr\/management-financier\/"]}]},{"@type":"BreadcrumbList","@id":"https:\/\/inai.tn\/fr\/management-financier\/#breadcrumb","itemListElement":[{"@type":"ListItem","position":1,"name":"Accueil","item":"https:\/\/inai.tn\/fr\/"},{"@type":"ListItem","position":2,"name":"Gestion financi\u00e8re"}]},{"@type":"WebSite","@id":"https:\/\/inai.tn\/#website","url":"https:\/\/inai.tn\/","name":"INAI","description":"\u0627\u0644\u0646\u0641\u0627\u0630 \u0625\u0644\u0649 \u0627\u0644\u0645\u0639\u0644\u0648\u0645\u0629 \u062d\u0642 \u062f\u0633\u062a\u0648\u0631\u064a","publisher":{"@id":"https:\/\/inai.tn\/#organization"},"potentialAction":[{"@type":"SearchAction","target":{"@type":"EntryPoint","urlTemplate":"https:\/\/inai.tn\/?s={search_term_string}"},"query-input":"required name=search_term_string"}],"inLanguage":"fr-FR"},{"@type":"Organization","@id":"https:\/\/inai.tn\/#organization","name":"Instance d'Acc\u00e8s \u00e0 l'Information (INAI)","url":"https:\/\/inai.tn\/","sameAs":[],"logo":{"@type":"ImageObject","inLanguage":"fr-FR","@id":"https:\/\/inai.tn\/#\/schema\/logo\/image\/","url":"http:\/\/localhost\/wp-content\/uploads\/2018\/10\/logo-inai-2.png","contentUrl":"http:\/\/localhost\/wp-content\/uploads\/2018\/10\/logo-inai-2.png","width":140,"height":57,"caption":"Instance d'Acc\u00e8s \u00e0 l'Information (INAI)"},"image":{"@id":"https:\/\/inai.tn\/#\/schema\/logo\/image\/"}}]}},"_links":{"self":[{"href":"https:\/\/inai.tn\/fr\/wp-json\/wp\/v2\/pages\/2198"}],"collection":[{"href":"https:\/\/inai.tn\/fr\/wp-json\/wp\/v2\/pages"}],"about":[{"href":"https:\/\/inai.tn\/fr\/wp-json\/wp\/v2\/types\/page"}],"author":[{"embeddable":true,"href":"https:\/\/inai.tn\/fr\/wp-json\/wp\/v2\/users\/1"}],"replies":[{"embeddable":true,"href":"https:\/\/inai.tn\/fr\/wp-json\/wp\/v2\/comments?post=2198"}],"version-history":[{"count":0,"href":"https:\/\/inai.tn\/fr\/wp-json\/wp\/v2\/pages\/2198\/revisions"}],"wp:attachment":[{"href":"https:\/\/inai.tn\/fr\/wp-json\/wp\/v2\/media?parent=2198"}],"curies":[{"name":"wp","href":"https:\/\/api.w.org\/{rel}","templated":true}]}}