{"id":2193,"date":"2018-10-15T09:38:13","date_gmt":"2018-10-15T07:38:13","guid":{"rendered":"http:\/\/www.inai.tn\/revue-de-presse\/"},"modified":"2020-01-20T13:43:12","modified_gmt":"2020-01-20T12:43:12","slug":"revue-de-presse","status":"publish","type":"page","link":"https:\/\/inai.tn\/fr\/revue-de-presse\/","title":{"rendered":"Revue de Presse"},"content":{"rendered":"<p>[vc_row][vc_column]<div class=\" bs-listing bs-listing-listing-thumbnail-1 bs-listing-single-tab pagination-animate\">\t\t<div class=\"bs-pagination-wrapper main-term-57 next_prev bs-slider-first-item\">\n\t\t\t<div class=\"listing listing-thumbnail listing-tb-1 clearfix columns-1\">\n\t\t<article class=\"post-10539 type-post format-standard has-post-thumbnail   listing-item listing-item-thumbnail listing-item-tb-1 main-term-33\">\n\t<div class=\"item-inner clearfix\">\n\t\t\t\t\t<div class=\"featured\">\n\t\t\t\t<a  title=\"Derni\u00e8re publication de l\u2019INAI :\" data-src=\"https:\/\/inai.tn\/wp-content\/uploads\/2020\/09\/Jurisprudence_FR_1-86x64.png\" data-bs-srcset=\"{&quot;baseurl&quot;:&quot;https:\\\/\\\/inai.tn\\\/wp-content\\\/uploads\\\/2020\\\/09\\\/&quot;,&quot;sizes&quot;:{&quot;86&quot;:&quot;Jurisprudence_FR_1-86x64.png&quot;,&quot;210&quot;:&quot;Jurisprudence_FR_1-210x136.png&quot;,&quot;649&quot;:&quot;Jurisprudence_FR_1.png&quot;}}\"\t\t\t\t\t\tclass=\"img-holder\" href=\"https:\/\/inai.tn\/fr\/recueil-de-jurisprudence-de-l-instance-d-acces-a-l-information\/\"><\/a>\n\t\t\t\t\t\t\t<\/div>\n\t\t<h2 class=\"title\">\t\t<a href=\"https:\/\/inai.tn\/fr\/recueil-de-jurisprudence-de-l-instance-d-acces-a-l-information\/\" class=\"post-url post-title\">\n\t\t\tDerni\u00e8re publication de l\u2019INAI :\t\t<\/a>\n\t\t<\/h2>\t\t<div class=\"post-meta\">\n\n\t\t\t\t\t\t\t<span class=\"time\"><time class=\"post-published updated\"\n\t\t\t\t                         datetime=\"2020-09-16T11:17:09+01:00\">16 Sep, 2020<\/time><\/span>\n\t\t\t\t\t\t<\/div>\n\t\t\t<\/div>\n\t<\/article >\n\t<article class=\"post-9210 type-post format-standard has-post-thumbnail   listing-item listing-item-thumbnail listing-item-tb-1 main-term-33\">\n\t<div class=\"item-inner clearfix\">\n\t\t\t\t\t<div class=\"featured\">\n\t\t\t\t<a  title=\"Le Pr\u00e9sident de l&#8217;INAI pr\u00e9sente le premier rapport annuel au Pr\u00e9sident de la R\u00e9publique\" data-src=\"https:\/\/inai.tn\/wp-content\/uploads\/2020\/03\/pr\u00e9sident_kais_saied-86x64.jpg\" data-bs-srcset=\"{&quot;baseurl&quot;:&quot;https:\\\/\\\/inai.tn\\\/wp-content\\\/uploads\\\/2020\\\/03\\\/&quot;,&quot;sizes&quot;:{&quot;86&quot;:&quot;pr\\u00e9sident_kais_saied-86x64.jpg&quot;,&quot;210&quot;:&quot;pr\\u00e9sident_kais_saied-210x136.jpg&quot;,&quot;651&quot;:&quot;pr\\u00e9sident_kais_saied.jpg&quot;}}\"\t\t\t\t\t\tclass=\"img-holder\" href=\"https:\/\/inai.tn\/fr\/le-president-de-linai-presente-le-premier-rapport-annuel-au-president-de-la-republique\/\"><\/a>\n\t\t\t\t\t\t\t<\/div>\n\t\t<h2 class=\"title\">\t\t<a href=\"https:\/\/inai.tn\/fr\/le-president-de-linai-presente-le-premier-rapport-annuel-au-president-de-la-republique\/\" class=\"post-url post-title\">\n\t\t\tLe Pr\u00e9sident de l&#8217;INAI pr\u00e9sente le premier rapport annuel au Pr\u00e9sident de la&hellip;\t\t<\/a>\n\t\t<\/h2>\t\t<div class=\"post-meta\">\n\n\t\t\t\t\t\t\t<span class=\"time\"><time class=\"post-published updated\"\n\t\t\t\t                         datetime=\"2020-03-02T18:07:23+01:00\">2 Mar, 2020<\/time><\/span>\n\t\t\t\t\t\t<\/div>\n\t\t\t<\/div>\n\t<\/article >\n\t<article class=\"post-9200 type-post format-standard has-post-thumbnail   listing-item listing-item-thumbnail listing-item-tb-1 main-term-33\">\n\t<div class=\"item-inner clearfix\">\n\t\t\t\t\t<div class=\"featured\">\n\t\t\t\t<a  title=\"Le Pr\u00e9sident de l\u2019Instance pr\u00e9sente le premier rapport annuel au Pr\u00e9sident de l\u2019ARP\" data-src=\"https:\/\/inai.tn\/wp-content\/uploads\/2020\/02\/86658486_797637204080680_7130272523182145536_n-86x64.jpg\" data-bs-srcset=\"{&quot;baseurl&quot;:&quot;https:\\\/\\\/inai.tn\\\/wp-content\\\/uploads\\\/2020\\\/02\\\/&quot;,&quot;sizes&quot;:{&quot;86&quot;:&quot;86658486_797637204080680_7130272523182145536_n-86x64.jpg&quot;,&quot;210&quot;:&quot;86658486_797637204080680_7130272523182145536_n-210x136.jpg&quot;,&quot;960&quot;:&quot;86658486_797637204080680_7130272523182145536_n.jpg&quot;}}\"\t\t\t\t\t\tclass=\"img-holder\" href=\"https:\/\/inai.tn\/fr\/le-president-de-linstance-presente-le-premier-rapport-annuel-au-president-de-larp\/\"><\/a>\n\t\t\t\t\t\t\t<\/div>\n\t\t<h2 class=\"title\">\t\t<a href=\"https:\/\/inai.tn\/fr\/le-president-de-linstance-presente-le-premier-rapport-annuel-au-president-de-larp\/\" class=\"post-url post-title\">\n\t\t\tLe Pr\u00e9sident de l\u2019Instance pr\u00e9sente le premier rapport annuel au Pr\u00e9sident de l\u2019ARP\t\t<\/a>\n\t\t<\/h2>\t\t<div class=\"post-meta\">\n\n\t\t\t\t\t\t\t<span class=\"time\"><time class=\"post-published updated\"\n\t\t\t\t                         datetime=\"2020-03-02T17:33:23+01:00\">2 Mar, 2020<\/time><\/span>\n\t\t\t\t\t\t<\/div>\n\t\t\t<\/div>\n\t<\/article >\n\t<article class=\"post-9135 type-post format-standard has-post-thumbnail   listing-item listing-item-thumbnail listing-item-tb-1 main-term-57\">\n\t<div class=\"item-inner clearfix\">\n\t\t\t\t\t<div class=\"featured\">\n\t\t\t\t<a  title=\"IMED HAZGUI : LE TUNISIEN EST PLUS CONSCIENT DE SON DROIT D\u2019ACC\u00c8S \u00c0 L\u2019INFORMATION !\" data-src=\"https:\/\/inai.tn\/wp-content\/uploads\/2020\/02\/express-fm-86x64.jpg\" data-bs-srcset=\"{&quot;baseurl&quot;:&quot;https:\\\/\\\/inai.tn\\\/wp-content\\\/uploads\\\/2020\\\/02\\\/&quot;,&quot;sizes&quot;:{&quot;86&quot;:&quot;express-fm-86x64.jpg&quot;,&quot;210&quot;:&quot;express-fm-210x136.jpg&quot;,&quot;500&quot;:&quot;express-fm.jpg&quot;}}\"\t\t\t\t\t\tclass=\"img-holder\" href=\"https:\/\/inai.tn\/fr\/imed-hazgui-le-tunisien-est-plus-conscient-de-son-droit-dacces-a-linformation\/\"><\/a>\n\t\t\t\t\t\t\t<\/div>\n\t\t<h2 class=\"title\">\t\t<a href=\"https:\/\/inai.tn\/fr\/imed-hazgui-le-tunisien-est-plus-conscient-de-son-droit-dacces-a-linformation\/\" class=\"post-url post-title\">\n\t\t\tIMED HAZGUI : LE TUNISIEN EST PLUS CONSCIENT DE SON DROIT D\u2019ACC\u00c8S \u00c0 L\u2019INFORMATION !\t\t<\/a>\n\t\t<\/h2>\t\t<div class=\"post-meta\">\n\n\t\t\t\t\t\t\t<span class=\"time\"><time class=\"post-published updated\"\n\t\t\t\t                         datetime=\"2020-02-20T09:56:32+01:00\">20 F\u00e9v, 2020<\/time><\/span>\n\t\t\t\t\t\t<\/div>\n\t\t\t<\/div>\n\t<\/article >\n\t<article class=\"post-8602 type-post format-standard has-post-thumbnail   listing-item listing-item-thumbnail listing-item-tb-1 main-term-57\">\n\t<div class=\"item-inner clearfix\">\n\t\t\t\t\t<div class=\"featured\">\n\t\t\t\t<a  title=\"Chronologie des activit\u00e9s de l&#8217;INAI\" data-src=\"https:\/\/inai.tn\/wp-content\/uploads\/2020\/01\/33173097_373447733166298_5078353117288857600_n-86x64.jpg\" data-bs-srcset=\"{&quot;baseurl&quot;:&quot;https:\\\/\\\/inai.tn\\\/wp-content\\\/uploads\\\/2020\\\/01\\\/&quot;,&quot;sizes&quot;:{&quot;86&quot;:&quot;33173097_373447733166298_5078353117288857600_n-86x64.jpg&quot;,&quot;210&quot;:&quot;33173097_373447733166298_5078353117288857600_n-210x136.jpg&quot;,&quot;304&quot;:&quot;33173097_373447733166298_5078353117288857600_n.jpg&quot;}}\"\t\t\t\t\t\tclass=\"img-holder\" href=\"https:\/\/inai.tn\/fr\/%d8%a7%d9%84%d8%aa%d8%b3%d9%84%d8%b3%d9%84-%d8%a7%d9%84%d8%b2%d9%85%d9%86%d9%8a-%d9%84%d8%a7%d9%86%d8%b4%d8%b7%d8%a9-%d9%87%d9%8a%d8%a6%d8%a9-%d8%a7%d9%84%d9%86%d9%81%d8%a7%d8%b0-%d8%a7%d9%84%d9%89\/\"><\/a>\n\t\t\t\t\t\t\t<\/div>\n\t\t<h2 class=\"title\">\t\t<a href=\"https:\/\/inai.tn\/fr\/%d8%a7%d9%84%d8%aa%d8%b3%d9%84%d8%b3%d9%84-%d8%a7%d9%84%d8%b2%d9%85%d9%86%d9%8a-%d9%84%d8%a7%d9%86%d8%b4%d8%b7%d8%a9-%d9%87%d9%8a%d8%a6%d8%a9-%d8%a7%d9%84%d9%86%d9%81%d8%a7%d8%b0-%d8%a7%d9%84%d9%89\/\" class=\"post-url post-title\">\n\t\t\tChronologie des activit\u00e9s de l&#8217;INAI\t\t<\/a>\n\t\t<\/h2>\t\t<div class=\"post-meta\">\n\n\t\t\t\t\t\t\t<span class=\"time\"><time class=\"post-published updated\"\n\t\t\t\t                         datetime=\"2020-01-06T11:03:01+01:00\">6 Jan, 2020<\/time><\/span>\n\t\t\t\t\t\t<\/div>\n\t\t\t<\/div>\n\t<\/article >\n\t<article class=\"post-8326 type-post format-standard has-post-thumbnail   listing-item listing-item-thumbnail listing-item-tb-1 main-term-33\">\n\t<div class=\"item-inner clearfix\">\n\t\t\t\t\t<div class=\"featured\">\n\t\t\t\t<a  title=\"Le Pr\u00e9sident de l\u2019INAI pr\u00e9sente le premier rapport annuel au chef du Gouvernement\" data-src=\"https:\/\/inai.tn\/wp-content\/uploads\/2019\/12\/rapport-86x64.jpg\" data-bs-srcset=\"{&quot;baseurl&quot;:&quot;https:\\\/\\\/inai.tn\\\/wp-content\\\/uploads\\\/2019\\\/12\\\/&quot;,&quot;sizes&quot;:{&quot;86&quot;:&quot;rapport-86x64.jpg&quot;,&quot;210&quot;:&quot;rapport-210x136.jpg&quot;,&quot;2048&quot;:&quot;rapport.jpg&quot;}}\"\t\t\t\t\t\tclass=\"img-holder\" href=\"https:\/\/inai.tn\/fr\/%d8%b1%d8%a6%d9%8a%d8%b3-%d8%a7%d9%84%d9%87%d9%8a%d8%a6%d8%a9-%d9%8a%d9%82%d8%af%d9%85-%d8%a7%d9%84%d8%aa%d9%82%d8%b1%d9%8a%d8%b1-%d8%a7%d9%84%d8%b3%d9%86%d9%88%d9%8a-%d8%a7%d9%84%d8%a3%d9%88%d9%84\/\"><\/a>\n\t\t\t\t\t\t\t<\/div>\n\t\t<h2 class=\"title\">\t\t<a href=\"https:\/\/inai.tn\/fr\/%d8%b1%d8%a6%d9%8a%d8%b3-%d8%a7%d9%84%d9%87%d9%8a%d8%a6%d8%a9-%d9%8a%d9%82%d8%af%d9%85-%d8%a7%d9%84%d8%aa%d9%82%d8%b1%d9%8a%d8%b1-%d8%a7%d9%84%d8%b3%d9%86%d9%88%d9%8a-%d8%a7%d9%84%d8%a3%d9%88%d9%84\/\" class=\"post-url post-title\">\n\t\t\tLe Pr\u00e9sident de l\u2019INAI pr\u00e9sente le premier rapport annuel au chef du Gouvernement\t\t<\/a>\n\t\t<\/h2>\t\t<div class=\"post-meta\">\n\n\t\t\t\t\t\t\t<span class=\"time\"><time class=\"post-published updated\"\n\t\t\t\t                         datetime=\"2019-12-31T14:28:27+01:00\">31 D\u00e9c, 2019<\/time><\/span>\n\t\t\t\t\t\t<\/div>\n\t\t\t<\/div>\n\t<\/article >\n\t<\/div>\n\t\t\t<\/div>\n\t\t<\/div>[\/vc_column][\/vc_row]<\/p>\n","protected":false},"excerpt":{"rendered":"<p>[vc_row][vc_column][\/vc_column][\/vc_row]<\/p>\n","protected":false},"author":1,"featured_media":0,"parent":0,"menu_order":0,"comment_status":"closed","ping_status":"closed","template":"","meta":[],"acf":[],"yoast_head":"<!-- This site is optimized with the Yoast SEO plugin v19.7.1 - https:\/\/yoast.com\/wordpress\/plugins\/seo\/ -->\n<title>Revue de Presse - \u0647\u064a\u0626\u0629 \u0627\u0644\u0646\u0641\u0627\u0630 \u0625\u0644\u0649 \u0627\u0644\u0645\u0639\u0644\u0648\u0645\u0629 \u0641\u064a \u062a\u0648\u0646\u0633<\/title>\n<meta name=\"robots\" content=\"index, follow, max-snippet:-1, max-image-preview:large, max-video-preview:-1\" \/>\n<link rel=\"canonical\" href=\"https:\/\/inai.tn\/fr\/revue-de-presse\/\" \/>\n<meta property=\"og:locale\" content=\"fr_FR\" \/>\n<meta property=\"og:type\" content=\"article\" \/>\n<meta property=\"og:title\" content=\"Revue de Presse - \u0647\u064a\u0626\u0629 \u0627\u0644\u0646\u0641\u0627\u0630 \u0625\u0644\u0649 \u0627\u0644\u0645\u0639\u0644\u0648\u0645\u0629 \u0641\u064a \u062a\u0648\u0646\u0633\" \/>\n<meta property=\"og:description\" content=\"[vc_row][vc_column][\/vc_column][\/vc_row]\" \/>\n<meta property=\"og:url\" content=\"https:\/\/inai.tn\/fr\/revue-de-presse\/\" \/>\n<meta property=\"og:site_name\" content=\"\u0647\u064a\u0626\u0629 \u0627\u0644\u0646\u0641\u0627\u0630 \u0625\u0644\u0649 \u0627\u0644\u0645\u0639\u0644\u0648\u0645\u0629 \u0641\u064a \u062a\u0648\u0646\u0633\" \/>\n<meta property=\"article:modified_time\" content=\"2020-01-20T12:43:12+00:00\" \/>\n<meta name=\"twitter:card\" content=\"summary_large_image\" \/>\n<meta name=\"twitter:label1\" content=\"Dur\u00e9e de lecture estim\u00e9e\" \/>\n\t<meta name=\"twitter:data1\" content=\"1 minute\" \/>\n<script type=\"application\/ld+json\" class=\"yoast-schema-graph\">{\"@context\":\"https:\/\/schema.org\",\"@graph\":[{\"@type\":\"WebPage\",\"@id\":\"https:\/\/inai.tn\/fr\/revue-de-presse\/\",\"url\":\"https:\/\/inai.tn\/fr\/revue-de-presse\/\",\"name\":\"Revue de Presse - \u0647\u064a\u0626\u0629 \u0627\u0644\u0646\u0641\u0627\u0630 \u0625\u0644\u0649 \u0627\u0644\u0645\u0639\u0644\u0648\u0645\u0629 \u0641\u064a \u062a\u0648\u0646\u0633\",\"isPartOf\":{\"@id\":\"https:\/\/inai.tn\/#website\"},\"datePublished\":\"2018-10-15T07:38:13+00:00\",\"dateModified\":\"2020-01-20T12:43:12+00:00\",\"breadcrumb\":{\"@id\":\"https:\/\/inai.tn\/fr\/revue-de-presse\/#breadcrumb\"},\"inLanguage\":\"fr-FR\",\"potentialAction\":[{\"@type\":\"ReadAction\",\"target\":[\"https:\/\/inai.tn\/fr\/revue-de-presse\/\"]}]},{\"@type\":\"BreadcrumbList\",\"@id\":\"https:\/\/inai.tn\/fr\/revue-de-presse\/#breadcrumb\",\"itemListElement\":[{\"@type\":\"ListItem\",\"position\":1,\"name\":\"Accueil\",\"item\":\"https:\/\/inai.tn\/fr\/\"},{\"@type\":\"ListItem\",\"position\":2,\"name\":\"Revue de Presse\"}]},{\"@type\":\"WebSite\",\"@id\":\"https:\/\/inai.tn\/#website\",\"url\":\"https:\/\/inai.tn\/\",\"name\":\"INAI\",\"description\":\"\u0627\u0644\u0646\u0641\u0627\u0630 \u0625\u0644\u0649 \u0627\u0644\u0645\u0639\u0644\u0648\u0645\u0629 \u062d\u0642 \u062f\u0633\u062a\u0648\u0631\u064a\",\"publisher\":{\"@id\":\"https:\/\/inai.tn\/#organization\"},\"potentialAction\":[{\"@type\":\"SearchAction\",\"target\":{\"@type\":\"EntryPoint\",\"urlTemplate\":\"https:\/\/inai.tn\/?s={search_term_string}\"},\"query-input\":\"required name=search_term_string\"}],\"inLanguage\":\"fr-FR\"},{\"@type\":\"Organization\",\"@id\":\"https:\/\/inai.tn\/#organization\",\"name\":\"Instance d'Acc\u00e8s \u00e0 l'Information (INAI)\",\"url\":\"https:\/\/inai.tn\/\",\"sameAs\":[],\"logo\":{\"@type\":\"ImageObject\",\"inLanguage\":\"fr-FR\",\"@id\":\"https:\/\/inai.tn\/#\/schema\/logo\/image\/\",\"url\":\"http:\/\/localhost\/wp-content\/uploads\/2018\/10\/logo-inai-2.png\",\"contentUrl\":\"http:\/\/localhost\/wp-content\/uploads\/2018\/10\/logo-inai-2.png\",\"width\":140,\"height\":57,\"caption\":\"Instance d'Acc\u00e8s \u00e0 l'Information (INAI)\"},\"image\":{\"@id\":\"https:\/\/inai.tn\/#\/schema\/logo\/image\/\"}}]}<\/script>\n<!-- \/ Yoast SEO plugin. -->","yoast_head_json":{"title":"Revue de Presse - \u0647\u064a\u0626\u0629 \u0627\u0644\u0646\u0641\u0627\u0630 \u0625\u0644\u0649 \u0627\u0644\u0645\u0639\u0644\u0648\u0645\u0629 \u0641\u064a \u062a\u0648\u0646\u0633","robots":{"index":"index","follow":"follow","max-snippet":"max-snippet:-1","max-image-preview":"max-image-preview:large","max-video-preview":"max-video-preview:-1"},"canonical":"https:\/\/inai.tn\/fr\/revue-de-presse\/","og_locale":"fr_FR","og_type":"article","og_title":"Revue de Presse - \u0647\u064a\u0626\u0629 \u0627\u0644\u0646\u0641\u0627\u0630 \u0625\u0644\u0649 \u0627\u0644\u0645\u0639\u0644\u0648\u0645\u0629 \u0641\u064a \u062a\u0648\u0646\u0633","og_description":"[vc_row][vc_column][\/vc_column][\/vc_row]","og_url":"https:\/\/inai.tn\/fr\/revue-de-presse\/","og_site_name":"\u0647\u064a\u0626\u0629 \u0627\u0644\u0646\u0641\u0627\u0630 \u0625\u0644\u0649 \u0627\u0644\u0645\u0639\u0644\u0648\u0645\u0629 \u0641\u064a \u062a\u0648\u0646\u0633","article_modified_time":"2020-01-20T12:43:12+00:00","twitter_card":"summary_large_image","twitter_misc":{"Dur\u00e9e de lecture estim\u00e9e":"1 minute"},"schema":{"@context":"https:\/\/schema.org","@graph":[{"@type":"WebPage","@id":"https:\/\/inai.tn\/fr\/revue-de-presse\/","url":"https:\/\/inai.tn\/fr\/revue-de-presse\/","name":"Revue de Presse - \u0647\u064a\u0626\u0629 \u0627\u0644\u0646\u0641\u0627\u0630 \u0625\u0644\u0649 \u0627\u0644\u0645\u0639\u0644\u0648\u0645\u0629 \u0641\u064a \u062a\u0648\u0646\u0633","isPartOf":{"@id":"https:\/\/inai.tn\/#website"},"datePublished":"2018-10-15T07:38:13+00:00","dateModified":"2020-01-20T12:43:12+00:00","breadcrumb":{"@id":"https:\/\/inai.tn\/fr\/revue-de-presse\/#breadcrumb"},"inLanguage":"fr-FR","potentialAction":[{"@type":"ReadAction","target":["https:\/\/inai.tn\/fr\/revue-de-presse\/"]}]},{"@type":"BreadcrumbList","@id":"https:\/\/inai.tn\/fr\/revue-de-presse\/#breadcrumb","itemListElement":[{"@type":"ListItem","position":1,"name":"Accueil","item":"https:\/\/inai.tn\/fr\/"},{"@type":"ListItem","position":2,"name":"Revue de Presse"}]},{"@type":"WebSite","@id":"https:\/\/inai.tn\/#website","url":"https:\/\/inai.tn\/","name":"INAI","description":"\u0627\u0644\u0646\u0641\u0627\u0630 \u0625\u0644\u0649 \u0627\u0644\u0645\u0639\u0644\u0648\u0645\u0629 \u062d\u0642 \u062f\u0633\u062a\u0648\u0631\u064a","publisher":{"@id":"https:\/\/inai.tn\/#organization"},"potentialAction":[{"@type":"SearchAction","target":{"@type":"EntryPoint","urlTemplate":"https:\/\/inai.tn\/?s={search_term_string}"},"query-input":"required name=search_term_string"}],"inLanguage":"fr-FR"},{"@type":"Organization","@id":"https:\/\/inai.tn\/#organization","name":"Instance d'Acc\u00e8s \u00e0 l'Information (INAI)","url":"https:\/\/inai.tn\/","sameAs":[],"logo":{"@type":"ImageObject","inLanguage":"fr-FR","@id":"https:\/\/inai.tn\/#\/schema\/logo\/image\/","url":"http:\/\/localhost\/wp-content\/uploads\/2018\/10\/logo-inai-2.png","contentUrl":"http:\/\/localhost\/wp-content\/uploads\/2018\/10\/logo-inai-2.png","width":140,"height":57,"caption":"Instance d'Acc\u00e8s \u00e0 l'Information (INAI)"},"image":{"@id":"https:\/\/inai.tn\/#\/schema\/logo\/image\/"}}]}},"_links":{"self":[{"href":"https:\/\/inai.tn\/fr\/wp-json\/wp\/v2\/pages\/2193"}],"collection":[{"href":"https:\/\/inai.tn\/fr\/wp-json\/wp\/v2\/pages"}],"about":[{"href":"https:\/\/inai.tn\/fr\/wp-json\/wp\/v2\/types\/page"}],"author":[{"embeddable":true,"href":"https:\/\/inai.tn\/fr\/wp-json\/wp\/v2\/users\/1"}],"replies":[{"embeddable":true,"href":"https:\/\/inai.tn\/fr\/wp-json\/wp\/v2\/comments?post=2193"}],"version-history":[{"count":0,"href":"https:\/\/inai.tn\/fr\/wp-json\/wp\/v2\/pages\/2193\/revisions"}],"wp:attachment":[{"href":"https:\/\/inai.tn\/fr\/wp-json\/wp\/v2\/media?parent=2193"}],"curies":[{"name":"wp","href":"https:\/\/api.w.org\/{rel}","templated":true}]}}