{"id":2183,"date":"2018-08-02T12:14:25","date_gmt":"2018-08-02T10:14:25","guid":{"rendered":"http:\/\/www.inai.tn\/avis-du-conseil\/"},"modified":"2018-11-26T22:17:47","modified_gmt":"2018-11-26T21:17:47","slug":"avis-du-conseil","status":"publish","type":"page","link":"https:\/\/inai.tn\/fr\/avis-du-conseil\/","title":{"rendered":"Avis de l\u2019INAI"},"content":{"rendered":"<p>[vc_row][vc_column][vc_column_text]<div class=\"date_m\">\r\n<p style=\"text-align:right;color:#3a3a3a;font-size:13px\" class=\"last_modified\" data-id=\"26891\"> Derni\u00e8res mises \u00e0 jour : 2023-09-12<\/p><\/div>[\/vc_column_text]<div class=\" bs-listing bs-listing-listing-text-3 bs-listing-single-tab pagination-animate\">\t\t<div class=\"bs-pagination-wrapper main-term-37 infinity bs-slider-first-item\">\n\t\t\t<div class=\"listing listing-text listing-text-3 clearfix columns-1\">\n\t\t<article class=\"post-2886 type-plaintes_avis has-post-thumbnail   listing-item listing-item-text listing-item-text-3 main-term-37\">\n\t\n\t<div class=\"item-inner\">\n\t\t<h2 class=\"title\">\t\t<a href=\"https:\/\/inai.tn\/fr\/plaintes_avis\/%d8%a5%d8%a8%d8%af%d8%a7%d8%a1-%d8%a7%d9%84%d8%b1%d8%a3%d9%8a-%d8%a8%d8%ae%d8%b5%d9%88%d8%b5-%d9%85%d8%b4%d8%b1%d9%88%d8%b9-%d8%a7%d9%84%d9%85%d9%86%d8%b4%d9%88%d8%b1-%d8%a7%d9%84%d8%aa%d9%81%d8%b3\/\" class=\"post-title post-url\">\n\t\t\tAvis relatif au projet de la circulaire d&#8217;application des dispositions de la loi organique n\u00b02016-22 relative au droit d&#8217;acc\u00e8s \u00e0 l&#8217;information\t\t<\/a>\n\t\t<\/h2>\t\t<div class=\"post-meta\">\n\n\t\t\t\t\t<\/div>\n\t\t\t<\/div>\n\t\n\t<\/article >\n\t<article class=\"post-2890 type-plaintes_avis has-post-thumbnail   listing-item listing-item-text listing-item-text-3 main-term-37\">\n\t\n\t<div class=\"item-inner\">\n\t\t<h2 class=\"title\">\t\t<a href=\"https:\/\/inai.tn\/fr\/plaintes_avis\/%d9%85%d9%84%d8%a7%d8%ad%d8%b8%d8%a7%d8%aa-%d9%87%d9%8a%d8%a6%d8%a9-%d8%a7%d9%84%d9%86%d9%81%d8%a7%d8%b0-%d8%a5%d9%84%d9%89-%d8%a7%d9%84%d9%85%d8%b9%d9%84%d9%88%d9%85%d8%a9-%d8%a8%d8%ae%d8%b5%d9%88\/\" class=\"post-title post-url\">\n\t\t\tObservations de l&#8217;INAI \u00e0 propos du projet de loi organique relative \u00e0 la protection des donn\u00e9es personnelles\t\t<\/a>\n\t\t<\/h2>\t\t<div class=\"post-meta\">\n\n\t\t\t\t\t<\/div>\n\t\t\t<\/div>\n\t\n\t<\/article >\n\t<article class=\"post-2894 type-plaintes_avis has-post-thumbnail   listing-item listing-item-text listing-item-text-3 main-term-37\">\n\t\n\t<div class=\"item-inner\">\n\t\t<h2 class=\"title\">\t\t<a href=\"https:\/\/inai.tn\/fr\/plaintes_avis\/%d8%ad%d9%88%d9%84-%d8%a5%d8%a8%d8%af%d8%a7%d8%a1-%d8%a7%d9%84%d8%b1%d8%a3%d9%8a-%d8%a8%d8%ae%d8%b5%d9%88%d8%b5-%d8%a7%d9%84%d9%85%d8%ac%d9%84%d8%a9-%d8%a7%d9%84%d8%b1%d9%82%d9%85%d9%8a%d8%a9\/\" class=\"post-title post-url\">\n\t\t\tAvis de l&#8217;INAI \u00e0 propos du code num\u00e9rique\t\t<\/a>\n\t\t<\/h2>\t\t<div class=\"post-meta\">\n\n\t\t\t\t\t<\/div>\n\t\t\t<\/div>\n\t\n\t<\/article >\n\t<\/div>\n\t\t\t<\/div>\n\t\t<\/div>[\/vc_column][\/vc_row]<\/p>\n","protected":false},"excerpt":{"rendered":"<p>[vc_row][vc_column][vc_column_text][\/vc_column_text][\/vc_column][\/vc_row]<\/p>\n","protected":false},"author":1,"featured_media":0,"parent":0,"menu_order":0,"comment_status":"closed","ping_status":"closed","template":"","meta":[],"acf":[],"yoast_head":"<!-- This site is optimized with the Yoast SEO plugin v19.7.1 - https:\/\/yoast.com\/wordpress\/plugins\/seo\/ -->\n<title>Avis de l\u2019INAI - \u0647\u064a\u0626\u0629 \u0627\u0644\u0646\u0641\u0627\u0630 \u0625\u0644\u0649 \u0627\u0644\u0645\u0639\u0644\u0648\u0645\u0629 \u0641\u064a \u062a\u0648\u0646\u0633<\/title>\n<meta name=\"robots\" content=\"index, follow, max-snippet:-1, max-image-preview:large, max-video-preview:-1\" \/>\n<link rel=\"canonical\" href=\"https:\/\/inai.tn\/fr\/avis-du-conseil\/\" \/>\n<meta property=\"og:locale\" content=\"fr_FR\" \/>\n<meta property=\"og:type\" content=\"article\" \/>\n<meta property=\"og:title\" content=\"Avis de l\u2019INAI - \u0647\u064a\u0626\u0629 \u0627\u0644\u0646\u0641\u0627\u0630 \u0625\u0644\u0649 \u0627\u0644\u0645\u0639\u0644\u0648\u0645\u0629 \u0641\u064a \u062a\u0648\u0646\u0633\" \/>\n<meta property=\"og:description\" content=\"[vc_row][vc_column][vc_column_text][\/vc_column_text][\/vc_column][\/vc_row]\" \/>\n<meta property=\"og:url\" content=\"https:\/\/inai.tn\/fr\/avis-du-conseil\/\" \/>\n<meta property=\"og:site_name\" content=\"\u0647\u064a\u0626\u0629 \u0627\u0644\u0646\u0641\u0627\u0630 \u0625\u0644\u0649 \u0627\u0644\u0645\u0639\u0644\u0648\u0645\u0629 \u0641\u064a \u062a\u0648\u0646\u0633\" \/>\n<meta property=\"article:modified_time\" content=\"2018-11-26T21:17:47+00:00\" \/>\n<meta name=\"twitter:card\" content=\"summary_large_image\" \/>\n<meta name=\"twitter:label1\" content=\"Dur\u00e9e de lecture estim\u00e9e\" \/>\n\t<meta name=\"twitter:data1\" content=\"1 minute\" \/>\n<script type=\"application\/ld+json\" class=\"yoast-schema-graph\">{\"@context\":\"https:\/\/schema.org\",\"@graph\":[{\"@type\":\"WebPage\",\"@id\":\"https:\/\/inai.tn\/fr\/avis-du-conseil\/\",\"url\":\"https:\/\/inai.tn\/fr\/avis-du-conseil\/\",\"name\":\"Avis de l\u2019INAI - \u0647\u064a\u0626\u0629 \u0627\u0644\u0646\u0641\u0627\u0630 \u0625\u0644\u0649 \u0627\u0644\u0645\u0639\u0644\u0648\u0645\u0629 \u0641\u064a \u062a\u0648\u0646\u0633\",\"isPartOf\":{\"@id\":\"https:\/\/inai.tn\/#website\"},\"datePublished\":\"2018-08-02T10:14:25+00:00\",\"dateModified\":\"2018-11-26T21:17:47+00:00\",\"breadcrumb\":{\"@id\":\"https:\/\/inai.tn\/fr\/avis-du-conseil\/#breadcrumb\"},\"inLanguage\":\"fr-FR\",\"potentialAction\":[{\"@type\":\"ReadAction\",\"target\":[\"https:\/\/inai.tn\/fr\/avis-du-conseil\/\"]}]},{\"@type\":\"BreadcrumbList\",\"@id\":\"https:\/\/inai.tn\/fr\/avis-du-conseil\/#breadcrumb\",\"itemListElement\":[{\"@type\":\"ListItem\",\"position\":1,\"name\":\"Accueil\",\"item\":\"https:\/\/inai.tn\/fr\/\"},{\"@type\":\"ListItem\",\"position\":2,\"name\":\"Avis de l\u2019INAI\"}]},{\"@type\":\"WebSite\",\"@id\":\"https:\/\/inai.tn\/#website\",\"url\":\"https:\/\/inai.tn\/\",\"name\":\"INAI\",\"description\":\"\u0627\u0644\u0646\u0641\u0627\u0630 \u0625\u0644\u0649 \u0627\u0644\u0645\u0639\u0644\u0648\u0645\u0629 \u062d\u0642 \u062f\u0633\u062a\u0648\u0631\u064a\",\"publisher\":{\"@id\":\"https:\/\/inai.tn\/#organization\"},\"potentialAction\":[{\"@type\":\"SearchAction\",\"target\":{\"@type\":\"EntryPoint\",\"urlTemplate\":\"https:\/\/inai.tn\/?s={search_term_string}\"},\"query-input\":\"required name=search_term_string\"}],\"inLanguage\":\"fr-FR\"},{\"@type\":\"Organization\",\"@id\":\"https:\/\/inai.tn\/#organization\",\"name\":\"Instance d'Acc\u00e8s \u00e0 l'Information (INAI)\",\"url\":\"https:\/\/inai.tn\/\",\"sameAs\":[],\"logo\":{\"@type\":\"ImageObject\",\"inLanguage\":\"fr-FR\",\"@id\":\"https:\/\/inai.tn\/#\/schema\/logo\/image\/\",\"url\":\"http:\/\/localhost\/wp-content\/uploads\/2018\/10\/logo-inai-2.png\",\"contentUrl\":\"http:\/\/localhost\/wp-content\/uploads\/2018\/10\/logo-inai-2.png\",\"width\":140,\"height\":57,\"caption\":\"Instance d'Acc\u00e8s \u00e0 l'Information (INAI)\"},\"image\":{\"@id\":\"https:\/\/inai.tn\/#\/schema\/logo\/image\/\"}}]}<\/script>\n<!-- \/ Yoast SEO plugin. -->","yoast_head_json":{"title":"Avis de l\u2019INAI - \u0647\u064a\u0626\u0629 \u0627\u0644\u0646\u0641\u0627\u0630 \u0625\u0644\u0649 \u0627\u0644\u0645\u0639\u0644\u0648\u0645\u0629 \u0641\u064a \u062a\u0648\u0646\u0633","robots":{"index":"index","follow":"follow","max-snippet":"max-snippet:-1","max-image-preview":"max-image-preview:large","max-video-preview":"max-video-preview:-1"},"canonical":"https:\/\/inai.tn\/fr\/avis-du-conseil\/","og_locale":"fr_FR","og_type":"article","og_title":"Avis de l\u2019INAI - \u0647\u064a\u0626\u0629 \u0627\u0644\u0646\u0641\u0627\u0630 \u0625\u0644\u0649 \u0627\u0644\u0645\u0639\u0644\u0648\u0645\u0629 \u0641\u064a \u062a\u0648\u0646\u0633","og_description":"[vc_row][vc_column][vc_column_text][\/vc_column_text][\/vc_column][\/vc_row]","og_url":"https:\/\/inai.tn\/fr\/avis-du-conseil\/","og_site_name":"\u0647\u064a\u0626\u0629 \u0627\u0644\u0646\u0641\u0627\u0630 \u0625\u0644\u0649 \u0627\u0644\u0645\u0639\u0644\u0648\u0645\u0629 \u0641\u064a \u062a\u0648\u0646\u0633","article_modified_time":"2018-11-26T21:17:47+00:00","twitter_card":"summary_large_image","twitter_misc":{"Dur\u00e9e de lecture estim\u00e9e":"1 minute"},"schema":{"@context":"https:\/\/schema.org","@graph":[{"@type":"WebPage","@id":"https:\/\/inai.tn\/fr\/avis-du-conseil\/","url":"https:\/\/inai.tn\/fr\/avis-du-conseil\/","name":"Avis de l\u2019INAI - \u0647\u064a\u0626\u0629 \u0627\u0644\u0646\u0641\u0627\u0630 \u0625\u0644\u0649 \u0627\u0644\u0645\u0639\u0644\u0648\u0645\u0629 \u0641\u064a \u062a\u0648\u0646\u0633","isPartOf":{"@id":"https:\/\/inai.tn\/#website"},"datePublished":"2018-08-02T10:14:25+00:00","dateModified":"2018-11-26T21:17:47+00:00","breadcrumb":{"@id":"https:\/\/inai.tn\/fr\/avis-du-conseil\/#breadcrumb"},"inLanguage":"fr-FR","potentialAction":[{"@type":"ReadAction","target":["https:\/\/inai.tn\/fr\/avis-du-conseil\/"]}]},{"@type":"BreadcrumbList","@id":"https:\/\/inai.tn\/fr\/avis-du-conseil\/#breadcrumb","itemListElement":[{"@type":"ListItem","position":1,"name":"Accueil","item":"https:\/\/inai.tn\/fr\/"},{"@type":"ListItem","position":2,"name":"Avis de l\u2019INAI"}]},{"@type":"WebSite","@id":"https:\/\/inai.tn\/#website","url":"https:\/\/inai.tn\/","name":"INAI","description":"\u0627\u0644\u0646\u0641\u0627\u0630 \u0625\u0644\u0649 \u0627\u0644\u0645\u0639\u0644\u0648\u0645\u0629 \u062d\u0642 \u062f\u0633\u062a\u0648\u0631\u064a","publisher":{"@id":"https:\/\/inai.tn\/#organization"},"potentialAction":[{"@type":"SearchAction","target":{"@type":"EntryPoint","urlTemplate":"https:\/\/inai.tn\/?s={search_term_string}"},"query-input":"required name=search_term_string"}],"inLanguage":"fr-FR"},{"@type":"Organization","@id":"https:\/\/inai.tn\/#organization","name":"Instance d'Acc\u00e8s \u00e0 l'Information (INAI)","url":"https:\/\/inai.tn\/","sameAs":[],"logo":{"@type":"ImageObject","inLanguage":"fr-FR","@id":"https:\/\/inai.tn\/#\/schema\/logo\/image\/","url":"http:\/\/localhost\/wp-content\/uploads\/2018\/10\/logo-inai-2.png","contentUrl":"http:\/\/localhost\/wp-content\/uploads\/2018\/10\/logo-inai-2.png","width":140,"height":57,"caption":"Instance d'Acc\u00e8s \u00e0 l'Information (INAI)"},"image":{"@id":"https:\/\/inai.tn\/#\/schema\/logo\/image\/"}}]}},"_links":{"self":[{"href":"https:\/\/inai.tn\/fr\/wp-json\/wp\/v2\/pages\/2183"}],"collection":[{"href":"https:\/\/inai.tn\/fr\/wp-json\/wp\/v2\/pages"}],"about":[{"href":"https:\/\/inai.tn\/fr\/wp-json\/wp\/v2\/types\/page"}],"author":[{"embeddable":true,"href":"https:\/\/inai.tn\/fr\/wp-json\/wp\/v2\/users\/1"}],"replies":[{"embeddable":true,"href":"https:\/\/inai.tn\/fr\/wp-json\/wp\/v2\/comments?post=2183"}],"version-history":[{"count":1,"href":"https:\/\/inai.tn\/fr\/wp-json\/wp\/v2\/pages\/2183\/revisions"}],"predecessor-version":[{"id":26919,"href":"https:\/\/inai.tn\/fr\/wp-json\/wp\/v2\/pages\/2183\/revisions\/26919"}],"wp:attachment":[{"href":"https:\/\/inai.tn\/fr\/wp-json\/wp\/v2\/media?parent=2183"}],"curies":[{"name":"wp","href":"https:\/\/api.w.org\/{rel}","templated":true}]}}