{"id":2172,"date":"2018-09-05T22:04:25","date_gmt":"2018-09-05T20:04:25","guid":{"rendered":"http:\/\/www.inai.tn\/actualites\/"},"modified":"2019-09-26T08:57:55","modified_gmt":"2019-09-26T07:57:55","slug":"actualites","status":"publish","type":"page","link":"https:\/\/inai.tn\/fr\/actualites\/","title":{"rendered":"Nouvelles"},"content":{"rendered":"<p>[vc_row][vc_column]<div class=\" bs-listing bs-listing-listing-thumbnail-1 bs-listing-single-tab pagination-animate\">\t\t<div class=\"bs-pagination-wrapper main-term-4 next_prev bs-slider-first-item\">\n\t\t\t<div class=\"listing listing-thumbnail listing-tb-1 clearfix columns-1\">\n\t\t<article class=\"post-26230 type-post format-standard has-post-thumbnail   listing-item listing-item-thumbnail listing-item-tb-1 main-term-33\">\n\t<div class=\"item-inner clearfix\">\n\t\t\t\t\t<div class=\"featured\">\n\t\t\t\t<a  title=\"C\u00e9l\u00e9bration de la Journ\u00e9e Internationale de l&#8217;Acc\u00e8s Universel \u00e0 l&#8217;Information 2022\" data-src=\"https:\/\/inai.tn\/wp-content\/uploads\/2022\/10\/invitation-francais_1-86x64.jpg\" data-bs-srcset=\"{&quot;baseurl&quot;:&quot;https:\\\/\\\/inai.tn\\\/wp-content\\\/uploads\\\/2022\\\/10\\\/&quot;,&quot;sizes&quot;:{&quot;86&quot;:&quot;invitation-francais_1-86x64.jpg&quot;,&quot;210&quot;:&quot;invitation-francais_1-210x136.jpg&quot;,&quot;497&quot;:&quot;invitation-francais_1.jpg&quot;}}\"\t\t\t\t\t\tclass=\"img-holder\" href=\"https:\/\/inai.tn\/fr\/celebration-de-la-journee-internationale-de-lacces-universel-a-linformation-2022\/\"><\/a>\n\t\t\t\t\t\t\t<\/div>\n\t\t<h2 class=\"title\">\t\t<a href=\"https:\/\/inai.tn\/fr\/celebration-de-la-journee-internationale-de-lacces-universel-a-linformation-2022\/\" class=\"post-url post-title\">\n\t\t\tC\u00e9l\u00e9bration de la Journ\u00e9e Internationale de l&#8217;Acc\u00e8s Universel \u00e0 l&#8217;Information&hellip;\t\t<\/a>\n\t\t<\/h2>\t\t<div class=\"post-meta\">\n\n\t\t\t\t\t\t\t<span class=\"time\"><time class=\"post-published updated\"\n\t\t\t\t                         datetime=\"2022-10-05T11:13:35+01:00\">5 Oct, 2022<\/time><\/span>\n\t\t\t\t\t\t<\/div>\n\t\t\t<\/div>\n\t<\/article >\n\t<article class=\"post-26199 type-post format-standard has-post-thumbnail   listing-item listing-item-thumbnail listing-item-tb-1 main-term-51\">\n\t<div class=\"item-inner clearfix\">\n\t\t\t\t\t<div class=\"featured\">\n\t\t\t\t<a  title=\"Guide de Conciliation Pratique\" data-src=\"https:\/\/inai.tn\/wp-content\/uploads\/2022\/10\/preface_fr-86x64.png\" data-bs-srcset=\"{&quot;baseurl&quot;:&quot;https:\\\/\\\/inai.tn\\\/wp-content\\\/uploads\\\/2022\\\/10\\\/&quot;,&quot;sizes&quot;:{&quot;86&quot;:&quot;preface_fr-86x64.png&quot;,&quot;210&quot;:&quot;preface_fr-210x136.png&quot;,&quot;636&quot;:&quot;preface_fr.png&quot;}}\"\t\t\t\t\t\tclass=\"img-holder\" href=\"https:\/\/inai.tn\/fr\/guide-de-conciliation-pratique\/\"><\/a>\n\t\t\t\t\t\t\t<\/div>\n\t\t<h2 class=\"title\">\t\t<a href=\"https:\/\/inai.tn\/fr\/guide-de-conciliation-pratique\/\" class=\"post-url post-title\">\n\t\t\tGuide de Conciliation Pratique\t\t<\/a>\n\t\t<\/h2>\t\t<div class=\"post-meta\">\n\n\t\t\t\t\t\t\t<span class=\"time\"><time class=\"post-published updated\"\n\t\t\t\t                         datetime=\"2022-10-05T11:05:39+01:00\">5 Oct, 2022<\/time><\/span>\n\t\t\t\t\t\t<\/div>\n\t\t\t<\/div>\n\t<\/article >\n\t<article class=\"post-26212 type-post format-standard has-post-thumbnail   listing-item listing-item-thumbnail listing-item-tb-1 main-term-33\">\n\t<div class=\"item-inner clearfix\">\n\t\t\t\t\t<div class=\"featured\">\n\t\t\t\t<a  title=\"Programme de la c\u00e9l\u00e9bration de la Journ\u00e9e Internationale de l&#8217;Acc\u00e8s Universel \u00e0 l&#8217;Information 2022\" data-src=\"https:\/\/inai.tn\/wp-content\/uploads\/2018\/09\/placeholder-86x64.png\" data-bs-srcset=\"{&quot;baseurl&quot;:&quot;https:\\\/\\\/inai.tn\\\/wp-content\\\/uploads\\\/2018\\\/09\\\/&quot;,&quot;sizes&quot;:{&quot;86&quot;:&quot;placeholder-86x64.png&quot;,&quot;210&quot;:&quot;placeholder-210x136.png&quot;,&quot;300&quot;:&quot;placeholder.png&quot;}}\"\t\t\t\t\t\tclass=\"img-holder\" href=\"https:\/\/inai.tn\/fr\/programme-de-la-celebration-de-la-journee-internationale-de-lacces-a-linformation-2022\/\"><\/a>\n\t\t\t\t\t\t\t<\/div>\n\t\t<h2 class=\"title\">\t\t<a href=\"https:\/\/inai.tn\/fr\/programme-de-la-celebration-de-la-journee-internationale-de-lacces-a-linformation-2022\/\" class=\"post-url post-title\">\n\t\t\tProgramme de la c\u00e9l\u00e9bration de la Journ\u00e9e Internationale de l&#8217;Acc\u00e8s Universel \u00e0&hellip;\t\t<\/a>\n\t\t<\/h2>\t\t<div class=\"post-meta\">\n\n\t\t\t\t\t\t\t<span class=\"time\"><time class=\"post-published updated\"\n\t\t\t\t                         datetime=\"2022-10-03T17:24:44+01:00\">3 Oct, 2022<\/time><\/span>\n\t\t\t\t\t\t<\/div>\n\t\t\t<\/div>\n\t<\/article >\n\t<article class=\"post-10568 type-post format-standard has-post-thumbnail   listing-item listing-item-thumbnail listing-item-tb-1 main-term-33\">\n\t<div class=\"item-inner clearfix\">\n\t\t\t\t\t<div class=\"featured\">\n\t\t\t\t<a  title=\"Appel d&#8217;offres : Prestations de services pour la r\u00e9alisation d\u2019une mission d\u2019expertise pour la modernisation du syst\u00e8me d\u2019information (SI) de l\u2019INAI\" data-src=\"https:\/\/inai.tn\/wp-content\/uploads\/2020\/09\/appel-doffres-86x64.jpg\" data-bs-srcset=\"{&quot;baseurl&quot;:&quot;https:\\\/\\\/inai.tn\\\/wp-content\\\/uploads\\\/2020\\\/09\\\/&quot;,&quot;sizes&quot;:{&quot;86&quot;:&quot;appel-doffres-86x64.jpg&quot;,&quot;210&quot;:&quot;appel-doffres-210x136.jpg&quot;,&quot;870&quot;:&quot;appel-doffres.jpg&quot;}}\"\t\t\t\t\t\tclass=\"img-holder\" href=\"https:\/\/inai.tn\/fr\/appel-d-offres-mission-d-expertise-data-center-inai\/\"><\/a>\n\t\t\t\t\t\t\t<\/div>\n\t\t<h2 class=\"title\">\t\t<a href=\"https:\/\/inai.tn\/fr\/appel-d-offres-mission-d-expertise-data-center-inai\/\" class=\"post-url post-title\">\n\t\t\tAppel d&#8217;offres : Prestations de services pour la r\u00e9alisation d\u2019une mission&hellip;\t\t<\/a>\n\t\t<\/h2>\t\t<div class=\"post-meta\">\n\n\t\t\t\t\t\t\t<span class=\"time\"><time class=\"post-published updated\"\n\t\t\t\t                         datetime=\"2020-09-16T11:56:00+01:00\">16 Sep, 2020<\/time><\/span>\n\t\t\t\t\t\t<\/div>\n\t\t\t<\/div>\n\t<\/article >\n\t<article class=\"post-10539 type-post format-standard has-post-thumbnail   listing-item listing-item-thumbnail listing-item-tb-1 main-term-33\">\n\t<div class=\"item-inner clearfix\">\n\t\t\t\t\t<div class=\"featured\">\n\t\t\t\t<a  title=\"Derni\u00e8re publication de l\u2019INAI :\" data-src=\"https:\/\/inai.tn\/wp-content\/uploads\/2020\/09\/Jurisprudence_FR_1-86x64.png\" data-bs-srcset=\"{&quot;baseurl&quot;:&quot;https:\\\/\\\/inai.tn\\\/wp-content\\\/uploads\\\/2020\\\/09\\\/&quot;,&quot;sizes&quot;:{&quot;86&quot;:&quot;Jurisprudence_FR_1-86x64.png&quot;,&quot;210&quot;:&quot;Jurisprudence_FR_1-210x136.png&quot;,&quot;649&quot;:&quot;Jurisprudence_FR_1.png&quot;}}\"\t\t\t\t\t\tclass=\"img-holder\" href=\"https:\/\/inai.tn\/fr\/recueil-de-jurisprudence-de-l-instance-d-acces-a-l-information\/\"><\/a>\n\t\t\t\t\t\t\t<\/div>\n\t\t<h2 class=\"title\">\t\t<a href=\"https:\/\/inai.tn\/fr\/recueil-de-jurisprudence-de-l-instance-d-acces-a-l-information\/\" class=\"post-url post-title\">\n\t\t\tDerni\u00e8re publication de l\u2019INAI :\t\t<\/a>\n\t\t<\/h2>\t\t<div class=\"post-meta\">\n\n\t\t\t\t\t\t\t<span class=\"time\"><time class=\"post-published updated\"\n\t\t\t\t                         datetime=\"2020-09-16T11:17:09+01:00\">16 Sep, 2020<\/time><\/span>\n\t\t\t\t\t\t<\/div>\n\t\t\t<\/div>\n\t<\/article >\n\t<article class=\"post-10369 type-post format-standard has-post-thumbnail   listing-item listing-item-thumbnail listing-item-tb-1 main-term-33\">\n\t<div class=\"item-inner clearfix\">\n\t\t\t\t\t<div class=\"featured\">\n\t\t\t\t<a  title=\"Le Conseil de l&#8217;Europe continue son travail avec l&#8217;Instance d\u2019Acc\u00e8s \u00e0 l\u2019Information (INAI).\" data-src=\"https:\/\/inai.tn\/wp-content\/uploads\/2020\/07\/106911610_2755352221347524_4710123591537942791_o-1-86x64.jpg\" data-bs-srcset=\"{&quot;baseurl&quot;:&quot;https:\\\/\\\/inai.tn\\\/wp-content\\\/uploads\\\/2020\\\/07\\\/&quot;,&quot;sizes&quot;:{&quot;86&quot;:&quot;106911610_2755352221347524_4710123591537942791_o-1-86x64.jpg&quot;,&quot;210&quot;:&quot;106911610_2755352221347524_4710123591537942791_o-1-210x136.jpg&quot;,&quot;1853&quot;:&quot;106911610_2755352221347524_4710123591537942791_o-1.jpg&quot;}}\"\t\t\t\t\t\tclass=\"img-holder\" href=\"https:\/\/inai.tn\/fr\/paii-t-conseil-de-leurope-inai-le-conseil-de-l-europe-continue-son-travail-avec-linstance-dacces-a-linformation\/\"><\/a>\n\t\t\t\t\t\t\t<\/div>\n\t\t<h2 class=\"title\">\t\t<a href=\"https:\/\/inai.tn\/fr\/paii-t-conseil-de-leurope-inai-le-conseil-de-l-europe-continue-son-travail-avec-linstance-dacces-a-linformation\/\" class=\"post-url post-title\">\n\t\t\tLe Conseil de l&#8217;Europe continue son travail avec l&#8217;Instance d\u2019Acc\u00e8s \u00e0&hellip;\t\t<\/a>\n\t\t<\/h2>\t\t<div class=\"post-meta\">\n\n\t\t\t\t\t\t\t<span class=\"time\"><time class=\"post-published updated\"\n\t\t\t\t                         datetime=\"2020-07-08T13:44:20+01:00\">8 Juil, 2020<\/time><\/span>\n\t\t\t\t\t\t<\/div>\n\t\t\t<\/div>\n\t<\/article >\n\t<article class=\"post-9210 type-post format-standard has-post-thumbnail   listing-item listing-item-thumbnail listing-item-tb-1 main-term-33\">\n\t<div class=\"item-inner clearfix\">\n\t\t\t\t\t<div class=\"featured\">\n\t\t\t\t<a  title=\"Le Pr\u00e9sident de l&#8217;INAI pr\u00e9sente le premier rapport annuel au Pr\u00e9sident de la R\u00e9publique\" data-src=\"https:\/\/inai.tn\/wp-content\/uploads\/2020\/03\/pr\u00e9sident_kais_saied-86x64.jpg\" data-bs-srcset=\"{&quot;baseurl&quot;:&quot;https:\\\/\\\/inai.tn\\\/wp-content\\\/uploads\\\/2020\\\/03\\\/&quot;,&quot;sizes&quot;:{&quot;86&quot;:&quot;pr\\u00e9sident_kais_saied-86x64.jpg&quot;,&quot;210&quot;:&quot;pr\\u00e9sident_kais_saied-210x136.jpg&quot;,&quot;651&quot;:&quot;pr\\u00e9sident_kais_saied.jpg&quot;}}\"\t\t\t\t\t\tclass=\"img-holder\" href=\"https:\/\/inai.tn\/fr\/le-president-de-linai-presente-le-premier-rapport-annuel-au-president-de-la-republique\/\"><\/a>\n\t\t\t\t\t\t\t<\/div>\n\t\t<h2 class=\"title\">\t\t<a href=\"https:\/\/inai.tn\/fr\/le-president-de-linai-presente-le-premier-rapport-annuel-au-president-de-la-republique\/\" class=\"post-url post-title\">\n\t\t\tLe Pr\u00e9sident de l&#8217;INAI pr\u00e9sente le premier rapport annuel au Pr\u00e9sident de la&hellip;\t\t<\/a>\n\t\t<\/h2>\t\t<div class=\"post-meta\">\n\n\t\t\t\t\t\t\t<span class=\"time\"><time class=\"post-published updated\"\n\t\t\t\t                         datetime=\"2020-03-02T18:07:23+01:00\">2 Mar, 2020<\/time><\/span>\n\t\t\t\t\t\t<\/div>\n\t\t\t<\/div>\n\t<\/article >\n\t<article class=\"post-9200 type-post format-standard has-post-thumbnail   listing-item listing-item-thumbnail listing-item-tb-1 main-term-33\">\n\t<div class=\"item-inner clearfix\">\n\t\t\t\t\t<div class=\"featured\">\n\t\t\t\t<a  title=\"Le Pr\u00e9sident de l\u2019Instance pr\u00e9sente le premier rapport annuel au Pr\u00e9sident de l\u2019ARP\" data-src=\"https:\/\/inai.tn\/wp-content\/uploads\/2020\/02\/86658486_797637204080680_7130272523182145536_n-86x64.jpg\" data-bs-srcset=\"{&quot;baseurl&quot;:&quot;https:\\\/\\\/inai.tn\\\/wp-content\\\/uploads\\\/2020\\\/02\\\/&quot;,&quot;sizes&quot;:{&quot;86&quot;:&quot;86658486_797637204080680_7130272523182145536_n-86x64.jpg&quot;,&quot;210&quot;:&quot;86658486_797637204080680_7130272523182145536_n-210x136.jpg&quot;,&quot;960&quot;:&quot;86658486_797637204080680_7130272523182145536_n.jpg&quot;}}\"\t\t\t\t\t\tclass=\"img-holder\" href=\"https:\/\/inai.tn\/fr\/le-president-de-linstance-presente-le-premier-rapport-annuel-au-president-de-larp\/\"><\/a>\n\t\t\t\t\t\t\t<\/div>\n\t\t<h2 class=\"title\">\t\t<a href=\"https:\/\/inai.tn\/fr\/le-president-de-linstance-presente-le-premier-rapport-annuel-au-president-de-larp\/\" class=\"post-url post-title\">\n\t\t\tLe Pr\u00e9sident de l\u2019Instance pr\u00e9sente le premier rapport annuel au Pr\u00e9sident de l\u2019ARP\t\t<\/a>\n\t\t<\/h2>\t\t<div class=\"post-meta\">\n\n\t\t\t\t\t\t\t<span class=\"time\"><time class=\"post-published updated\"\n\t\t\t\t                         datetime=\"2020-03-02T17:33:23+01:00\">2 Mar, 2020<\/time><\/span>\n\t\t\t\t\t\t<\/div>\n\t\t\t<\/div>\n\t<\/article >\n\t<article class=\"post-8679 type-post format-standard has-post-thumbnail   listing-item listing-item-thumbnail listing-item-tb-1 main-term-33\">\n\t<div class=\"item-inner clearfix\">\n\t\t\t\t\t<div class=\"featured\">\n\t\t\t\t<a  title=\"Le pr\u00e9sident de l\u2019Instance nationale d\u2019acc\u00e8s \u00e0 l\u2019information, Imed Hazgui, \u00e0 La Presse : \u00abLe droit d\u2019acc\u00e8s \u00e0 l\u2019information, pierre angulaire de la d\u00e9mocratie\u00bb\" data-src=\"https:\/\/inai.tn\/wp-content\/uploads\/2020\/01\/IMED-1-86x64.jpg\" data-bs-srcset=\"{&quot;baseurl&quot;:&quot;https:\\\/\\\/inai.tn\\\/wp-content\\\/uploads\\\/2020\\\/01\\\/&quot;,&quot;sizes&quot;:{&quot;86&quot;:&quot;IMED-1-86x64.jpg&quot;,&quot;210&quot;:&quot;IMED-1-210x136.jpg&quot;,&quot;850&quot;:&quot;IMED-1.jpg&quot;}}\"\t\t\t\t\t\tclass=\"img-holder\" href=\"https:\/\/inai.tn\/fr\/le-president-de-linstance-nationale-dacces-a-linformation-imed-hazgui-a-la-presse-le-droit-dacces-a-linformation-pierre-angulaire-de-la-democrat\/\"><\/a>\n\t\t\t\t\t\t\t<\/div>\n\t\t<h2 class=\"title\">\t\t<a href=\"https:\/\/inai.tn\/fr\/le-president-de-linstance-nationale-dacces-a-linformation-imed-hazgui-a-la-presse-le-droit-dacces-a-linformation-pierre-angulaire-de-la-democrat\/\" class=\"post-url post-title\">\n\t\t\tLe pr\u00e9sident de l\u2019Instance nationale d\u2019acc\u00e8s \u00e0 l\u2019information, Imed Hazgui, \u00e0 La Presse :&hellip;\t\t<\/a>\n\t\t<\/h2>\t\t<div class=\"post-meta\">\n\n\t\t\t\t\t\t\t<span class=\"time\"><time class=\"post-published updated\"\n\t\t\t\t                         datetime=\"2020-01-20T10:23:54+01:00\">20 Jan, 2020<\/time><\/span>\n\t\t\t\t\t\t<\/div>\n\t\t\t<\/div>\n\t<\/article >\n\t<article class=\"post-8326 type-post format-standard has-post-thumbnail   listing-item listing-item-thumbnail listing-item-tb-1 main-term-33\">\n\t<div class=\"item-inner clearfix\">\n\t\t\t\t\t<div class=\"featured\">\n\t\t\t\t<a  title=\"Le Pr\u00e9sident de l\u2019INAI pr\u00e9sente le premier rapport annuel au chef du Gouvernement\" data-src=\"https:\/\/inai.tn\/wp-content\/uploads\/2019\/12\/rapport-86x64.jpg\" data-bs-srcset=\"{&quot;baseurl&quot;:&quot;https:\\\/\\\/inai.tn\\\/wp-content\\\/uploads\\\/2019\\\/12\\\/&quot;,&quot;sizes&quot;:{&quot;86&quot;:&quot;rapport-86x64.jpg&quot;,&quot;210&quot;:&quot;rapport-210x136.jpg&quot;,&quot;2048&quot;:&quot;rapport.jpg&quot;}}\"\t\t\t\t\t\tclass=\"img-holder\" href=\"https:\/\/inai.tn\/fr\/%d8%b1%d8%a6%d9%8a%d8%b3-%d8%a7%d9%84%d9%87%d9%8a%d8%a6%d8%a9-%d9%8a%d9%82%d8%af%d9%85-%d8%a7%d9%84%d8%aa%d9%82%d8%b1%d9%8a%d8%b1-%d8%a7%d9%84%d8%b3%d9%86%d9%88%d9%8a-%d8%a7%d9%84%d8%a3%d9%88%d9%84\/\"><\/a>\n\t\t\t\t\t\t\t<\/div>\n\t\t<h2 class=\"title\">\t\t<a href=\"https:\/\/inai.tn\/fr\/%d8%b1%d8%a6%d9%8a%d8%b3-%d8%a7%d9%84%d9%87%d9%8a%d8%a6%d8%a9-%d9%8a%d9%82%d8%af%d9%85-%d8%a7%d9%84%d8%aa%d9%82%d8%b1%d9%8a%d8%b1-%d8%a7%d9%84%d8%b3%d9%86%d9%88%d9%8a-%d8%a7%d9%84%d8%a3%d9%88%d9%84\/\" class=\"post-url post-title\">\n\t\t\tLe Pr\u00e9sident de l\u2019INAI pr\u00e9sente le premier rapport annuel au chef du Gouvernement\t\t<\/a>\n\t\t<\/h2>\t\t<div class=\"post-meta\">\n\n\t\t\t\t\t\t\t<span class=\"time\"><time class=\"post-published updated\"\n\t\t\t\t                         datetime=\"2019-12-31T14:28:27+01:00\">31 D\u00e9c, 2019<\/time><\/span>\n\t\t\t\t\t\t<\/div>\n\t\t\t<\/div>\n\t<\/article >\n\t<\/div>\n\t\t\t<\/div>\n\t\t<div class=\"bs-pagination bs-ajax-pagination next_prev main-term-4 clearfix\">\n\t\t\t<script>var bs_ajax_paginate_377298341 = '{\"query\":{\"category\":\"4,5\",\"tag\":\"\",\"taxonomy\":\"\",\"post_ids\":\"\",\"post_type\":\"\",\"count\":\"10\",\"order_by\":\"date\",\"order\":\"DESC\",\"time_filter\":\"\",\"offset\":\"\",\"style\":\"listing-thumbnail-1\",\"cats-tags-condition\":\"and\",\"cats-condition\":\"in\",\"tags-condition\":\"in\",\"featured_image\":\"0\",\"ignore_sticky_posts\":\"1\",\"author_ids\":\"\",\"disable_duplicate\":\"0\",\"ad-active\":\"0\",\"ad-after_each\":\"\",\"ad-type\":\"\",\"ad-banner\":\"none\",\"ad-campaign\":\"none\",\"ad-count\":\"\",\"ad-columns\":\"1\",\"ad-orderby\":\"date\",\"ad-order\":\"ASC\",\"ad-align\":\"left\",\"paginate\":\"next_prev\",\"pagination-show-label\":\"1\",\"columns\":\"1\",\"listing-settings\":{\"title-limit\":\"90\",\"subtitle\":\"0\",\"subtitle-limit\":\"0\",\"subtitle-location\":\"before-meta\",\"meta\":{\"show\":\"1\",\"author\":\"0\",\"date\":\"1\",\"date-format\":\"standard\",\"view\":\"0\",\"share\":\"0\",\"comment\":\"0\",\"review\":\"1\"}},\"override-listing-settings\":\"1\",\"_layout\":{\"state\":\"1|1|0\",\"page\":\"2-col-right\"}},\"type\":\"bs_post_listing\",\"view\":\"Publisher_Thumbnail_Listing_1_Shortcode\",\"current_page\":1,\"ajax_url\":\"\\\/wp-admin\\\/admin-ajax.php\",\"remove_duplicates\":\"0\",\"query-main-term\":\"4\",\"columns\":\"1\",\"paginate\":\"next_prev\",\"pagination-show-label\":\"1\",\"ad-active\":\"0\",\"ad-after_each\":\"\",\"ad-type\":\"\",\"ad-banner\":\"none\",\"ad-campaign\":\"none\",\"ad-count\":\"\",\"ad-columns\":\"1\",\"ad-orderby\":\"date\",\"ad-order\":\"ASC\",\"ad-align\":\"left\",\"override-listing-settings\":\"1\",\"listing-settings\":{\"title-limit\":\"90\",\"subtitle\":\"0\",\"subtitle-limit\":\"0\",\"subtitle-location\":\"before-meta\",\"meta\":{\"show\":\"1\",\"author\":\"0\",\"date\":\"1\",\"date-format\":\"standard\",\"view\":\"0\",\"share\":\"0\",\"comment\":\"0\",\"review\":\"1\"}},\"_layout\":{\"state\":\"1|1|0\",\"page\":\"2-col-right\"},\"_bs_pagin_token\":\"2ea7fb6\"}';<\/script>\t\t\t\t<a class=\"btn-bs-pagination prev disabled\" rel=\"prev\" data-id=\"377298341\"\n\t\t\t\t   title=\"pr\u00e9c\u00e9dent\">\n\t\t\t\t\t<i class=\"fa fa-angle-left\"\n\t\t\t\t\t   aria-hidden=\"true\"><\/i> Pr\u00e9c\u00e9dent\t\t\t\t<\/a>\n\t\t\t\t<a  rel=\"next\" class=\"btn-bs-pagination next\"\n\t\t\t\t   data-id=\"377298341\" title=\"Prochain\">\n\t\t\t\t\tSuivant <i\n\t\t\t\t\t\t\tclass=\"fa fa-angle-right\" aria-hidden=\"true\"><\/i>\n\t\t\t\t<\/a>\n\t\t\t\t\t\t\t\t<span class=\"bs-pagination-label label-light\">1 De 3<\/span>\n\t\t\t<\/div><\/div>[\/vc_column][\/vc_row]<\/p>\n","protected":false},"excerpt":{"rendered":"<p>[vc_row][vc_column][\/vc_column][\/vc_row]<\/p>\n","protected":false},"author":1,"featured_media":0,"parent":0,"menu_order":0,"comment_status":"closed","ping_status":"closed","template":"","meta":[],"acf":[],"yoast_head":"<!-- This site is optimized with the Yoast SEO plugin v19.7.1 - https:\/\/yoast.com\/wordpress\/plugins\/seo\/ -->\n<title>Nouvelles - \u0647\u064a\u0626\u0629 \u0627\u0644\u0646\u0641\u0627\u0630 \u0625\u0644\u0649 \u0627\u0644\u0645\u0639\u0644\u0648\u0645\u0629 \u0641\u064a \u062a\u0648\u0646\u0633<\/title>\n<meta name=\"robots\" content=\"index, follow, max-snippet:-1, max-image-preview:large, max-video-preview:-1\" \/>\n<link rel=\"canonical\" href=\"https:\/\/inai.tn\/fr\/actualites\/\" \/>\n<meta property=\"og:locale\" content=\"fr_FR\" \/>\n<meta property=\"og:type\" content=\"article\" \/>\n<meta property=\"og:title\" content=\"Nouvelles - \u0647\u064a\u0626\u0629 \u0627\u0644\u0646\u0641\u0627\u0630 \u0625\u0644\u0649 \u0627\u0644\u0645\u0639\u0644\u0648\u0645\u0629 \u0641\u064a \u062a\u0648\u0646\u0633\" \/>\n<meta property=\"og:description\" content=\"[vc_row][vc_column][\/vc_column][\/vc_row]\" \/>\n<meta property=\"og:url\" content=\"https:\/\/inai.tn\/fr\/actualites\/\" \/>\n<meta property=\"og:site_name\" content=\"\u0647\u064a\u0626\u0629 \u0627\u0644\u0646\u0641\u0627\u0630 \u0625\u0644\u0649 \u0627\u0644\u0645\u0639\u0644\u0648\u0645\u0629 \u0641\u064a \u062a\u0648\u0646\u0633\" \/>\n<meta property=\"article:modified_time\" content=\"2019-09-26T07:57:55+00:00\" \/>\n<meta name=\"twitter:card\" content=\"summary_large_image\" \/>\n<meta name=\"twitter:label1\" content=\"Dur\u00e9e de lecture estim\u00e9e\" \/>\n\t<meta name=\"twitter:data1\" content=\"1 minute\" \/>\n<script type=\"application\/ld+json\" class=\"yoast-schema-graph\">{\"@context\":\"https:\/\/schema.org\",\"@graph\":[{\"@type\":\"WebPage\",\"@id\":\"https:\/\/inai.tn\/fr\/actualites\/\",\"url\":\"https:\/\/inai.tn\/fr\/actualites\/\",\"name\":\"Nouvelles - \u0647\u064a\u0626\u0629 \u0627\u0644\u0646\u0641\u0627\u0630 \u0625\u0644\u0649 \u0627\u0644\u0645\u0639\u0644\u0648\u0645\u0629 \u0641\u064a \u062a\u0648\u0646\u0633\",\"isPartOf\":{\"@id\":\"https:\/\/inai.tn\/#website\"},\"datePublished\":\"2018-09-05T20:04:25+00:00\",\"dateModified\":\"2019-09-26T07:57:55+00:00\",\"breadcrumb\":{\"@id\":\"https:\/\/inai.tn\/fr\/actualites\/#breadcrumb\"},\"inLanguage\":\"fr-FR\",\"potentialAction\":[{\"@type\":\"ReadAction\",\"target\":[\"https:\/\/inai.tn\/fr\/actualites\/\"]}]},{\"@type\":\"BreadcrumbList\",\"@id\":\"https:\/\/inai.tn\/fr\/actualites\/#breadcrumb\",\"itemListElement\":[{\"@type\":\"ListItem\",\"position\":1,\"name\":\"Accueil\",\"item\":\"https:\/\/inai.tn\/fr\/\"},{\"@type\":\"ListItem\",\"position\":2,\"name\":\"Nouvelles\"}]},{\"@type\":\"WebSite\",\"@id\":\"https:\/\/inai.tn\/#website\",\"url\":\"https:\/\/inai.tn\/\",\"name\":\"INAI\",\"description\":\"\u0627\u0644\u0646\u0641\u0627\u0630 \u0625\u0644\u0649 \u0627\u0644\u0645\u0639\u0644\u0648\u0645\u0629 \u062d\u0642 \u062f\u0633\u062a\u0648\u0631\u064a\",\"publisher\":{\"@id\":\"https:\/\/inai.tn\/#organization\"},\"potentialAction\":[{\"@type\":\"SearchAction\",\"target\":{\"@type\":\"EntryPoint\",\"urlTemplate\":\"https:\/\/inai.tn\/?s={search_term_string}\"},\"query-input\":\"required name=search_term_string\"}],\"inLanguage\":\"fr-FR\"},{\"@type\":\"Organization\",\"@id\":\"https:\/\/inai.tn\/#organization\",\"name\":\"Instance d'Acc\u00e8s \u00e0 l'Information (INAI)\",\"url\":\"https:\/\/inai.tn\/\",\"sameAs\":[],\"logo\":{\"@type\":\"ImageObject\",\"inLanguage\":\"fr-FR\",\"@id\":\"https:\/\/inai.tn\/#\/schema\/logo\/image\/\",\"url\":\"http:\/\/localhost\/wp-content\/uploads\/2018\/10\/logo-inai-2.png\",\"contentUrl\":\"http:\/\/localhost\/wp-content\/uploads\/2018\/10\/logo-inai-2.png\",\"width\":140,\"height\":57,\"caption\":\"Instance d'Acc\u00e8s \u00e0 l'Information (INAI)\"},\"image\":{\"@id\":\"https:\/\/inai.tn\/#\/schema\/logo\/image\/\"}}]}<\/script>\n<!-- \/ Yoast SEO plugin. -->","yoast_head_json":{"title":"Nouvelles - \u0647\u064a\u0626\u0629 \u0627\u0644\u0646\u0641\u0627\u0630 \u0625\u0644\u0649 \u0627\u0644\u0645\u0639\u0644\u0648\u0645\u0629 \u0641\u064a \u062a\u0648\u0646\u0633","robots":{"index":"index","follow":"follow","max-snippet":"max-snippet:-1","max-image-preview":"max-image-preview:large","max-video-preview":"max-video-preview:-1"},"canonical":"https:\/\/inai.tn\/fr\/actualites\/","og_locale":"fr_FR","og_type":"article","og_title":"Nouvelles - \u0647\u064a\u0626\u0629 \u0627\u0644\u0646\u0641\u0627\u0630 \u0625\u0644\u0649 \u0627\u0644\u0645\u0639\u0644\u0648\u0645\u0629 \u0641\u064a \u062a\u0648\u0646\u0633","og_description":"[vc_row][vc_column][\/vc_column][\/vc_row]","og_url":"https:\/\/inai.tn\/fr\/actualites\/","og_site_name":"\u0647\u064a\u0626\u0629 \u0627\u0644\u0646\u0641\u0627\u0630 \u0625\u0644\u0649 \u0627\u0644\u0645\u0639\u0644\u0648\u0645\u0629 \u0641\u064a \u062a\u0648\u0646\u0633","article_modified_time":"2019-09-26T07:57:55+00:00","twitter_card":"summary_large_image","twitter_misc":{"Dur\u00e9e de lecture estim\u00e9e":"1 minute"},"schema":{"@context":"https:\/\/schema.org","@graph":[{"@type":"WebPage","@id":"https:\/\/inai.tn\/fr\/actualites\/","url":"https:\/\/inai.tn\/fr\/actualites\/","name":"Nouvelles - \u0647\u064a\u0626\u0629 \u0627\u0644\u0646\u0641\u0627\u0630 \u0625\u0644\u0649 \u0627\u0644\u0645\u0639\u0644\u0648\u0645\u0629 \u0641\u064a \u062a\u0648\u0646\u0633","isPartOf":{"@id":"https:\/\/inai.tn\/#website"},"datePublished":"2018-09-05T20:04:25+00:00","dateModified":"2019-09-26T07:57:55+00:00","breadcrumb":{"@id":"https:\/\/inai.tn\/fr\/actualites\/#breadcrumb"},"inLanguage":"fr-FR","potentialAction":[{"@type":"ReadAction","target":["https:\/\/inai.tn\/fr\/actualites\/"]}]},{"@type":"BreadcrumbList","@id":"https:\/\/inai.tn\/fr\/actualites\/#breadcrumb","itemListElement":[{"@type":"ListItem","position":1,"name":"Accueil","item":"https:\/\/inai.tn\/fr\/"},{"@type":"ListItem","position":2,"name":"Nouvelles"}]},{"@type":"WebSite","@id":"https:\/\/inai.tn\/#website","url":"https:\/\/inai.tn\/","name":"INAI","description":"\u0627\u0644\u0646\u0641\u0627\u0630 \u0625\u0644\u0649 \u0627\u0644\u0645\u0639\u0644\u0648\u0645\u0629 \u062d\u0642 \u062f\u0633\u062a\u0648\u0631\u064a","publisher":{"@id":"https:\/\/inai.tn\/#organization"},"potentialAction":[{"@type":"SearchAction","target":{"@type":"EntryPoint","urlTemplate":"https:\/\/inai.tn\/?s={search_term_string}"},"query-input":"required name=search_term_string"}],"inLanguage":"fr-FR"},{"@type":"Organization","@id":"https:\/\/inai.tn\/#organization","name":"Instance d'Acc\u00e8s \u00e0 l'Information (INAI)","url":"https:\/\/inai.tn\/","sameAs":[],"logo":{"@type":"ImageObject","inLanguage":"fr-FR","@id":"https:\/\/inai.tn\/#\/schema\/logo\/image\/","url":"http:\/\/localhost\/wp-content\/uploads\/2018\/10\/logo-inai-2.png","contentUrl":"http:\/\/localhost\/wp-content\/uploads\/2018\/10\/logo-inai-2.png","width":140,"height":57,"caption":"Instance d'Acc\u00e8s \u00e0 l'Information (INAI)"},"image":{"@id":"https:\/\/inai.tn\/#\/schema\/logo\/image\/"}}]}},"_links":{"self":[{"href":"https:\/\/inai.tn\/fr\/wp-json\/wp\/v2\/pages\/2172"}],"collection":[{"href":"https:\/\/inai.tn\/fr\/wp-json\/wp\/v2\/pages"}],"about":[{"href":"https:\/\/inai.tn\/fr\/wp-json\/wp\/v2\/types\/page"}],"author":[{"embeddable":true,"href":"https:\/\/inai.tn\/fr\/wp-json\/wp\/v2\/users\/1"}],"replies":[{"embeddable":true,"href":"https:\/\/inai.tn\/fr\/wp-json\/wp\/v2\/comments?post=2172"}],"version-history":[{"count":0,"href":"https:\/\/inai.tn\/fr\/wp-json\/wp\/v2\/pages\/2172\/revisions"}],"wp:attachment":[{"href":"https:\/\/inai.tn\/fr\/wp-json\/wp\/v2\/media?parent=2172"}],"curies":[{"name":"wp","href":"https:\/\/api.w.org\/{rel}","templated":true}]}}