{"id":2170,"date":"2018-10-18T10:39:24","date_gmt":"2018-10-18T09:39:24","guid":{"rendered":"http:\/\/www.inai.tn\/publications\/"},"modified":"2018-11-21T11:17:25","modified_gmt":"2018-11-21T10:17:25","slug":"publications","status":"publish","type":"page","link":"https:\/\/inai.tn\/fr\/publications\/","title":{"rendered":"Publications et documentations"},"content":{"rendered":"<p>[vc_row][vc_column]<div class=\" bs-listing bs-listing-listing-text-2 bs-listing-single-tab pagination-animate\">\t\t<div class=\"bs-pagination-wrapper main-term-35 next_prev bs-slider-first-item\">\n\t\t\t<div class=\"listing listing-text listing-text-2 clearfix columns-1\">\n\t\t<article class=\"post-2634 type-post format-standard has-post-thumbnail   listing-item listing-item-text listing-item-text-2 main-term-35\">\n\n\t<div class=\"item-inner\">\n\t\t<h2 class=\"title\">\t\t<a href=\"https:\/\/inai.tn\/fr\/unescwa-pour-le-renforcement-du-gouvernement-ouvert-dans-la-region-arabe\/\" class=\"post-title post-url\">\n\t\t\tUNESCWA : pour le renforcement du Gouvernement ouvert dans la r\u00e9gion Arabe\t\t<\/a>\n\n\t\t<\/h2><a target=\"_blank\" class=\"post-subtitle\" href=\"https:\/\/inai.tn\/wp-content\/uploads\/2018\/11\/idlebi-munajed-escwa-open-government-framework-en.pdf\"><i class=\"fa fa-download\" aria-hidden=\"true\" style=\"color: #14639b;\"><\/i><\/a>\t\t<div class=\"post-meta\">\n\n\t\t\t\t\t<\/div>\n\t\t\n\t<\/div>\n\t<\/article >\n\t<article class=\"post-2638 type-post format-standard has-post-thumbnail   listing-item listing-item-text listing-item-text-2 main-term-35\">\n\n\t<div class=\"item-inner\">\n\t\t<h2 class=\"title\">\t\t<a href=\"https:\/\/inai.tn\/fr\/unescwa-favoriser-un-gouvernement-ouvert-dans-la-region-arabe\/\" class=\"post-title post-url\">\n\t\t\tUNESCWA : Favoriser un gouvernement ouvert dans la r\u00e9gion arabe\t\t<\/a>\n\n\t\t<\/h2><a target=\"_blank\" class=\"post-subtitle\" href=\"https:\/\/inai.tn\/wp-content\/uploads\/2018\/11\/fostering-open-government-arab-region-arabic-min.pdf\"><i class=\"fa fa-download\" aria-hidden=\"true\" style=\"color: #14639b;\"><\/i><\/a>\t\t<div class=\"post-meta\">\n\n\t\t\t\t\t<\/div>\n\t\t\n\t<\/div>\n\t<\/article >\n\t<article class=\"post-2644 type-post format-standard has-post-thumbnail   listing-item listing-item-text listing-item-text-2 main-term-35\">\n\n\t<div class=\"item-inner\">\n\t\t<h2 class=\"title\">\t\t<a href=\"https:\/\/inai.tn\/fr\/les-questions-de-lacces-a-linformation-et-de-lobjectivite-des-journalistes-en-temps-de-guerre-au-coeur-de-la-commemoration-de-la-journee-mondiale-de-la-liberte-de-la-presse\/\" class=\"post-title post-url\">\n\t\t\tLes questions de l\u2019acc\u00e8s \u00e0 l\u2019information et de l\u2019objectivit\u00e9 des journalistes en temps de guerre au c\u0153ur de la&hellip;\t\t<\/a>\n\n\t\t<\/h2>\t\t<div class=\"post-meta\">\n\n\t\t\t\t\t<\/div>\n\t\t\n\t<\/div>\n\t<\/article >\n\t<article class=\"post-2646 type-post format-standard has-post-thumbnail   listing-item listing-item-text listing-item-text-2 main-term-35\">\n\n\t<div class=\"item-inner\">\n\t\t<h2 class=\"title\">\t\t<a href=\"https:\/\/inai.tn\/fr\/vers-un-droit-dacces-a-linformation-publique-les-avancees-recentes-des-normes-et-des-pratiques\/\" class=\"post-title post-url\">\n\t\t\tVers un Droit d\u2019acc\u00e8s \u00e0 l\u2019information publique : les avanc\u00e9es r\u00e9centes des normes et des pratiques\t\t<\/a>\n\n\t\t<\/h2><a target=\"_blank\" class=\"post-subtitle\" href=\"https:\/\/inai.tn\/wp-content\/uploads\/2018\/11\/64441-vers-un-droit-d-acces-a-l-information-publique-les-avancees-recentes-des-normes-et-des-pratiques.pdf\"><i class=\"fa fa-download\" aria-hidden=\"true\" style=\"color: #14639b;\"><\/i><\/a>\t\t<div class=\"post-meta\">\n\n\t\t\t\t\t<\/div>\n\t\t\n\t<\/div>\n\t<\/article >\n\t<article class=\"post-2650 type-post format-standard has-post-thumbnail   listing-item listing-item-text listing-item-text-2 main-term-35\">\n\n\t<div class=\"item-inner\">\n\t\t<h2 class=\"title\">\t\t<a href=\"https:\/\/inai.tn\/fr\/proteger-le-droit-a-la-liberte-dexpression-dans-le-cadre-de-la-convention-europeenne-des-droits-de-lhomme\/\" class=\"post-title post-url\">\n\t\t\tProt\u00e9ger le droit \u00e0 la libert\u00e9 d\u2019expression dans le cadre de la convention Europ\u00e9enne des droits de l\u2019homme\t\t<\/a>\n\n\t\t<\/h2><a target=\"_blank\" class=\"post-subtitle\" href=\"https:\/\/inai.tn\/wp-content\/uploads\/2018\/11\/20170718_Handbook-Freedom-of-Expression-ENG.pdf.pdf\"><i class=\"fa fa-download\" aria-hidden=\"true\" style=\"color: #14639b;\"><\/i><\/a>\t\t<div class=\"post-meta\">\n\n\t\t\t\t\t<\/div>\n\t\t\n\t<\/div>\n\t<\/article >\n\t<article class=\"post-2654 type-post format-standard has-post-thumbnail   listing-item listing-item-text listing-item-text-2 main-term-35\">\n\n\t<div class=\"item-inner\">\n\t\t<h2 class=\"title\">\t\t<a href=\"https:\/\/inai.tn\/fr\/la-liberte-dexpression-en-europe-jurisprudence-relative-a-larticle-10-de-la-convention-europeenne-des-droits-de-lhomme\/\" class=\"post-title post-url\">\n\t\t\tLa libert\u00e9 d&#8217;expression en Europe : Jurisprudence relative \u00e0 l&#8217;article 10 de la Convention&hellip;\t\t<\/a>\n\n\t\t<\/h2>\t\t<div class=\"post-meta\">\n\n\t\t\t\t\t<\/div>\n\t\t\n\t<\/div>\n\t<\/article >\n\t<article class=\"post-2657 type-post format-standard has-post-thumbnail   listing-item listing-item-text listing-item-text-2 main-term-35\">\n\n\t<div class=\"item-inner\">\n\t\t<h2 class=\"title\">\t\t<a href=\"https:\/\/inai.tn\/fr\/lacces-a-linformation-administrative-par-francois-rangeon-professeur-a-la-faculte-de-toulouse-1\/\" class=\"post-title post-url\">\n\t\t\tL\u2019Acc\u00e8s \u00e0 l\u2019Information Administrative par Fran\u00e7ois Rangeon  Professeur \u00e0 la Facult\u00e9 de Toulouse 1\t\t<\/a>\n\n\t\t<\/h2><a target=\"_blank\" class=\"post-subtitle\" href=\"https:\/\/inai.tn\/wp-content\/uploads\/2018\/11\/rangeon2.pdf\"><i class=\"fa fa-download\" aria-hidden=\"true\" style=\"color: #14639b;\"><\/i><\/a>\t\t<div class=\"post-meta\">\n\n\t\t\t\t\t<\/div>\n\t\t\n\t<\/div>\n\t<\/article >\n\t<article class=\"post-10539 type-post format-standard has-post-thumbnail   listing-item listing-item-text listing-item-text-2 main-term-33\">\n\n\t<div class=\"item-inner\">\n\t\t<h2 class=\"title\">\t\t<a href=\"https:\/\/inai.tn\/fr\/recueil-de-jurisprudence-de-l-instance-d-acces-a-l-information\/\" class=\"post-title post-url\">\n\t\t\tDerni\u00e8re publication de l\u2019INAI :\t\t<\/a>\n\n\t\t<\/h2><a target=\"_blank\" class=\"post-subtitle\" href=\"https:\/\/inai.tn\/wp-content\/uploads\/2020\/09\/Livre_DRI_Fran\u00e7ais_WEB.pdf\"><i class=\"fa fa-download\" aria-hidden=\"true\" style=\"color: #14639b;\"><\/i><\/a>\t\t<div class=\"post-meta\">\n\n\t\t\t\t\t<\/div>\n\t\t\n\t<\/div>\n\t<\/article >\n\t<article class=\"post-10568 type-post format-standard has-post-thumbnail   listing-item listing-item-text listing-item-text-2 main-term-33\">\n\n\t<div class=\"item-inner\">\n\t\t<h2 class=\"title\">\t\t<a href=\"https:\/\/inai.tn\/fr\/appel-d-offres-mission-d-expertise-data-center-inai\/\" class=\"post-title post-url\">\n\t\t\tAppel d&#8217;offres : Prestations de services pour la r\u00e9alisation d\u2019une mission d\u2019expertise pour la&hellip;\t\t<\/a>\n\n\t\t<\/h2>\t\t<div class=\"post-meta\">\n\n\t\t\t\t\t<\/div>\n\t\t\n\t<\/div>\n\t<\/article >\n\t<article class=\"post-10979 type-post format-standard has-post-thumbnail   listing-item listing-item-text listing-item-text-2 main-term-51\">\n\n\t<div class=\"item-inner\">\n\t\t<h2 class=\"title\">\t\t<a href=\"https:\/\/inai.tn\/fr\/strategie-de-communication-de-linai\/\" class=\"post-title post-url\">\n\t\t\tSTRAT\u00c9GIE DE COMMUNICATION DE L\u2019INAI\t\t<\/a>\n\n\t\t<\/h2><a target=\"_blank\" class=\"post-subtitle\" href=\"https:\/\/inai.tn\/wp-content\/uploads\/2021\/01\/INAI_Strat\u00e9gie-de-communication_fr.pdf\"><i class=\"fa fa-download\" aria-hidden=\"true\" style=\"color: #14639b;\"><\/i><\/a>\t\t<div class=\"post-meta\">\n\n\t\t\t\t\t<\/div>\n\t\t\n\t<\/div>\n\t<\/article >\n\t<\/div>\n\t\t\t<\/div>\n\t\t<div class=\"bs-pagination bs-ajax-pagination next_prev main-term-35 clearfix\">\n\t\t\t<script>var bs_ajax_paginate_834503856 = '{\"query\":{\"category\":\"35\",\"tag\":\"\",\"taxonomy\":\"\",\"post_ids\":\"\",\"post_type\":\"\",\"count\":\"10\",\"order_by\":\"date\",\"order\":\"ASC\",\"time_filter\":\"\",\"offset\":\"\",\"style\":\"listing-text-2\",\"cats-tags-condition\":\"and\",\"cats-condition\":\"in\",\"tags-condition\":\"in\",\"featured_image\":\"0\",\"ignore_sticky_posts\":\"1\",\"author_ids\":\"\",\"disable_duplicate\":\"0\",\"ad-active\":\"0\",\"ad-after_each\":\"\",\"ad-type\":\"\",\"ad-banner\":\"none\",\"ad-campaign\":\"none\",\"ad-count\":\"\",\"ad-columns\":\"1\",\"ad-orderby\":\"date\",\"ad-order\":\"ASC\",\"ad-align\":\"left\",\"paginate\":\"next_prev\",\"pagination-show-label\":\"0\",\"columns\":\"1\",\"listing-settings\":{\"title-limit\":\"110\",\"subtitle\":\"0\",\"subtitle-limit\":\"0\",\"subtitle-location\":\"before-meta\",\"meta\":{\"show\":\"1\",\"author\":\"0\",\"date\":\"0\",\"date-format\":\"standard\",\"view\":\"0\",\"share\":\"0\",\"comment\":\"0\",\"review\":\"0\"}},\"override-listing-settings\":\"1\",\"_layout\":{\"state\":\"1|1|0\",\"page\":\"2-col-right\"}},\"type\":\"bs_post_listing\",\"view\":\"Publisher_Text_Listing_2_Shortcode\",\"current_page\":1,\"ajax_url\":\"\\\/wp-admin\\\/admin-ajax.php\",\"remove_duplicates\":\"0\",\"query-main-term\":\"35\",\"columns\":\"1\",\"paginate\":\"next_prev\",\"pagination-show-label\":\"0\",\"ad-active\":\"0\",\"ad-after_each\":\"\",\"ad-type\":\"\",\"ad-banner\":\"none\",\"ad-campaign\":\"none\",\"ad-count\":\"\",\"ad-columns\":\"1\",\"ad-orderby\":\"date\",\"ad-order\":\"ASC\",\"ad-align\":\"left\",\"override-listing-settings\":\"1\",\"listing-settings\":{\"title-limit\":\"110\",\"subtitle\":\"0\",\"subtitle-limit\":\"0\",\"subtitle-location\":\"before-meta\",\"meta\":{\"show\":\"1\",\"author\":\"0\",\"date\":\"0\",\"date-format\":\"standard\",\"view\":\"0\",\"share\":\"0\",\"comment\":\"0\",\"review\":\"0\"}},\"_layout\":{\"state\":\"1|1|0\",\"page\":\"2-col-right\"},\"_bs_pagin_token\":\"acea448\"}';<\/script>\t\t\t\t<a class=\"btn-bs-pagination prev disabled\" rel=\"prev\" data-id=\"834503856\"\n\t\t\t\t   title=\"pr\u00e9c\u00e9dent\">\n\t\t\t\t\t<i class=\"fa fa-angle-left\"\n\t\t\t\t\t   aria-hidden=\"true\"><\/i> Pr\u00e9c\u00e9dent\t\t\t\t<\/a>\n\t\t\t\t<a  rel=\"next\" class=\"btn-bs-pagination next\"\n\t\t\t\t   data-id=\"834503856\" title=\"Prochain\">\n\t\t\t\t\tSuivant <i\n\t\t\t\t\t\t\tclass=\"fa fa-angle-right\" aria-hidden=\"true\"><\/i>\n\t\t\t\t<\/a>\n\t\t\t\t<\/div><\/div>[\/vc_column][\/vc_row]<\/p>\n","protected":false},"excerpt":{"rendered":"<p>[vc_row][vc_column][\/vc_column][\/vc_row]<\/p>\n","protected":false},"author":1,"featured_media":0,"parent":0,"menu_order":0,"comment_status":"closed","ping_status":"closed","template":"","meta":[],"acf":[],"yoast_head":"<!-- This site is optimized with the Yoast SEO plugin v19.7.1 - https:\/\/yoast.com\/wordpress\/plugins\/seo\/ -->\n<title>Publications et documentations - \u0647\u064a\u0626\u0629 \u0627\u0644\u0646\u0641\u0627\u0630 \u0625\u0644\u0649 \u0627\u0644\u0645\u0639\u0644\u0648\u0645\u0629 \u0641\u064a \u062a\u0648\u0646\u0633<\/title>\n<meta name=\"robots\" content=\"index, follow, max-snippet:-1, max-image-preview:large, max-video-preview:-1\" \/>\n<link rel=\"canonical\" href=\"https:\/\/inai.tn\/fr\/publications\/\" \/>\n<meta property=\"og:locale\" content=\"fr_FR\" \/>\n<meta property=\"og:type\" content=\"article\" \/>\n<meta property=\"og:title\" content=\"Publications et documentations - \u0647\u064a\u0626\u0629 \u0627\u0644\u0646\u0641\u0627\u0630 \u0625\u0644\u0649 \u0627\u0644\u0645\u0639\u0644\u0648\u0645\u0629 \u0641\u064a \u062a\u0648\u0646\u0633\" \/>\n<meta property=\"og:description\" content=\"[vc_row][vc_column][\/vc_column][\/vc_row]\" \/>\n<meta property=\"og:url\" content=\"https:\/\/inai.tn\/fr\/publications\/\" \/>\n<meta property=\"og:site_name\" content=\"\u0647\u064a\u0626\u0629 \u0627\u0644\u0646\u0641\u0627\u0630 \u0625\u0644\u0649 \u0627\u0644\u0645\u0639\u0644\u0648\u0645\u0629 \u0641\u064a \u062a\u0648\u0646\u0633\" \/>\n<meta property=\"article:modified_time\" content=\"2018-11-21T10:17:25+00:00\" \/>\n<meta name=\"twitter:card\" content=\"summary_large_image\" \/>\n<meta name=\"twitter:label1\" content=\"Dur\u00e9e de lecture estim\u00e9e\" \/>\n\t<meta name=\"twitter:data1\" content=\"1 minute\" \/>\n<script type=\"application\/ld+json\" class=\"yoast-schema-graph\">{\"@context\":\"https:\/\/schema.org\",\"@graph\":[{\"@type\":\"WebPage\",\"@id\":\"https:\/\/inai.tn\/fr\/publications\/\",\"url\":\"https:\/\/inai.tn\/fr\/publications\/\",\"name\":\"Publications et documentations - \u0647\u064a\u0626\u0629 \u0627\u0644\u0646\u0641\u0627\u0630 \u0625\u0644\u0649 \u0627\u0644\u0645\u0639\u0644\u0648\u0645\u0629 \u0641\u064a \u062a\u0648\u0646\u0633\",\"isPartOf\":{\"@id\":\"https:\/\/inai.tn\/#website\"},\"datePublished\":\"2018-10-18T09:39:24+00:00\",\"dateModified\":\"2018-11-21T10:17:25+00:00\",\"breadcrumb\":{\"@id\":\"https:\/\/inai.tn\/fr\/publications\/#breadcrumb\"},\"inLanguage\":\"fr-FR\",\"potentialAction\":[{\"@type\":\"ReadAction\",\"target\":[\"https:\/\/inai.tn\/fr\/publications\/\"]}]},{\"@type\":\"BreadcrumbList\",\"@id\":\"https:\/\/inai.tn\/fr\/publications\/#breadcrumb\",\"itemListElement\":[{\"@type\":\"ListItem\",\"position\":1,\"name\":\"Accueil\",\"item\":\"https:\/\/inai.tn\/fr\/\"},{\"@type\":\"ListItem\",\"position\":2,\"name\":\"Publications et documentations\"}]},{\"@type\":\"WebSite\",\"@id\":\"https:\/\/inai.tn\/#website\",\"url\":\"https:\/\/inai.tn\/\",\"name\":\"INAI\",\"description\":\"\u0627\u0644\u0646\u0641\u0627\u0630 \u0625\u0644\u0649 \u0627\u0644\u0645\u0639\u0644\u0648\u0645\u0629 \u062d\u0642 \u062f\u0633\u062a\u0648\u0631\u064a\",\"publisher\":{\"@id\":\"https:\/\/inai.tn\/#organization\"},\"potentialAction\":[{\"@type\":\"SearchAction\",\"target\":{\"@type\":\"EntryPoint\",\"urlTemplate\":\"https:\/\/inai.tn\/?s={search_term_string}\"},\"query-input\":\"required name=search_term_string\"}],\"inLanguage\":\"fr-FR\"},{\"@type\":\"Organization\",\"@id\":\"https:\/\/inai.tn\/#organization\",\"name\":\"Instance d'Acc\u00e8s \u00e0 l'Information (INAI)\",\"url\":\"https:\/\/inai.tn\/\",\"sameAs\":[],\"logo\":{\"@type\":\"ImageObject\",\"inLanguage\":\"fr-FR\",\"@id\":\"https:\/\/inai.tn\/#\/schema\/logo\/image\/\",\"url\":\"http:\/\/localhost\/wp-content\/uploads\/2018\/10\/logo-inai-2.png\",\"contentUrl\":\"http:\/\/localhost\/wp-content\/uploads\/2018\/10\/logo-inai-2.png\",\"width\":140,\"height\":57,\"caption\":\"Instance d'Acc\u00e8s \u00e0 l'Information (INAI)\"},\"image\":{\"@id\":\"https:\/\/inai.tn\/#\/schema\/logo\/image\/\"}}]}<\/script>\n<!-- \/ Yoast SEO plugin. -->","yoast_head_json":{"title":"Publications et documentations - \u0647\u064a\u0626\u0629 \u0627\u0644\u0646\u0641\u0627\u0630 \u0625\u0644\u0649 \u0627\u0644\u0645\u0639\u0644\u0648\u0645\u0629 \u0641\u064a \u062a\u0648\u0646\u0633","robots":{"index":"index","follow":"follow","max-snippet":"max-snippet:-1","max-image-preview":"max-image-preview:large","max-video-preview":"max-video-preview:-1"},"canonical":"https:\/\/inai.tn\/fr\/publications\/","og_locale":"fr_FR","og_type":"article","og_title":"Publications et documentations - \u0647\u064a\u0626\u0629 \u0627\u0644\u0646\u0641\u0627\u0630 \u0625\u0644\u0649 \u0627\u0644\u0645\u0639\u0644\u0648\u0645\u0629 \u0641\u064a \u062a\u0648\u0646\u0633","og_description":"[vc_row][vc_column][\/vc_column][\/vc_row]","og_url":"https:\/\/inai.tn\/fr\/publications\/","og_site_name":"\u0647\u064a\u0626\u0629 \u0627\u0644\u0646\u0641\u0627\u0630 \u0625\u0644\u0649 \u0627\u0644\u0645\u0639\u0644\u0648\u0645\u0629 \u0641\u064a \u062a\u0648\u0646\u0633","article_modified_time":"2018-11-21T10:17:25+00:00","twitter_card":"summary_large_image","twitter_misc":{"Dur\u00e9e de lecture estim\u00e9e":"1 minute"},"schema":{"@context":"https:\/\/schema.org","@graph":[{"@type":"WebPage","@id":"https:\/\/inai.tn\/fr\/publications\/","url":"https:\/\/inai.tn\/fr\/publications\/","name":"Publications et documentations - \u0647\u064a\u0626\u0629 \u0627\u0644\u0646\u0641\u0627\u0630 \u0625\u0644\u0649 \u0627\u0644\u0645\u0639\u0644\u0648\u0645\u0629 \u0641\u064a \u062a\u0648\u0646\u0633","isPartOf":{"@id":"https:\/\/inai.tn\/#website"},"datePublished":"2018-10-18T09:39:24+00:00","dateModified":"2018-11-21T10:17:25+00:00","breadcrumb":{"@id":"https:\/\/inai.tn\/fr\/publications\/#breadcrumb"},"inLanguage":"fr-FR","potentialAction":[{"@type":"ReadAction","target":["https:\/\/inai.tn\/fr\/publications\/"]}]},{"@type":"BreadcrumbList","@id":"https:\/\/inai.tn\/fr\/publications\/#breadcrumb","itemListElement":[{"@type":"ListItem","position":1,"name":"Accueil","item":"https:\/\/inai.tn\/fr\/"},{"@type":"ListItem","position":2,"name":"Publications et documentations"}]},{"@type":"WebSite","@id":"https:\/\/inai.tn\/#website","url":"https:\/\/inai.tn\/","name":"INAI","description":"\u0627\u0644\u0646\u0641\u0627\u0630 \u0625\u0644\u0649 \u0627\u0644\u0645\u0639\u0644\u0648\u0645\u0629 \u062d\u0642 \u062f\u0633\u062a\u0648\u0631\u064a","publisher":{"@id":"https:\/\/inai.tn\/#organization"},"potentialAction":[{"@type":"SearchAction","target":{"@type":"EntryPoint","urlTemplate":"https:\/\/inai.tn\/?s={search_term_string}"},"query-input":"required name=search_term_string"}],"inLanguage":"fr-FR"},{"@type":"Organization","@id":"https:\/\/inai.tn\/#organization","name":"Instance d'Acc\u00e8s \u00e0 l'Information (INAI)","url":"https:\/\/inai.tn\/","sameAs":[],"logo":{"@type":"ImageObject","inLanguage":"fr-FR","@id":"https:\/\/inai.tn\/#\/schema\/logo\/image\/","url":"http:\/\/localhost\/wp-content\/uploads\/2018\/10\/logo-inai-2.png","contentUrl":"http:\/\/localhost\/wp-content\/uploads\/2018\/10\/logo-inai-2.png","width":140,"height":57,"caption":"Instance d'Acc\u00e8s \u00e0 l'Information (INAI)"},"image":{"@id":"https:\/\/inai.tn\/#\/schema\/logo\/image\/"}}]}},"_links":{"self":[{"href":"https:\/\/inai.tn\/fr\/wp-json\/wp\/v2\/pages\/2170"}],"collection":[{"href":"https:\/\/inai.tn\/fr\/wp-json\/wp\/v2\/pages"}],"about":[{"href":"https:\/\/inai.tn\/fr\/wp-json\/wp\/v2\/types\/page"}],"author":[{"embeddable":true,"href":"https:\/\/inai.tn\/fr\/wp-json\/wp\/v2\/users\/1"}],"replies":[{"embeddable":true,"href":"https:\/\/inai.tn\/fr\/wp-json\/wp\/v2\/comments?post=2170"}],"version-history":[{"count":0,"href":"https:\/\/inai.tn\/fr\/wp-json\/wp\/v2\/pages\/2170\/revisions"}],"wp:attachment":[{"href":"https:\/\/inai.tn\/fr\/wp-json\/wp\/v2\/media?parent=2170"}],"curies":[{"name":"wp","href":"https:\/\/api.w.org\/{rel}","templated":true}]}}