{"id":2166,"date":"2018-08-02T12:08:06","date_gmt":"2018-08-02T10:08:06","guid":{"rendered":"http:\/\/www.inai.tn\/taches\/"},"modified":"2019-11-07T08:12:47","modified_gmt":"2019-11-07T07:12:47","slug":"mission-instance-acces-information-tunisie","status":"publish","type":"page","link":"https:\/\/inai.tn\/fr\/mission-instance-acces-information-tunisie\/","title":{"rendered":"Missions"},"content":{"rendered":"<p>[vc_row][vc_column][vc_single_image image=&#8221;605&#8243; img_size=&#8221;full&#8221; alignment=&#8221;center&#8221;][vc_column_text]<\/p>\n<h1>L\u2019Instance d\u2019Acc\u00e8s \u00e0 l\u2019Information Tunisie est notamment charg\u00e9e de :<\/h1>\n<ul>\n<li>statuer sur les recours qui lui sont soumis en mati\u00e8re d\u2019<a href=\"https:\/\/inai.tn\/fr\/mission-instance-acces-information-tunisie\/\">acc\u00e8s \u00e0 l\u2019information en Tunisie<\/a>. Elle peut \u00e0 cet effet et en cas de besoin, mener les investigations n\u00e9cessaires sur place aupr\u00e8s de l\u2019organisme concern\u00e9 accomplir toutes les proc\u00e9dures d\u2019instruction et auditionner toute personne dont l\u2019audition est jug\u00e9e utile.<\/li>\n<li>informer tous les organismes concern\u00e9s et le demandeur d\u2019acc\u00e8s personnellement, de ses d\u00e9cisions.<\/li>\n<li>publier ses d\u00e9cisions sur son propre site web.<\/li>\n<li>suivre l\u2019engagement en mati\u00e8re de diffusion proactive, sur initiative de l&#8217;organisme concern\u00e9, des informations mentionn\u00e9es par la loi relative au droit d\u2019acc\u00e8s \u00e0 l\u2019information, et ce, par auto saisine de la part de l\u2019instance ou suite \u00e0 des requ\u00eates \u00e9manant d\u2019un tiers.<\/li>\n<li>\u00e9mettre obligatoirement un avis sur les projets de lois et les textes r\u00e9glementaires ayant lien avec le domaine d\u2019acc\u00e8s \u00e0 l\u2019information.<\/li>\n<li>promouvoir la culture d\u2019acc\u00e8s \u00e0 l\u2019information en coordination avec les organismes soumis aux dispositions de la loi relative au droit d\u2019<a href=\"https:\/\/inai.tn\/fr\/mission-instance-acces-information-tunisie\/\">acc\u00e8s \u00e0 l\u2019information en Tunisie<\/a> et la soci\u00e9t\u00e9 civile, \u00e0 travers des actions de sensibilisation et de formation destin\u00e9es au public.<\/li>\n<li>\u00e9valuer p\u00e9riodiquement la cons\u00e9cration du droit d\u2019acc\u00e8s \u00e0 l\u2019information par les organismes soumis aux dispositions de la pr\u00e9sente loi.<\/li>\n<li>pr\u00e9parer un rapport d\u2019activit\u00e9 annuel qu\u2019elle soumet au Pr\u00e9sident de la R\u00e9publique, au pr\u00e9sident de l\u2019assembl\u00e9e des repr\u00e9sentants du peuple et au chef du gouvernement et qu\u2019elle publie sur son site web .<\/li>\n<li><span style=\"text-transform: initial;\">\u00e9changer les exp\u00e9riences et l\u2019expertise avec ses homologues \u00e9trang\u00e8res et les organisations internationales sp\u00e9cialis\u00e9es et conclure des conventions de coop\u00e9ration dans ce domaine.<\/span><\/li>\n<\/ul>\n<p>[\/vc_column_text][\/vc_column][\/vc_row]<\/p>\n","protected":false},"excerpt":{"rendered":"<p>[vc_row][vc_column][vc_single_image image=&#8221;605&#8243; img_size=&#8221;full&#8221; alignment=&#8221;center&#8221;][vc_column_text] L\u2019Instance d\u2019Acc\u00e8s \u00e0 l\u2019Information Tunisie est notamment charg\u00e9e de : statuer sur les recours qui lui sont soumis en mati\u00e8re d\u2019acc\u00e8s \u00e0 l\u2019information en Tunisie. Elle peut \u00e0 cet effet et en cas de besoin, mener les investigations n\u00e9cessaires sur place aupr\u00e8s de l\u2019organisme concern\u00e9 accomplir toutes les proc\u00e9dures d\u2019instruction et [&hellip;]<\/p>\n","protected":false},"author":1,"featured_media":0,"parent":0,"menu_order":0,"comment_status":"closed","ping_status":"closed","template":"","meta":[],"acf":[],"yoast_head":"<!-- This site is optimized with the Yoast SEO plugin v19.7.1 - https:\/\/yoast.com\/wordpress\/plugins\/seo\/ -->\n<title>Mission inai Instance d\u2019Acc\u00e8s \u00e0 l\u2019Information Tunisie<\/title>\n<meta name=\"description\" content=\"Mission INAI Instance d\u2019Acc\u00e8s \u00e0 l\u2019Information Tunisie. Soumis en mati\u00e8re d\u2019acc\u00e8s \u00e0 l\u2019information Tunisie. relative au droit d\u2019acc\u00e8s \u00e0 l\u2019information Tunisie.\" \/>\n<meta name=\"robots\" content=\"index, follow, max-snippet:-1, max-image-preview:large, max-video-preview:-1\" \/>\n<link rel=\"canonical\" href=\"https:\/\/inai.tn\/fr\/mission-instance-acces-information-tunisie\/\" \/>\n<meta property=\"og:locale\" content=\"fr_FR\" \/>\n<meta property=\"og:type\" content=\"article\" \/>\n<meta property=\"og:title\" content=\"Mission inai Instance d\u2019Acc\u00e8s \u00e0 l\u2019Information Tunisie\" \/>\n<meta property=\"og:description\" content=\"Mission INAI Instance d\u2019Acc\u00e8s \u00e0 l\u2019Information Tunisie. Soumis en mati\u00e8re d\u2019acc\u00e8s \u00e0 l\u2019information Tunisie. relative au droit d\u2019acc\u00e8s \u00e0 l\u2019information Tunisie.\" \/>\n<meta property=\"og:url\" content=\"https:\/\/inai.tn\/fr\/mission-instance-acces-information-tunisie\/\" \/>\n<meta property=\"og:site_name\" content=\"\u0647\u064a\u0626\u0629 \u0627\u0644\u0646\u0641\u0627\u0630 \u0625\u0644\u0649 \u0627\u0644\u0645\u0639\u0644\u0648\u0645\u0629 \u0641\u064a \u062a\u0648\u0646\u0633\" \/>\n<meta property=\"article:modified_time\" content=\"2019-11-07T07:12:47+00:00\" \/>\n<meta name=\"twitter:card\" content=\"summary_large_image\" \/>\n<meta name=\"twitter:label1\" content=\"Dur\u00e9e de lecture estim\u00e9e\" \/>\n\t<meta name=\"twitter:data1\" content=\"2 minutes\" \/>\n<script type=\"application\/ld+json\" class=\"yoast-schema-graph\">{\"@context\":\"https:\/\/schema.org\",\"@graph\":[{\"@type\":\"WebPage\",\"@id\":\"https:\/\/inai.tn\/fr\/mission-instance-acces-information-tunisie\/\",\"url\":\"https:\/\/inai.tn\/fr\/mission-instance-acces-information-tunisie\/\",\"name\":\"Mission inai Instance d\u2019Acc\u00e8s \u00e0 l\u2019Information Tunisie\",\"isPartOf\":{\"@id\":\"https:\/\/inai.tn\/#website\"},\"datePublished\":\"2018-08-02T10:08:06+00:00\",\"dateModified\":\"2019-11-07T07:12:47+00:00\",\"description\":\"Mission INAI Instance d\u2019Acc\u00e8s \u00e0 l\u2019Information Tunisie. Soumis en mati\u00e8re d\u2019acc\u00e8s \u00e0 l\u2019information Tunisie. relative au droit d\u2019acc\u00e8s \u00e0 l\u2019information Tunisie.\",\"breadcrumb\":{\"@id\":\"https:\/\/inai.tn\/fr\/mission-instance-acces-information-tunisie\/#breadcrumb\"},\"inLanguage\":\"fr-FR\",\"potentialAction\":[{\"@type\":\"ReadAction\",\"target\":[\"https:\/\/inai.tn\/fr\/mission-instance-acces-information-tunisie\/\"]}]},{\"@type\":\"BreadcrumbList\",\"@id\":\"https:\/\/inai.tn\/fr\/mission-instance-acces-information-tunisie\/#breadcrumb\",\"itemListElement\":[{\"@type\":\"ListItem\",\"position\":1,\"name\":\"Accueil\",\"item\":\"https:\/\/inai.tn\/fr\/\"},{\"@type\":\"ListItem\",\"position\":2,\"name\":\"Missions\"}]},{\"@type\":\"WebSite\",\"@id\":\"https:\/\/inai.tn\/#website\",\"url\":\"https:\/\/inai.tn\/\",\"name\":\"INAI\",\"description\":\"\u0627\u0644\u0646\u0641\u0627\u0630 \u0625\u0644\u0649 \u0627\u0644\u0645\u0639\u0644\u0648\u0645\u0629 \u062d\u0642 \u062f\u0633\u062a\u0648\u0631\u064a\",\"publisher\":{\"@id\":\"https:\/\/inai.tn\/#organization\"},\"potentialAction\":[{\"@type\":\"SearchAction\",\"target\":{\"@type\":\"EntryPoint\",\"urlTemplate\":\"https:\/\/inai.tn\/?s={search_term_string}\"},\"query-input\":\"required name=search_term_string\"}],\"inLanguage\":\"fr-FR\"},{\"@type\":\"Organization\",\"@id\":\"https:\/\/inai.tn\/#organization\",\"name\":\"Instance d'Acc\u00e8s \u00e0 l'Information (INAI)\",\"url\":\"https:\/\/inai.tn\/\",\"sameAs\":[],\"logo\":{\"@type\":\"ImageObject\",\"inLanguage\":\"fr-FR\",\"@id\":\"https:\/\/inai.tn\/#\/schema\/logo\/image\/\",\"url\":\"http:\/\/localhost\/wp-content\/uploads\/2018\/10\/logo-inai-2.png\",\"contentUrl\":\"http:\/\/localhost\/wp-content\/uploads\/2018\/10\/logo-inai-2.png\",\"width\":140,\"height\":57,\"caption\":\"Instance d'Acc\u00e8s \u00e0 l'Information (INAI)\"},\"image\":{\"@id\":\"https:\/\/inai.tn\/#\/schema\/logo\/image\/\"}}]}<\/script>\n<!-- \/ Yoast SEO plugin. -->","yoast_head_json":{"title":"Mission inai Instance d\u2019Acc\u00e8s \u00e0 l\u2019Information Tunisie","description":"Mission INAI Instance d\u2019Acc\u00e8s \u00e0 l\u2019Information Tunisie. Soumis en mati\u00e8re d\u2019acc\u00e8s \u00e0 l\u2019information Tunisie. relative au droit d\u2019acc\u00e8s \u00e0 l\u2019information Tunisie.","robots":{"index":"index","follow":"follow","max-snippet":"max-snippet:-1","max-image-preview":"max-image-preview:large","max-video-preview":"max-video-preview:-1"},"canonical":"https:\/\/inai.tn\/fr\/mission-instance-acces-information-tunisie\/","og_locale":"fr_FR","og_type":"article","og_title":"Mission inai Instance d\u2019Acc\u00e8s \u00e0 l\u2019Information Tunisie","og_description":"Mission INAI Instance d\u2019Acc\u00e8s \u00e0 l\u2019Information Tunisie. Soumis en mati\u00e8re d\u2019acc\u00e8s \u00e0 l\u2019information Tunisie. relative au droit d\u2019acc\u00e8s \u00e0 l\u2019information Tunisie.","og_url":"https:\/\/inai.tn\/fr\/mission-instance-acces-information-tunisie\/","og_site_name":"\u0647\u064a\u0626\u0629 \u0627\u0644\u0646\u0641\u0627\u0630 \u0625\u0644\u0649 \u0627\u0644\u0645\u0639\u0644\u0648\u0645\u0629 \u0641\u064a \u062a\u0648\u0646\u0633","article_modified_time":"2019-11-07T07:12:47+00:00","twitter_card":"summary_large_image","twitter_misc":{"Dur\u00e9e de lecture estim\u00e9e":"2 minutes"},"schema":{"@context":"https:\/\/schema.org","@graph":[{"@type":"WebPage","@id":"https:\/\/inai.tn\/fr\/mission-instance-acces-information-tunisie\/","url":"https:\/\/inai.tn\/fr\/mission-instance-acces-information-tunisie\/","name":"Mission inai Instance d\u2019Acc\u00e8s \u00e0 l\u2019Information Tunisie","isPartOf":{"@id":"https:\/\/inai.tn\/#website"},"datePublished":"2018-08-02T10:08:06+00:00","dateModified":"2019-11-07T07:12:47+00:00","description":"Mission INAI Instance d\u2019Acc\u00e8s \u00e0 l\u2019Information Tunisie. Soumis en mati\u00e8re d\u2019acc\u00e8s \u00e0 l\u2019information Tunisie. relative au droit d\u2019acc\u00e8s \u00e0 l\u2019information Tunisie.","breadcrumb":{"@id":"https:\/\/inai.tn\/fr\/mission-instance-acces-information-tunisie\/#breadcrumb"},"inLanguage":"fr-FR","potentialAction":[{"@type":"ReadAction","target":["https:\/\/inai.tn\/fr\/mission-instance-acces-information-tunisie\/"]}]},{"@type":"BreadcrumbList","@id":"https:\/\/inai.tn\/fr\/mission-instance-acces-information-tunisie\/#breadcrumb","itemListElement":[{"@type":"ListItem","position":1,"name":"Accueil","item":"https:\/\/inai.tn\/fr\/"},{"@type":"ListItem","position":2,"name":"Missions"}]},{"@type":"WebSite","@id":"https:\/\/inai.tn\/#website","url":"https:\/\/inai.tn\/","name":"INAI","description":"\u0627\u0644\u0646\u0641\u0627\u0630 \u0625\u0644\u0649 \u0627\u0644\u0645\u0639\u0644\u0648\u0645\u0629 \u062d\u0642 \u062f\u0633\u062a\u0648\u0631\u064a","publisher":{"@id":"https:\/\/inai.tn\/#organization"},"potentialAction":[{"@type":"SearchAction","target":{"@type":"EntryPoint","urlTemplate":"https:\/\/inai.tn\/?s={search_term_string}"},"query-input":"required name=search_term_string"}],"inLanguage":"fr-FR"},{"@type":"Organization","@id":"https:\/\/inai.tn\/#organization","name":"Instance d'Acc\u00e8s \u00e0 l'Information (INAI)","url":"https:\/\/inai.tn\/","sameAs":[],"logo":{"@type":"ImageObject","inLanguage":"fr-FR","@id":"https:\/\/inai.tn\/#\/schema\/logo\/image\/","url":"http:\/\/localhost\/wp-content\/uploads\/2018\/10\/logo-inai-2.png","contentUrl":"http:\/\/localhost\/wp-content\/uploads\/2018\/10\/logo-inai-2.png","width":140,"height":57,"caption":"Instance d'Acc\u00e8s \u00e0 l'Information (INAI)"},"image":{"@id":"https:\/\/inai.tn\/#\/schema\/logo\/image\/"}}]}},"_links":{"self":[{"href":"https:\/\/inai.tn\/fr\/wp-json\/wp\/v2\/pages\/2166"}],"collection":[{"href":"https:\/\/inai.tn\/fr\/wp-json\/wp\/v2\/pages"}],"about":[{"href":"https:\/\/inai.tn\/fr\/wp-json\/wp\/v2\/types\/page"}],"author":[{"embeddable":true,"href":"https:\/\/inai.tn\/fr\/wp-json\/wp\/v2\/users\/1"}],"replies":[{"embeddable":true,"href":"https:\/\/inai.tn\/fr\/wp-json\/wp\/v2\/comments?post=2166"}],"version-history":[{"count":0,"href":"https:\/\/inai.tn\/fr\/wp-json\/wp\/v2\/pages\/2166\/revisions"}],"wp:attachment":[{"href":"https:\/\/inai.tn\/fr\/wp-json\/wp\/v2\/media?parent=2166"}],"curies":[{"name":"wp","href":"https:\/\/api.w.org\/{rel}","templated":true}]}}