{"id":2164,"date":"2018-08-02T12:07:43","date_gmt":"2018-08-02T10:07:43","guid":{"rendered":"http:\/\/www.inai.tn\/organisation\/"},"modified":"2019-10-17T17:07:03","modified_gmt":"2019-10-17T16:07:03","slug":"organisation","status":"publish","type":"page","link":"https:\/\/inai.tn\/fr\/organisation\/","title":{"rendered":"Organisation"},"content":{"rendered":"<p>L\u2019Instance se compose d\u2019un conseil, d\u2019un secr\u00e9tariat permanent et de services administratifs qui assurent les diff\u00e9rentes missions d\u00e9volues \u00e0 l\u2019Instance<\/p>\n<p><strong>LE CONSEIL\u00a0<\/strong><\/p>\n<p>Le Conseil de l\u2019Instance :<\/p>\n<ul>\n<li>Statue sur les recours qui lui sont soumis en mati\u00e8re d\u2019acc\u00e8s \u00e0 l\u2019information<\/li>\n<li>Informe tous les organismes concern\u00e9s et le demandeur d\u2019acc\u00e8s personnellement, des d\u00e9cisions de l\u2019Instance<\/li>\n<li>Veille \u00e0 promouvoir la culture d\u2019acc\u00e8s \u00e0 l\u2019information en coordination avec les organismes soumis aux dispositions de la loi relative au droit d\u2019acc\u00e8s \u00e0 l\u2019information et la soci\u00e9t\u00e9 civile, \u00e0 travers des actions de sensibilisation et de formation destin\u00e9es au public<\/li>\n<li>Assure la tutelle sur le fonctionnement du travail de l\u2019Instance<\/li>\n<li>Choisi le secr\u00e9taire g\u00e9n\u00e9ral de l\u2019instance hors de ses membres<\/li>\n<li>D\u00e9signe un cadre administratif parmi les agents de l\u2019instance, qui sera charg\u00e9 de rapporter ses d\u00e9lib\u00e9rations<\/li>\n<li>Propose l\u2019organigramme de l\u2019Instance (en cours)<\/li>\n<li>Adopte le r\u00e8glement int\u00e9rieur de l\u2019Instance<\/li>\n<li>Propose le projet de budget de l\u2019Instance<\/li>\n<li>Adopte le rapport annuel de l\u2019Instance<\/li>\n<\/ul>\n<p><strong>LE SECR\u00c9TARIAT\u00a0PERMANENT<\/strong><\/p>\n<p>Le secr\u00e9tariat permanent est rattach\u00e9 au Conseil de l\u2019Instance. Il est charg\u00e9 d\u2019assurer, sous la supervision du pr\u00e9sident, l\u2019organisation mat\u00e9rielle des r\u00e9unions du conseil par la pr\u00e9paration des dossiers programm\u00e9s \u00e0 l\u2019ordre du jour et leur envoi aux membres et par la r\u00e9daction des PV des dites r\u00e9unions.<\/p>\n<p><strong>Les services administratifs <\/strong><\/p>\n<p>L\u2019instance est pourvue de services administratifs compos\u00e9s d\u2019agents d\u00e9tach\u00e9s des administrations publiques et d\u2019agents recrut\u00e9s conform\u00e9ment au statut particulier des agents de l\u2019instance (en cours).<\/p>\n<p><strong>L\u2019organigramme <\/strong><\/p>\n<p>En cours d\u2019\u00e9laboration<\/p>\n","protected":false},"excerpt":{"rendered":"<p>L\u2019Instance se compose d\u2019un conseil, d\u2019un secr\u00e9tariat permanent et de services administratifs qui assurent les diff\u00e9rentes missions d\u00e9volues \u00e0 l\u2019Instance LE CONSEIL\u00a0 Le Conseil de l\u2019Instance : Statue sur les recours qui lui sont soumis en mati\u00e8re d\u2019acc\u00e8s \u00e0 l\u2019information Informe tous les organismes concern\u00e9s et le demandeur d\u2019acc\u00e8s personnellement, des d\u00e9cisions de l\u2019Instance Veille [&hellip;]<\/p>\n","protected":false},"author":1,"featured_media":0,"parent":0,"menu_order":0,"comment_status":"closed","ping_status":"closed","template":"","meta":[],"acf":[],"yoast_head":"<!-- This site is optimized with the Yoast SEO plugin v19.7.1 - https:\/\/yoast.com\/wordpress\/plugins\/seo\/ -->\n<title>Organisation - \u0647\u064a\u0626\u0629 \u0627\u0644\u0646\u0641\u0627\u0630 \u0625\u0644\u0649 \u0627\u0644\u0645\u0639\u0644\u0648\u0645\u0629 \u0641\u064a \u062a\u0648\u0646\u0633<\/title>\n<meta name=\"robots\" content=\"index, follow, max-snippet:-1, max-image-preview:large, max-video-preview:-1\" \/>\n<link rel=\"canonical\" href=\"https:\/\/inai.tn\/fr\/organisation\/\" \/>\n<meta property=\"og:locale\" content=\"fr_FR\" \/>\n<meta property=\"og:type\" content=\"article\" \/>\n<meta property=\"og:title\" content=\"Organisation - \u0647\u064a\u0626\u0629 \u0627\u0644\u0646\u0641\u0627\u0630 \u0625\u0644\u0649 \u0627\u0644\u0645\u0639\u0644\u0648\u0645\u0629 \u0641\u064a \u062a\u0648\u0646\u0633\" \/>\n<meta property=\"og:description\" content=\"L\u2019Instance se compose d\u2019un conseil, d\u2019un secr\u00e9tariat permanent et de services administratifs qui assurent les diff\u00e9rentes missions d\u00e9volues \u00e0 l\u2019Instance LE CONSEIL\u00a0 Le Conseil de l\u2019Instance : Statue sur les recours qui lui sont soumis en mati\u00e8re d\u2019acc\u00e8s \u00e0 l\u2019information Informe tous les organismes concern\u00e9s et le demandeur d\u2019acc\u00e8s personnellement, des d\u00e9cisions de l\u2019Instance Veille [&hellip;]\" \/>\n<meta property=\"og:url\" content=\"https:\/\/inai.tn\/fr\/organisation\/\" \/>\n<meta property=\"og:site_name\" content=\"\u0647\u064a\u0626\u0629 \u0627\u0644\u0646\u0641\u0627\u0630 \u0625\u0644\u0649 \u0627\u0644\u0645\u0639\u0644\u0648\u0645\u0629 \u0641\u064a \u062a\u0648\u0646\u0633\" \/>\n<meta property=\"article:modified_time\" content=\"2019-10-17T16:07:03+00:00\" \/>\n<meta name=\"twitter:card\" content=\"summary_large_image\" \/>\n<meta name=\"twitter:label1\" content=\"Dur\u00e9e de lecture estim\u00e9e\" \/>\n\t<meta name=\"twitter:data1\" content=\"1 minute\" \/>\n<script type=\"application\/ld+json\" class=\"yoast-schema-graph\">{\"@context\":\"https:\/\/schema.org\",\"@graph\":[{\"@type\":\"WebPage\",\"@id\":\"https:\/\/inai.tn\/fr\/organisation\/\",\"url\":\"https:\/\/inai.tn\/fr\/organisation\/\",\"name\":\"Organisation - \u0647\u064a\u0626\u0629 \u0627\u0644\u0646\u0641\u0627\u0630 \u0625\u0644\u0649 \u0627\u0644\u0645\u0639\u0644\u0648\u0645\u0629 \u0641\u064a \u062a\u0648\u0646\u0633\",\"isPartOf\":{\"@id\":\"https:\/\/inai.tn\/#website\"},\"datePublished\":\"2018-08-02T10:07:43+00:00\",\"dateModified\":\"2019-10-17T16:07:03+00:00\",\"breadcrumb\":{\"@id\":\"https:\/\/inai.tn\/fr\/organisation\/#breadcrumb\"},\"inLanguage\":\"fr-FR\",\"potentialAction\":[{\"@type\":\"ReadAction\",\"target\":[\"https:\/\/inai.tn\/fr\/organisation\/\"]}]},{\"@type\":\"BreadcrumbList\",\"@id\":\"https:\/\/inai.tn\/fr\/organisation\/#breadcrumb\",\"itemListElement\":[{\"@type\":\"ListItem\",\"position\":1,\"name\":\"Accueil\",\"item\":\"https:\/\/inai.tn\/fr\/\"},{\"@type\":\"ListItem\",\"position\":2,\"name\":\"Organisation\"}]},{\"@type\":\"WebSite\",\"@id\":\"https:\/\/inai.tn\/#website\",\"url\":\"https:\/\/inai.tn\/\",\"name\":\"INAI\",\"description\":\"\u0627\u0644\u0646\u0641\u0627\u0630 \u0625\u0644\u0649 \u0627\u0644\u0645\u0639\u0644\u0648\u0645\u0629 \u062d\u0642 \u062f\u0633\u062a\u0648\u0631\u064a\",\"publisher\":{\"@id\":\"https:\/\/inai.tn\/#organization\"},\"potentialAction\":[{\"@type\":\"SearchAction\",\"target\":{\"@type\":\"EntryPoint\",\"urlTemplate\":\"https:\/\/inai.tn\/?s={search_term_string}\"},\"query-input\":\"required name=search_term_string\"}],\"inLanguage\":\"fr-FR\"},{\"@type\":\"Organization\",\"@id\":\"https:\/\/inai.tn\/#organization\",\"name\":\"Instance d'Acc\u00e8s \u00e0 l'Information (INAI)\",\"url\":\"https:\/\/inai.tn\/\",\"sameAs\":[],\"logo\":{\"@type\":\"ImageObject\",\"inLanguage\":\"fr-FR\",\"@id\":\"https:\/\/inai.tn\/#\/schema\/logo\/image\/\",\"url\":\"http:\/\/localhost\/wp-content\/uploads\/2018\/10\/logo-inai-2.png\",\"contentUrl\":\"http:\/\/localhost\/wp-content\/uploads\/2018\/10\/logo-inai-2.png\",\"width\":140,\"height\":57,\"caption\":\"Instance d'Acc\u00e8s \u00e0 l'Information (INAI)\"},\"image\":{\"@id\":\"https:\/\/inai.tn\/#\/schema\/logo\/image\/\"}}]}<\/script>\n<!-- \/ Yoast SEO plugin. -->","yoast_head_json":{"title":"Organisation - \u0647\u064a\u0626\u0629 \u0627\u0644\u0646\u0641\u0627\u0630 \u0625\u0644\u0649 \u0627\u0644\u0645\u0639\u0644\u0648\u0645\u0629 \u0641\u064a \u062a\u0648\u0646\u0633","robots":{"index":"index","follow":"follow","max-snippet":"max-snippet:-1","max-image-preview":"max-image-preview:large","max-video-preview":"max-video-preview:-1"},"canonical":"https:\/\/inai.tn\/fr\/organisation\/","og_locale":"fr_FR","og_type":"article","og_title":"Organisation - \u0647\u064a\u0626\u0629 \u0627\u0644\u0646\u0641\u0627\u0630 \u0625\u0644\u0649 \u0627\u0644\u0645\u0639\u0644\u0648\u0645\u0629 \u0641\u064a \u062a\u0648\u0646\u0633","og_description":"L\u2019Instance se compose d\u2019un conseil, d\u2019un secr\u00e9tariat permanent et de services administratifs qui assurent les diff\u00e9rentes missions d\u00e9volues \u00e0 l\u2019Instance LE CONSEIL\u00a0 Le Conseil de l\u2019Instance : Statue sur les recours qui lui sont soumis en mati\u00e8re d\u2019acc\u00e8s \u00e0 l\u2019information Informe tous les organismes concern\u00e9s et le demandeur d\u2019acc\u00e8s personnellement, des d\u00e9cisions de l\u2019Instance Veille [&hellip;]","og_url":"https:\/\/inai.tn\/fr\/organisation\/","og_site_name":"\u0647\u064a\u0626\u0629 \u0627\u0644\u0646\u0641\u0627\u0630 \u0625\u0644\u0649 \u0627\u0644\u0645\u0639\u0644\u0648\u0645\u0629 \u0641\u064a \u062a\u0648\u0646\u0633","article_modified_time":"2019-10-17T16:07:03+00:00","twitter_card":"summary_large_image","twitter_misc":{"Dur\u00e9e de lecture estim\u00e9e":"1 minute"},"schema":{"@context":"https:\/\/schema.org","@graph":[{"@type":"WebPage","@id":"https:\/\/inai.tn\/fr\/organisation\/","url":"https:\/\/inai.tn\/fr\/organisation\/","name":"Organisation - \u0647\u064a\u0626\u0629 \u0627\u0644\u0646\u0641\u0627\u0630 \u0625\u0644\u0649 \u0627\u0644\u0645\u0639\u0644\u0648\u0645\u0629 \u0641\u064a \u062a\u0648\u0646\u0633","isPartOf":{"@id":"https:\/\/inai.tn\/#website"},"datePublished":"2018-08-02T10:07:43+00:00","dateModified":"2019-10-17T16:07:03+00:00","breadcrumb":{"@id":"https:\/\/inai.tn\/fr\/organisation\/#breadcrumb"},"inLanguage":"fr-FR","potentialAction":[{"@type":"ReadAction","target":["https:\/\/inai.tn\/fr\/organisation\/"]}]},{"@type":"BreadcrumbList","@id":"https:\/\/inai.tn\/fr\/organisation\/#breadcrumb","itemListElement":[{"@type":"ListItem","position":1,"name":"Accueil","item":"https:\/\/inai.tn\/fr\/"},{"@type":"ListItem","position":2,"name":"Organisation"}]},{"@type":"WebSite","@id":"https:\/\/inai.tn\/#website","url":"https:\/\/inai.tn\/","name":"INAI","description":"\u0627\u0644\u0646\u0641\u0627\u0630 \u0625\u0644\u0649 \u0627\u0644\u0645\u0639\u0644\u0648\u0645\u0629 \u062d\u0642 \u062f\u0633\u062a\u0648\u0631\u064a","publisher":{"@id":"https:\/\/inai.tn\/#organization"},"potentialAction":[{"@type":"SearchAction","target":{"@type":"EntryPoint","urlTemplate":"https:\/\/inai.tn\/?s={search_term_string}"},"query-input":"required name=search_term_string"}],"inLanguage":"fr-FR"},{"@type":"Organization","@id":"https:\/\/inai.tn\/#organization","name":"Instance d'Acc\u00e8s \u00e0 l'Information (INAI)","url":"https:\/\/inai.tn\/","sameAs":[],"logo":{"@type":"ImageObject","inLanguage":"fr-FR","@id":"https:\/\/inai.tn\/#\/schema\/logo\/image\/","url":"http:\/\/localhost\/wp-content\/uploads\/2018\/10\/logo-inai-2.png","contentUrl":"http:\/\/localhost\/wp-content\/uploads\/2018\/10\/logo-inai-2.png","width":140,"height":57,"caption":"Instance d'Acc\u00e8s \u00e0 l'Information (INAI)"},"image":{"@id":"https:\/\/inai.tn\/#\/schema\/logo\/image\/"}}]}},"_links":{"self":[{"href":"https:\/\/inai.tn\/fr\/wp-json\/wp\/v2\/pages\/2164"}],"collection":[{"href":"https:\/\/inai.tn\/fr\/wp-json\/wp\/v2\/pages"}],"about":[{"href":"https:\/\/inai.tn\/fr\/wp-json\/wp\/v2\/types\/page"}],"author":[{"embeddable":true,"href":"https:\/\/inai.tn\/fr\/wp-json\/wp\/v2\/users\/1"}],"replies":[{"embeddable":true,"href":"https:\/\/inai.tn\/fr\/wp-json\/wp\/v2\/comments?post=2164"}],"version-history":[{"count":0,"href":"https:\/\/inai.tn\/fr\/wp-json\/wp\/v2\/pages\/2164\/revisions"}],"wp:attachment":[{"href":"https:\/\/inai.tn\/fr\/wp-json\/wp\/v2\/media?parent=2164"}],"curies":[{"name":"wp","href":"https:\/\/api.w.org\/{rel}","templated":true}]}}