{"id":2160,"date":"2018-09-13T15:29:22","date_gmt":"2018-09-13T13:29:22","guid":{"rendered":"http:\/\/www.inai.tn\/presentation\/"},"modified":"2019-10-30T10:53:04","modified_gmt":"2019-10-30T09:53:04","slug":"presentation","status":"publish","type":"page","link":"https:\/\/inai.tn\/fr\/presentation\/","title":{"rendered":"Pr\u00e9sentation de l\u2019INAI"},"content":{"rendered":"<p>[vc_row][vc_column][vc_column_text]<\/p>\n<h1 style=\"font-family: initial; font-weight: unset; text-transform: inherit; margin-top: -10px; margin-bottom: 15px;\"><a style=\"text-decoration: none;\" title=\"INAI: Instance national d\u2019acc\u00e8s \u00e0 l\u2019information en Tunisie\" href=\"https:\/\/inai.tn\/fr\/\">Instance d\u2019acc\u00e8s \u00e0 l\u2019information en Tunisie<\/a><\/h1>\n<p><strong>L\u2019instance d\u2019acc\u00e8s \u00e0 l\u2019information<\/strong> est est une instance publique ind\u00e9pendante, dot\u00e9e de la personnalit\u00e9 morale et de l\u2019autonomie financi\u00e8re, cr\u00e9\u00e9e par la loi organique n\u00b02016-22 du 24 mars 2016 relative au droit d&#8217;acc\u00e8s \u00e0 l&#8217;information afin de garantir l&#8217;exercice de ce droit constitutionnel.<\/p>\n<p>L\u2019Instance se compose d\u2019un conseil, dont les membres ont \u00e9t\u00e9 \u00e9lus par l\u2019Assembl\u00e9e des Repr\u00e9sentants du Peuple (ARP) le 18 Juillet 2017 et nomm\u00e9s en vertu du d\u00e9cret gouvernemental n\u00b02017-918 du 17 Ao\u00fbt 2017, d\u2019un secr\u00e9tariat permanent et de services administratifs qui assurent le fonctionnement administratif et financier de l\u2019Instance sous la supervision de son pr\u00e9sident.[\/vc_column_text][\/vc_column][\/vc_row][vc_row][vc_column][vc_single_image image=&#8221;580&#8243; img_size=&#8221;full&#8221; alignment=&#8221;center&#8221;][\/vc_column][\/vc_row]<\/p>\n","protected":false},"excerpt":{"rendered":"<p>[vc_row][vc_column][vc_column_text] Instance d\u2019acc\u00e8s \u00e0 l\u2019information en Tunisie L\u2019instance d\u2019acc\u00e8s \u00e0 l\u2019information est est une instance publique ind\u00e9pendante, dot\u00e9e de la personnalit\u00e9 morale et de l\u2019autonomie financi\u00e8re, cr\u00e9\u00e9e par la loi organique n\u00b02016-22 du 24 mars 2016 relative au droit d&#8217;acc\u00e8s \u00e0 l&#8217;information afin de garantir l&#8217;exercice de ce droit constitutionnel. L\u2019Instance se compose d\u2019un conseil, [&hellip;]<\/p>\n","protected":false},"author":1,"featured_media":0,"parent":0,"menu_order":0,"comment_status":"closed","ping_status":"closed","template":"","meta":[],"acf":[],"yoast_head":"<!-- This site is optimized with the Yoast SEO plugin v19.7.1 - https:\/\/yoast.com\/wordpress\/plugins\/seo\/ -->\n<title>Presenation INAI - Instance d\u2019acc\u00e8s \u00e0 l\u2019information Tunisie<\/title>\n<meta name=\"description\" content=\"Presenation INAI Instance d\u2019acc\u00e8s \u00e0 l\u2019information Tunisie est une instance publique ind\u00e9pendante cr\u00e9\u00e9e par la loi organique du droit d\u2019acc\u00e8s \u00e0 l\u2019information\" \/>\n<meta name=\"robots\" content=\"index, follow, max-snippet:-1, max-image-preview:large, max-video-preview:-1\" \/>\n<link rel=\"canonical\" href=\"https:\/\/inai.tn\/fr\/presentation\/\" \/>\n<meta property=\"og:locale\" content=\"fr_FR\" \/>\n<meta property=\"og:type\" content=\"article\" \/>\n<meta property=\"og:title\" content=\"Presenation INAI - Instance d\u2019acc\u00e8s \u00e0 l\u2019information Tunisie\" \/>\n<meta property=\"og:description\" content=\"Presenation INAI Instance d\u2019acc\u00e8s \u00e0 l\u2019information Tunisie est une instance publique ind\u00e9pendante cr\u00e9\u00e9e par la loi organique du droit d\u2019acc\u00e8s \u00e0 l\u2019information\" \/>\n<meta property=\"og:url\" content=\"https:\/\/inai.tn\/fr\/presentation\/\" \/>\n<meta property=\"og:site_name\" content=\"\u0647\u064a\u0626\u0629 \u0627\u0644\u0646\u0641\u0627\u0630 \u0625\u0644\u0649 \u0627\u0644\u0645\u0639\u0644\u0648\u0645\u0629 \u0641\u064a \u062a\u0648\u0646\u0633\" \/>\n<meta property=\"article:modified_time\" content=\"2019-10-30T09:53:04+00:00\" \/>\n<meta name=\"twitter:card\" content=\"summary_large_image\" \/>\n<meta name=\"twitter:label1\" content=\"Dur\u00e9e de lecture estim\u00e9e\" \/>\n\t<meta name=\"twitter:data1\" content=\"1 minute\" \/>\n<script type=\"application\/ld+json\" class=\"yoast-schema-graph\">{\"@context\":\"https:\/\/schema.org\",\"@graph\":[{\"@type\":\"WebPage\",\"@id\":\"https:\/\/inai.tn\/fr\/presentation\/\",\"url\":\"https:\/\/inai.tn\/fr\/presentation\/\",\"name\":\"Presenation INAI - Instance d\u2019acc\u00e8s \u00e0 l\u2019information Tunisie\",\"isPartOf\":{\"@id\":\"https:\/\/inai.tn\/#website\"},\"datePublished\":\"2018-09-13T13:29:22+00:00\",\"dateModified\":\"2019-10-30T09:53:04+00:00\",\"description\":\"Presenation INAI Instance d\u2019acc\u00e8s \u00e0 l\u2019information Tunisie est une instance publique ind\u00e9pendante cr\u00e9\u00e9e par la loi organique du droit d\u2019acc\u00e8s \u00e0 l\u2019information\",\"breadcrumb\":{\"@id\":\"https:\/\/inai.tn\/fr\/presentation\/#breadcrumb\"},\"inLanguage\":\"fr-FR\",\"potentialAction\":[{\"@type\":\"ReadAction\",\"target\":[\"https:\/\/inai.tn\/fr\/presentation\/\"]}]},{\"@type\":\"BreadcrumbList\",\"@id\":\"https:\/\/inai.tn\/fr\/presentation\/#breadcrumb\",\"itemListElement\":[{\"@type\":\"ListItem\",\"position\":1,\"name\":\"Accueil\",\"item\":\"https:\/\/inai.tn\/fr\/\"},{\"@type\":\"ListItem\",\"position\":2,\"name\":\"Pr\u00e9sentation de l\u2019INAI\"}]},{\"@type\":\"WebSite\",\"@id\":\"https:\/\/inai.tn\/#website\",\"url\":\"https:\/\/inai.tn\/\",\"name\":\"INAI\",\"description\":\"\u0627\u0644\u0646\u0641\u0627\u0630 \u0625\u0644\u0649 \u0627\u0644\u0645\u0639\u0644\u0648\u0645\u0629 \u062d\u0642 \u062f\u0633\u062a\u0648\u0631\u064a\",\"publisher\":{\"@id\":\"https:\/\/inai.tn\/#organization\"},\"potentialAction\":[{\"@type\":\"SearchAction\",\"target\":{\"@type\":\"EntryPoint\",\"urlTemplate\":\"https:\/\/inai.tn\/?s={search_term_string}\"},\"query-input\":\"required name=search_term_string\"}],\"inLanguage\":\"fr-FR\"},{\"@type\":\"Organization\",\"@id\":\"https:\/\/inai.tn\/#organization\",\"name\":\"Instance d'Acc\u00e8s \u00e0 l'Information (INAI)\",\"url\":\"https:\/\/inai.tn\/\",\"sameAs\":[],\"logo\":{\"@type\":\"ImageObject\",\"inLanguage\":\"fr-FR\",\"@id\":\"https:\/\/inai.tn\/#\/schema\/logo\/image\/\",\"url\":\"http:\/\/localhost\/wp-content\/uploads\/2018\/10\/logo-inai-2.png\",\"contentUrl\":\"http:\/\/localhost\/wp-content\/uploads\/2018\/10\/logo-inai-2.png\",\"width\":140,\"height\":57,\"caption\":\"Instance d'Acc\u00e8s \u00e0 l'Information (INAI)\"},\"image\":{\"@id\":\"https:\/\/inai.tn\/#\/schema\/logo\/image\/\"}}]}<\/script>\n<!-- \/ Yoast SEO plugin. -->","yoast_head_json":{"title":"Presenation INAI - Instance d\u2019acc\u00e8s \u00e0 l\u2019information Tunisie","description":"Presenation INAI Instance d\u2019acc\u00e8s \u00e0 l\u2019information Tunisie est une instance publique ind\u00e9pendante cr\u00e9\u00e9e par la loi organique du droit d\u2019acc\u00e8s \u00e0 l\u2019information","robots":{"index":"index","follow":"follow","max-snippet":"max-snippet:-1","max-image-preview":"max-image-preview:large","max-video-preview":"max-video-preview:-1"},"canonical":"https:\/\/inai.tn\/fr\/presentation\/","og_locale":"fr_FR","og_type":"article","og_title":"Presenation INAI - Instance d\u2019acc\u00e8s \u00e0 l\u2019information Tunisie","og_description":"Presenation INAI Instance d\u2019acc\u00e8s \u00e0 l\u2019information Tunisie est une instance publique ind\u00e9pendante cr\u00e9\u00e9e par la loi organique du droit d\u2019acc\u00e8s \u00e0 l\u2019information","og_url":"https:\/\/inai.tn\/fr\/presentation\/","og_site_name":"\u0647\u064a\u0626\u0629 \u0627\u0644\u0646\u0641\u0627\u0630 \u0625\u0644\u0649 \u0627\u0644\u0645\u0639\u0644\u0648\u0645\u0629 \u0641\u064a \u062a\u0648\u0646\u0633","article_modified_time":"2019-10-30T09:53:04+00:00","twitter_card":"summary_large_image","twitter_misc":{"Dur\u00e9e de lecture estim\u00e9e":"1 minute"},"schema":{"@context":"https:\/\/schema.org","@graph":[{"@type":"WebPage","@id":"https:\/\/inai.tn\/fr\/presentation\/","url":"https:\/\/inai.tn\/fr\/presentation\/","name":"Presenation INAI - Instance d\u2019acc\u00e8s \u00e0 l\u2019information Tunisie","isPartOf":{"@id":"https:\/\/inai.tn\/#website"},"datePublished":"2018-09-13T13:29:22+00:00","dateModified":"2019-10-30T09:53:04+00:00","description":"Presenation INAI Instance d\u2019acc\u00e8s \u00e0 l\u2019information Tunisie est une instance publique ind\u00e9pendante cr\u00e9\u00e9e par la loi organique du droit d\u2019acc\u00e8s \u00e0 l\u2019information","breadcrumb":{"@id":"https:\/\/inai.tn\/fr\/presentation\/#breadcrumb"},"inLanguage":"fr-FR","potentialAction":[{"@type":"ReadAction","target":["https:\/\/inai.tn\/fr\/presentation\/"]}]},{"@type":"BreadcrumbList","@id":"https:\/\/inai.tn\/fr\/presentation\/#breadcrumb","itemListElement":[{"@type":"ListItem","position":1,"name":"Accueil","item":"https:\/\/inai.tn\/fr\/"},{"@type":"ListItem","position":2,"name":"Pr\u00e9sentation de l\u2019INAI"}]},{"@type":"WebSite","@id":"https:\/\/inai.tn\/#website","url":"https:\/\/inai.tn\/","name":"INAI","description":"\u0627\u0644\u0646\u0641\u0627\u0630 \u0625\u0644\u0649 \u0627\u0644\u0645\u0639\u0644\u0648\u0645\u0629 \u062d\u0642 \u062f\u0633\u062a\u0648\u0631\u064a","publisher":{"@id":"https:\/\/inai.tn\/#organization"},"potentialAction":[{"@type":"SearchAction","target":{"@type":"EntryPoint","urlTemplate":"https:\/\/inai.tn\/?s={search_term_string}"},"query-input":"required name=search_term_string"}],"inLanguage":"fr-FR"},{"@type":"Organization","@id":"https:\/\/inai.tn\/#organization","name":"Instance d'Acc\u00e8s \u00e0 l'Information (INAI)","url":"https:\/\/inai.tn\/","sameAs":[],"logo":{"@type":"ImageObject","inLanguage":"fr-FR","@id":"https:\/\/inai.tn\/#\/schema\/logo\/image\/","url":"http:\/\/localhost\/wp-content\/uploads\/2018\/10\/logo-inai-2.png","contentUrl":"http:\/\/localhost\/wp-content\/uploads\/2018\/10\/logo-inai-2.png","width":140,"height":57,"caption":"Instance d'Acc\u00e8s \u00e0 l'Information (INAI)"},"image":{"@id":"https:\/\/inai.tn\/#\/schema\/logo\/image\/"}}]}},"_links":{"self":[{"href":"https:\/\/inai.tn\/fr\/wp-json\/wp\/v2\/pages\/2160"}],"collection":[{"href":"https:\/\/inai.tn\/fr\/wp-json\/wp\/v2\/pages"}],"about":[{"href":"https:\/\/inai.tn\/fr\/wp-json\/wp\/v2\/types\/page"}],"author":[{"embeddable":true,"href":"https:\/\/inai.tn\/fr\/wp-json\/wp\/v2\/users\/1"}],"replies":[{"embeddable":true,"href":"https:\/\/inai.tn\/fr\/wp-json\/wp\/v2\/comments?post=2160"}],"version-history":[{"count":0,"href":"https:\/\/inai.tn\/fr\/wp-json\/wp\/v2\/pages\/2160\/revisions"}],"wp:attachment":[{"href":"https:\/\/inai.tn\/fr\/wp-json\/wp\/v2\/media?parent=2160"}],"curies":[{"name":"wp","href":"https:\/\/api.w.org\/{rel}","templated":true}]}}