{"id":2155,"date":"2018-08-02T12:10:43","date_gmt":"2018-08-02T10:10:43","guid":{"rendered":"http:\/\/www.inai.tn\/espace-acces-information\/"},"modified":"2018-11-06T10:57:03","modified_gmt":"2018-11-06T09:57:03","slug":"espace-acces-information","status":"publish","type":"page","link":"https:\/\/inai.tn\/fr\/espace-acces-information\/","title":{"rendered":"Espace citoyen"},"content":{"rendered":"<p>[vc_row][vc_column][vc_single_image image=&#8221;607&#8243; img_size=&#8221;full&#8221;][vc_column_text]Dans le cadre du renforcement des principes de transparence et de reddition des comptes, \u00a0l\u2019am\u00e9lioration de la \u00a0gestion des services publics, le renforcement de la participation du public dans l\u2019\u00e9laboration, le suivi de la mise en \u0153uvre et l\u2019\u00e9valuation des politiques publiques, le raffermissement\u00a0 de la confiance entre les organismes soumis aux dispositions de la\u00a0 Loi, les personnes physiques et morales ainsi que les Organismes de la\u00a0 Soci\u00e9t\u00e9 Civile, la Constitution Tunisienne consacre dans son article 32 le droit d\u2019acc\u00e8s \u00e0 l\u2019information en tant que Droit Constitutionnel dont l\u2019exercice est garanti par l\u2019Etat. Aussi, la Loi organique n\u00b0 2016-22 du 24 mars 2016, relative au droit d\u2019acc\u00e8s \u00e0 l\u2019information, \u00e9nonce les mesures d\u2019application et \u00a0les proc\u00e9dures y aff\u00e9rentes.<\/p>\n<p>Ainsi, l\u2019acc\u00e8s \u00e0 l\u2019information s\u2019effectue soit par la publication proactive de l\u2019information par l\u2019organisme concern\u00e9 et le droit d\u2019y acc\u00e9der sur demande conform\u00e9ment aux articles 6,7 et 8 de la Loi, soit \u00e0 travers toute personne physique ou morale qui pr\u00e9sente une demande \u00e9crite d\u2019acc\u00e8s \u00e0 l\u2019information conform\u00e9ment \u00e0 un mod\u00e8le pr\u00e9\u00e9tabli, mis \u00e0 la disposition du public par l\u2019organisme (document \u00e0 T\u00e9l\u00e9charger).<\/p>\n<p>Le charg\u00e9\u00a0 d\u2019acc\u00e8s \u00e0 l\u2019information est tenu notamment de r\u00e9ceptionner les demandes d\u2019acc\u00e8s \u00e0 l\u2019information, les traiter et en r\u00e9pondre dans les d\u00e9lais impartis.<\/p>\n<p>Le demandeur d\u2019acc\u00e8s \u00e0 l\u2019information insatisfait de la d\u00e9cision prise au sujet de sa demande, peut faire un recours gracieux aupr\u00e8s du chef de l\u2019organisme concern\u00e9, dans un d\u00e9lai ne d\u00e9passant pas les vingt (20) jours suivants la notification de la d\u00e9cision. Le chef de l\u2019organisme est tenu de lui r\u00e9pondre dans les plus brefs d\u00e9lais possibles \u00e0 condition de ne pas d\u00e9passer un d\u00e9lai maximum de dix (10) jours \u00e0 compter de la date du d\u00e9p\u00f4t de la demande en r\u00e9vision.<\/p>\n<p>Le silence du chef de l\u2019organisme concern\u00e9, pendant ce d\u00e9lai, vaut refus tacite. Le demandeur d\u2019acc\u00e8s \u00e0 l\u2019information peut faire un recours directement aupr\u00e8s de l\u2019instance d\u2019acc\u00e8s \u00e0 l\u2019information.<\/p>\n<p>Voici ci-apr\u00e8s le mod\u00e8le\u00a0 de la demande de recours\u00a0:[\/vc_column_text][\/vc_column][\/vc_row][vc_row][vc_column][vc_message message_box_style=&#8221;outline&#8221; style=&#8221;square&#8221; icon_fontawesome=&#8221;fa fa-download&#8221; el_id=&#8221;f1&#8243;]<\/p>\n<h4><a href=\"\/\/www.inai.tn\/wp-content\/uploads\/2018\/09\/%D9%85%D8%B7%D9%84%D8%A8-%D9%86%D9%81%D8%A7%D8%B0-%D8%A7%D9%84%D9%89-%D8%A7%D9%84%D9%85%D8%B9%D9%84%D9%88%D9%85%D8%A9-%D9%87%D9%8A%D8%A6%D8%A9-%D8%A7%D9%84%D9%86%D9%81%D8%A7%D8%B0-%D8%A7%D9%84%D9%89-%D8%A7%D9%84%D9%85%D8%B9%D9%84%D9%88%D9%85%D8%A9-3.pdf\">Formulaire de demande d\u2019acc\u00e8s<\/a><\/h4>\n<p>[\/vc_message][\/vc_column][\/vc_row][vc_row][vc_column][vc_message message_box_style=&#8221;outline&#8221; style=&#8221;square&#8221; icon_fontawesome=&#8221;fa fa-download&#8221; el_id=&#8221;f2&#8243;]<\/p>\n<h4><a href=\"\/\/www.inai.tn\/wp-content\/uploads\/2018\/09\/%D9%85%D8%B7%D9%84%D8%A8-%D8%AA%D8%B8%D9%84%D9%85-%D9%87%D9%8A%D8%A6%D8%A9-%D8%A7%D9%84%D9%86%D9%81%D8%A7%D8%B0-%D8%A7%D9%84%D9%89-%D8%A7%D9%84%D9%85%D8%B9%D9%84%D9%88%D9%85%D8%A9-1.pdf\">Formulaire de demande de recours gracieux<\/a><\/h4>\n<p>[\/vc_message][\/vc_column][\/vc_row]<\/p>\n","protected":false},"excerpt":{"rendered":"<p>[vc_row][vc_column][vc_single_image image=&#8221;607&#8243; img_size=&#8221;full&#8221;][vc_column_text]Dans le cadre du renforcement des principes de transparence et de reddition des comptes, \u00a0l\u2019am\u00e9lioration de la \u00a0gestion des services publics, le renforcement de la participation du public dans l\u2019\u00e9laboration, le suivi de la mise en \u0153uvre et l\u2019\u00e9valuation des politiques publiques, le raffermissement\u00a0 de la confiance entre les organismes soumis aux dispositions [&hellip;]<\/p>\n","protected":false},"author":1,"featured_media":0,"parent":0,"menu_order":0,"comment_status":"closed","ping_status":"closed","template":"","meta":[],"acf":[],"yoast_head":"<!-- This site is optimized with the Yoast SEO plugin v19.7.1 - https:\/\/yoast.com\/wordpress\/plugins\/seo\/ -->\n<title>Espace citoyen - \u0647\u064a\u0626\u0629 \u0627\u0644\u0646\u0641\u0627\u0630 \u0625\u0644\u0649 \u0627\u0644\u0645\u0639\u0644\u0648\u0645\u0629 \u0641\u064a \u062a\u0648\u0646\u0633<\/title>\n<meta name=\"robots\" content=\"index, follow, max-snippet:-1, max-image-preview:large, max-video-preview:-1\" \/>\n<link rel=\"canonical\" href=\"https:\/\/inai.tn\/fr\/espace-acces-information\/\" \/>\n<meta property=\"og:locale\" content=\"fr_FR\" \/>\n<meta property=\"og:type\" content=\"article\" \/>\n<meta property=\"og:title\" content=\"Espace citoyen - \u0647\u064a\u0626\u0629 \u0627\u0644\u0646\u0641\u0627\u0630 \u0625\u0644\u0649 \u0627\u0644\u0645\u0639\u0644\u0648\u0645\u0629 \u0641\u064a \u062a\u0648\u0646\u0633\" \/>\n<meta property=\"og:description\" content=\"[vc_row][vc_column][vc_single_image image=&#8221;607&#8243; img_size=&#8221;full&#8221;][vc_column_text]Dans le cadre du renforcement des principes de transparence et de reddition des comptes, \u00a0l\u2019am\u00e9lioration de la \u00a0gestion des services publics, le renforcement de la participation du public dans l\u2019\u00e9laboration, le suivi de la mise en \u0153uvre et l\u2019\u00e9valuation des politiques publiques, le raffermissement\u00a0 de la confiance entre les organismes soumis aux dispositions [&hellip;]\" \/>\n<meta property=\"og:url\" content=\"https:\/\/inai.tn\/fr\/espace-acces-information\/\" \/>\n<meta property=\"og:site_name\" content=\"\u0647\u064a\u0626\u0629 \u0627\u0644\u0646\u0641\u0627\u0630 \u0625\u0644\u0649 \u0627\u0644\u0645\u0639\u0644\u0648\u0645\u0629 \u0641\u064a \u062a\u0648\u0646\u0633\" \/>\n<meta property=\"article:modified_time\" content=\"2018-11-06T09:57:03+00:00\" \/>\n<meta name=\"twitter:card\" content=\"summary_large_image\" \/>\n<meta name=\"twitter:label1\" content=\"Dur\u00e9e de lecture estim\u00e9e\" \/>\n\t<meta name=\"twitter:data1\" content=\"2 minutes\" \/>\n<script type=\"application\/ld+json\" class=\"yoast-schema-graph\">{\"@context\":\"https:\/\/schema.org\",\"@graph\":[{\"@type\":\"WebPage\",\"@id\":\"https:\/\/inai.tn\/fr\/espace-acces-information\/\",\"url\":\"https:\/\/inai.tn\/fr\/espace-acces-information\/\",\"name\":\"Espace citoyen - \u0647\u064a\u0626\u0629 \u0627\u0644\u0646\u0641\u0627\u0630 \u0625\u0644\u0649 \u0627\u0644\u0645\u0639\u0644\u0648\u0645\u0629 \u0641\u064a \u062a\u0648\u0646\u0633\",\"isPartOf\":{\"@id\":\"https:\/\/inai.tn\/#website\"},\"datePublished\":\"2018-08-02T10:10:43+00:00\",\"dateModified\":\"2018-11-06T09:57:03+00:00\",\"breadcrumb\":{\"@id\":\"https:\/\/inai.tn\/fr\/espace-acces-information\/#breadcrumb\"},\"inLanguage\":\"fr-FR\",\"potentialAction\":[{\"@type\":\"ReadAction\",\"target\":[\"https:\/\/inai.tn\/fr\/espace-acces-information\/\"]}]},{\"@type\":\"BreadcrumbList\",\"@id\":\"https:\/\/inai.tn\/fr\/espace-acces-information\/#breadcrumb\",\"itemListElement\":[{\"@type\":\"ListItem\",\"position\":1,\"name\":\"Accueil\",\"item\":\"https:\/\/inai.tn\/fr\/\"},{\"@type\":\"ListItem\",\"position\":2,\"name\":\"Espace citoyen\"}]},{\"@type\":\"WebSite\",\"@id\":\"https:\/\/inai.tn\/#website\",\"url\":\"https:\/\/inai.tn\/\",\"name\":\"INAI\",\"description\":\"\u0627\u0644\u0646\u0641\u0627\u0630 \u0625\u0644\u0649 \u0627\u0644\u0645\u0639\u0644\u0648\u0645\u0629 \u062d\u0642 \u062f\u0633\u062a\u0648\u0631\u064a\",\"publisher\":{\"@id\":\"https:\/\/inai.tn\/#organization\"},\"potentialAction\":[{\"@type\":\"SearchAction\",\"target\":{\"@type\":\"EntryPoint\",\"urlTemplate\":\"https:\/\/inai.tn\/?s={search_term_string}\"},\"query-input\":\"required name=search_term_string\"}],\"inLanguage\":\"fr-FR\"},{\"@type\":\"Organization\",\"@id\":\"https:\/\/inai.tn\/#organization\",\"name\":\"Instance d'Acc\u00e8s \u00e0 l'Information (INAI)\",\"url\":\"https:\/\/inai.tn\/\",\"sameAs\":[],\"logo\":{\"@type\":\"ImageObject\",\"inLanguage\":\"fr-FR\",\"@id\":\"https:\/\/inai.tn\/#\/schema\/logo\/image\/\",\"url\":\"http:\/\/localhost\/wp-content\/uploads\/2018\/10\/logo-inai-2.png\",\"contentUrl\":\"http:\/\/localhost\/wp-content\/uploads\/2018\/10\/logo-inai-2.png\",\"width\":140,\"height\":57,\"caption\":\"Instance d'Acc\u00e8s \u00e0 l'Information (INAI)\"},\"image\":{\"@id\":\"https:\/\/inai.tn\/#\/schema\/logo\/image\/\"}}]}<\/script>\n<!-- \/ Yoast SEO plugin. -->","yoast_head_json":{"title":"Espace citoyen - \u0647\u064a\u0626\u0629 \u0627\u0644\u0646\u0641\u0627\u0630 \u0625\u0644\u0649 \u0627\u0644\u0645\u0639\u0644\u0648\u0645\u0629 \u0641\u064a \u062a\u0648\u0646\u0633","robots":{"index":"index","follow":"follow","max-snippet":"max-snippet:-1","max-image-preview":"max-image-preview:large","max-video-preview":"max-video-preview:-1"},"canonical":"https:\/\/inai.tn\/fr\/espace-acces-information\/","og_locale":"fr_FR","og_type":"article","og_title":"Espace citoyen - \u0647\u064a\u0626\u0629 \u0627\u0644\u0646\u0641\u0627\u0630 \u0625\u0644\u0649 \u0627\u0644\u0645\u0639\u0644\u0648\u0645\u0629 \u0641\u064a \u062a\u0648\u0646\u0633","og_description":"[vc_row][vc_column][vc_single_image image=&#8221;607&#8243; img_size=&#8221;full&#8221;][vc_column_text]Dans le cadre du renforcement des principes de transparence et de reddition des comptes, \u00a0l\u2019am\u00e9lioration de la \u00a0gestion des services publics, le renforcement de la participation du public dans l\u2019\u00e9laboration, le suivi de la mise en \u0153uvre et l\u2019\u00e9valuation des politiques publiques, le raffermissement\u00a0 de la confiance entre les organismes soumis aux dispositions [&hellip;]","og_url":"https:\/\/inai.tn\/fr\/espace-acces-information\/","og_site_name":"\u0647\u064a\u0626\u0629 \u0627\u0644\u0646\u0641\u0627\u0630 \u0625\u0644\u0649 \u0627\u0644\u0645\u0639\u0644\u0648\u0645\u0629 \u0641\u064a \u062a\u0648\u0646\u0633","article_modified_time":"2018-11-06T09:57:03+00:00","twitter_card":"summary_large_image","twitter_misc":{"Dur\u00e9e de lecture estim\u00e9e":"2 minutes"},"schema":{"@context":"https:\/\/schema.org","@graph":[{"@type":"WebPage","@id":"https:\/\/inai.tn\/fr\/espace-acces-information\/","url":"https:\/\/inai.tn\/fr\/espace-acces-information\/","name":"Espace citoyen - \u0647\u064a\u0626\u0629 \u0627\u0644\u0646\u0641\u0627\u0630 \u0625\u0644\u0649 \u0627\u0644\u0645\u0639\u0644\u0648\u0645\u0629 \u0641\u064a \u062a\u0648\u0646\u0633","isPartOf":{"@id":"https:\/\/inai.tn\/#website"},"datePublished":"2018-08-02T10:10:43+00:00","dateModified":"2018-11-06T09:57:03+00:00","breadcrumb":{"@id":"https:\/\/inai.tn\/fr\/espace-acces-information\/#breadcrumb"},"inLanguage":"fr-FR","potentialAction":[{"@type":"ReadAction","target":["https:\/\/inai.tn\/fr\/espace-acces-information\/"]}]},{"@type":"BreadcrumbList","@id":"https:\/\/inai.tn\/fr\/espace-acces-information\/#breadcrumb","itemListElement":[{"@type":"ListItem","position":1,"name":"Accueil","item":"https:\/\/inai.tn\/fr\/"},{"@type":"ListItem","position":2,"name":"Espace citoyen"}]},{"@type":"WebSite","@id":"https:\/\/inai.tn\/#website","url":"https:\/\/inai.tn\/","name":"INAI","description":"\u0627\u0644\u0646\u0641\u0627\u0630 \u0625\u0644\u0649 \u0627\u0644\u0645\u0639\u0644\u0648\u0645\u0629 \u062d\u0642 \u062f\u0633\u062a\u0648\u0631\u064a","publisher":{"@id":"https:\/\/inai.tn\/#organization"},"potentialAction":[{"@type":"SearchAction","target":{"@type":"EntryPoint","urlTemplate":"https:\/\/inai.tn\/?s={search_term_string}"},"query-input":"required name=search_term_string"}],"inLanguage":"fr-FR"},{"@type":"Organization","@id":"https:\/\/inai.tn\/#organization","name":"Instance d'Acc\u00e8s \u00e0 l'Information (INAI)","url":"https:\/\/inai.tn\/","sameAs":[],"logo":{"@type":"ImageObject","inLanguage":"fr-FR","@id":"https:\/\/inai.tn\/#\/schema\/logo\/image\/","url":"http:\/\/localhost\/wp-content\/uploads\/2018\/10\/logo-inai-2.png","contentUrl":"http:\/\/localhost\/wp-content\/uploads\/2018\/10\/logo-inai-2.png","width":140,"height":57,"caption":"Instance d'Acc\u00e8s \u00e0 l'Information (INAI)"},"image":{"@id":"https:\/\/inai.tn\/#\/schema\/logo\/image\/"}}]}},"_links":{"self":[{"href":"https:\/\/inai.tn\/fr\/wp-json\/wp\/v2\/pages\/2155"}],"collection":[{"href":"https:\/\/inai.tn\/fr\/wp-json\/wp\/v2\/pages"}],"about":[{"href":"https:\/\/inai.tn\/fr\/wp-json\/wp\/v2\/types\/page"}],"author":[{"embeddable":true,"href":"https:\/\/inai.tn\/fr\/wp-json\/wp\/v2\/users\/1"}],"replies":[{"embeddable":true,"href":"https:\/\/inai.tn\/fr\/wp-json\/wp\/v2\/comments?post=2155"}],"version-history":[{"count":0,"href":"https:\/\/inai.tn\/fr\/wp-json\/wp\/v2\/pages\/2155\/revisions"}],"wp:attachment":[{"href":"https:\/\/inai.tn\/fr\/wp-json\/wp\/v2\/media?parent=2155"}],"curies":[{"name":"wp","href":"https:\/\/api.w.org\/{rel}","templated":true}]}}