{"id":2147,"date":"2018-07-23T12:46:13","date_gmt":"2018-07-23T10:46:13","guid":{"rendered":"http:\/\/www.inai.tn\/contact\/"},"modified":"2019-10-30T10:52:24","modified_gmt":"2019-10-30T09:52:24","slug":"contact-inai","status":"publish","type":"page","link":"https:\/\/inai.tn\/fr\/contact-inai\/","title":{"rendered":"Contact"},"content":{"rendered":"<p>[vc_row][vc_column width=&#8221;2\/3&#8243;]\t<div  class=\"bs-shortcode bs-heading-shortcode \">\n\t\t\t\t<h3 class=\"section-heading sh-t5 sh-s1\">\n\t\t\t\t<span class=\"h-text\">Contactez-nous<\/span>\n\t\t\t\t<\/h3>\n\t\t\t<\/div>\n[vc_column_text]Si vous souhaitez acc\u00e9der \u00e0 un document administratif pr\u00e9cis, commencez par le demander au service qui le d\u00e9tient. En cas de difficult\u00e9s, vous pourrez alors demander \u00e0 L\u2019Instance d\u2019Acc\u00e8s \u00e0 l\u2019Information (INAI) d\u2019intervenir, en la saisissant par courrier (lettre simple), par formulaire en ligne ou par E-Mail.[\/vc_column_text]\n                <div class='gf_browser_gecko gform_wrapper' id='gform_wrapper_3' ><form method='post' enctype='multipart\/form-data'  id='gform_3'  action='\/fr\/wp-json\/wp\/v2\/pages\/2147'>\n                        <div class='gform_body'><ul id='gform_fields_3' class='gform_fields top_label form_sublabel_below description_below'><li id='field_3_1' class='gfield gfield_contains_required field_sublabel_below field_description_below gfield_visibility_visible' ><label class='gfield_label gfield_label_before_complex' for='input_3_1_3' >Nom &amp; pr\u00e9nom<span class='gfield_required'>*<\/span><\/label><div class='ginput_complex ginput_container no_prefix has_first_name no_middle_name no_last_name no_suffix gf_name_has_1 ginput_container_name gfield_trigger_change' id='input_3_1'>\n                            \n                            <span id='input_3_1_3_container' class='name_first' >\n                                                    <input type='text' name='input_1.3' id='input_3_1_3' value='' aria-label='Pr\u00e9nom' tabindex='2'  aria-required=\"true\" aria-invalid=\"false\" \/>\n                                                    <label for='input_3_1_3' >Pr\u00e9nom<\/label>\n                                                <\/span>\n                            \n                            \n                            \n                        <\/div><\/li><li id='field_3_2' class='gfield gfield_contains_required field_sublabel_below field_description_below gfield_visibility_visible' ><label class='gfield_label' for='input_3_2' >Adresse \u00e9lectronique<span class='gfield_required'>*<\/span><\/label><div class='ginput_container ginput_container_email'>\n                            <input name='input_2' id='input_3_2' type='text' value='' class='large' tabindex='6'    aria-required=\"true\" aria-invalid=\"false\"\/>\n                        <\/div><\/li><li id='field_3_3' class='gfield gfield_contains_required field_sublabel_below field_description_below gfield_visibility_visible' ><label class='gfield_label' for='input_3_3' >T\u00e9l\u00e9phone<span class='gfield_required'>*<\/span><\/label><div class='ginput_container ginput_container_phone'><input name='input_3' id='input_3_3' type='text' value='' class='large' tabindex='7'   aria-required=\"true\" aria-invalid=\"false\" \/><\/div><\/li><li id='field_3_6' class='gfield gfield_contains_required field_sublabel_below field_description_below gfield_visibility_visible' ><label class='gfield_label' for='input_3_6' >Sujet<span class='gfield_required'>*<\/span><\/label><div class='ginput_container ginput_container_select'><select name='input_6' id='input_3_6'  class='large gfield_select' tabindex='8'  aria-required=\"true\" aria-invalid=\"false\"><option value='Suivi affaire' >Suivi affaire<\/option><option value='Renseignement sur les proc\u00e9dures' >Renseignement sur les proc\u00e9dures<\/option><option value='Autres questions' selected='selected'>Autres questions<\/option><\/select><\/div><\/li><li id='field_3_4' class='gfield gfield_contains_required field_sublabel_below field_description_below gfield_visibility_visible' ><label class='gfield_label' for='input_3_4' >Message ou suggestions<span class='gfield_required'>*<\/span><\/label><div class='ginput_container ginput_container_textarea'><textarea name='input_4' id='input_3_4' class='textarea medium' tabindex='9'   aria-required=\"true\" aria-invalid=\"false\"   rows='10' cols='50'><\/textarea><\/div><\/li><li id='field_3_5' class='gfield field_sublabel_below field_description_below gfield_visibility_visible' ><label class='gfield_label' for='input_3_5' ><\/label><div id='input_3_5' class='ginput_container ginput_recaptcha' data-sitekey='6LdwNn0UAAAAAOWSdd8NOWh1DXuxsfrTBliBjIqE'  data-theme='light' ><\/div><\/li>\n                            <\/ul><\/div>\n        <div class='gform_footer top_label'> <input type='submit' id='gform_submit_button_3' class='gform_button button' value='Envoyer' tabindex='10' onclick='if(window[\"gf_submitting_3\"]){return false;}  window[\"gf_submitting_3\"]=true;  ' onkeypress='if( event.keyCode == 13 ){ if(window[\"gf_submitting_3\"]){return false;} window[\"gf_submitting_3\"]=true;  jQuery(\"#gform_3\").trigger(\"submit\",[true]); }' \/> \n            <input type='hidden' class='gform_hidden' name='is_submit_3' value='1' \/>\n            <input type='hidden' class='gform_hidden' name='gform_submit' value='3' \/>\n            \n            <input type='hidden' class='gform_hidden' name='gform_unique_id' value='' \/>\n            <input type='hidden' class='gform_hidden' name='state_3' value='WyJbXSIsIjU4NjRjNWZiNTI2N2MwOTU5N2E3NjZjNGZkM2RjNDJhIl0=' \/>\n            <input type='hidden' class='gform_hidden' name='gform_target_page_number_3' id='gform_target_page_number_3' value='0' \/>\n            <input type='hidden' class='gform_hidden' name='gform_source_page_number_3' id='gform_source_page_number_3' value='1' \/>\n            <input type='hidden' name='gform_field_values' value='' \/>\n            \n        <\/div>\n                        <\/form>\n                        <\/div><script type='text\/javascript'> if(typeof gf_global == 'undefined') var gf_global = {\"gf_currency_config\":{\"name\":\"Dollar US\",\"symbol_left\":\"$\",\"symbol_right\":\"\",\"symbol_padding\":\"\",\"thousand_separator\":\",\",\"decimal_separator\":\".\",\"decimals\":2},\"base_url\":\"https:\\\/\\\/inai.tn\\\/wp-content\\\/plugins\\\/gravityforms\",\"number_formats\":[],\"spinnerUrl\":\"https:\\\/\\\/inai.tn\\\/wp-content\\\/plugins\\\/gravityforms\\\/images\\\/spinner.gif\"};jQuery(document).bind('gform_post_render', function(event, formId, currentPage){if(formId == 3) {} } );jQuery(document).bind('gform_post_conditional_logic', function(event, formId, fields, isInit){} );<\/script><script type='text\/javascript'> jQuery(document).ready(function(){jQuery(document).trigger('gform_post_render', [3, 1]) } ); <\/script>[\/vc_column][vc_column width=&#8221;1\/3&#8243;]\t<div\n\t\t\t\t\tclass=\"bs-shortcode bs-text \">\n\t\t\t\t<h3 class=\"section-heading sh-t5 sh-s1\">\n\t\t\t\t<span class=\"h-text\">Informations de contact<\/span>\n\t\t\t\t<\/h3>\n\t\t\t\t<div class=\"bs-text-content\">\n\t\t\t<\/p>\n<table class=\"adress_footer\">\n<tbody>\n<tr>\n<td>N\u00b08 Rue Ahmed Gharbi \u2013 Cit\u00e9 Mahraj\u00e8ne \u2013 Tunis Belv\u00e9d\u00e8re 1082<\/td>\n<\/tr>\n<tr>\n<td>T\u00e9l\u00e9phone(s) :<br \/>\n(+216) 70\u00a0241\u00a0996<\/td>\n<\/tr>\n<tr>\n<td>Fax : (+216) 71 781 437<\/td>\n<\/tr>\n<tr>\n<td><a href=\"mailto:contact@inai.tn\">contact@inai.tn<\/a><\/td>\n<\/tr>\n<\/tbody>\n<\/table>\n<p>\n\t\t<\/div>\n\t<\/div><!-- .bs-text -->\n\t<div\n\t\t\t\t\tclass=\"bs-shortcode bs-text  no_margin\">\n\t\t\t\t<h3 class=\"section-heading sh-t5 sh-s1\">\n\t\t\t\t<span class=\"h-text\">Abonnez-vous \u00e0 notre newsletter<\/span>\n\t\t\t\t<\/h3>\n\t\t\t\t<div class=\"bs-text-content\">\n\t\t\t<style id='mailster-form-default' type='text\/css'>.mailster-emebed-form body{\n\tbackground: none;\n\tpadding:0;\n\tmargin:0;\n}\n.mailster-emebed-form .mailster-form-body{\n\tpadding:5px !important;\n\tmargin:auto !important;\n}\n.mailster-form-wrap{\n\tmax-width:100%;\n\tmax-height:95%;\n\tmin-width:100px;\n\t-webkit-overflow-scrolling:touch;\n}\n.mailster-form{\n\tmargin-bottom:20px;\n\tposition:relative;\n}\n.mailster-form:before{\n\tcontent: \"\";\n\tposition: absolute;\n\tdisplay: block;\n\theight: 100%;\n\twidth: 100%;\n\tz-index: 1;\n\tbackground-repeat:no-repeat;\n\tbackground-position:center center;\n\tbackground-size:20px 20px;\n\tbackground-image:url('https:\/\/inai.tn\/wp-content\/plugins\/mailster\/assets\/css\/..\/img\/loading.gif');\n\tvisibility:hidden;\n\topacity:0;\n\t-webkit-transition:opacity .15s ease-in-out;\n\t-moz-transition:opacity .15s ease-in-out;\n\t-ms-transition:opacity .15s ease-in-out;\n\t-o-transition:opacity .15s ease-in-out;\n\ttransition:opacity .15s ease-in-out;\n}\n.mailster-form.loading:before{\n\topacity:1;\n\tvisibility:visible;\n}\n@media only screen and (-webkit-min-device-pixel-ratio: 2), only screen and (min-resolution: 192dpi) {\n\t.mailster-form:before {\n\t\tbackground-image:url('https:\/\/inai.tn\/wp-content\/plugins\/mailster\/assets\/css\/..\/img\/loading_2x.gif');\n\t}\n}\n.mailster-form:after, .mailster-form-fields:after{\n\tcontent: \".\";\n\tvisibility: hidden;\n\tdisplay: block;\n\theight: 0;\n\tclear: both;\n}\n.mailster-form, .mailster-form .input, .mailster-form .mailster-form-info{\n\twidth:100%;\n\t-webkit-box-sizing:border-box;\n\t-moz-box-sizing:border-box;\n\tbox-sizing:border-box;\n}\n.mailster-emebed-form .mailster-form{\n\tmargin-bottom:3px;\n}\n.mailster-form .mailster-wrapper{\n\tposition:relative;\n\tmargin-bottom:2px;\n\t-webkit-transition:opacity .15s ease-in-out;\n\t-moz-transition:opacity .15s ease-in-out;\n\t-ms-transition:opacity .15s ease-in-out;\n\t-o-transition:opacity .15s ease-in-out;\n\ttransition:opacity .15s ease-in-out;\n}\n.mailster-form.loading .mailster-wrapper{\n\topacity:0.2;\n}\n.mailster-form textarea.input {\n\tresize:vertical;\n\theight:150px;\n}\n.mailster-form li{\n\tlist-style:none !important;\n\tmargin-left:0;\n\tpadding-left:0;\n}\nspan.mailster-required {\n\tfont-size:120%;\n\tfont-weight:700;\n\tcolor:#BF4D4D;\n}\n.mailster-lists-wrapper ul {\n\tlist-style:none;\n\tmargin-left:0;\n\tpadding-left:0;\n}\n.mailster-lists-wrapper ul li{\n\tmargin-left:0;\n}\n.mailster-list-description {\n\tcolor:inherit;\n\tdisplay:block;\n\tmargin-left:25px;\n\tfont-size:0.8em;\n}\n.mailster-form-info {\n\theight:0%;\n\tborder-radius:2px;\n\tpadding:5px;\n\tmargin-bottom:4px;\n\tcolor:#fff;\n\tpadding:9px 16px;\n\t-webkit-transition:all 0.2s;\n\t-moz-transition:all 0.2s;\n\ttransition:all 0.2s;\n\t-webkit-transform:scale(0);\n\t-moz-transform:scale(0);\n\t-ms-transform:scale(0);\n\ttransform:scale(0);\n}\n.mailster-form.loading .mailster-form-info {\n\topacity:0;\n}\n.mailster-form-info a{\n\tcolor:#fff\n}\n.mailster-form-info.success, .mailster-form-info.error {\n\tdisplay:block;\n\theight:100%;\n\t-webkit-transform:scale(1);\n\t-moz-transform:scale(1);\n\t-ms-transform:scale(1);\n\ttransform:scale(1);\n}\n.mailster-form .error input, .mailster-form .error select, .mailster-form .error textarea {\n\toutline:2px solid #BF4D4D;\n\toutline-offset:0;<\/p>\n<p>}\n.mailster-form-info.error {\n\tbackground:#BF4D4D;\n}\n.mailster-form-info.success {\n\tbackground-color:#6fbf4d;\n\ttext-align:center;\n}\n.mailster-form-info ul, .mailster-form .mailster-form-info p{\n\tmargin:0;\n\tpadding:0;\n}\n.mailster-form-info ul li{\n\tcolor:inherit;\n\tmargin-left:0;\n}\n.mailster-submit-wrapper {\n\tmargin-top:6px;\n}\n.mailster-form .submit-button {\n\tcursor:pointer;\n}\n.mailster-form .submit-button:focus {\n\toutline:0;\n}\n<\/style>\n<form action=\"https:\/\/inai.tn\/fr\/mailster\/subscribe\" method=\"post\" class=\"mailster-form-2 mailster-form mailster-form-submit mailster-ajax-form\"><input name=\"_referer\" type=\"hidden\" value=\"https:\/\/inai.tn\/fr\/wp-json\/wp\/v2\/pages\/2147\"><br \/>\n<input name=\"formid\" type=\"hidden\" value=\"2\"><\/p>\n<div class=\"mailster-form-fields\">\n<label style=\"position:absolute;top:-99999px;left:-99999px;z-index:-99;\"><input name=\"n_73aa3f8422_email\" type=\"email\" tabindex=\"-1\" autocomplete=\"off\"><\/label><\/p>\n<div class=\"mailster-wrapper mailster-email-wrapper\"><input id=\"mailster-email-2\" name=\"email\" type=\"email\" value=\"\" placeholder=\"Email *\" class=\"input mailster-email mailster-required\" aria-required=\"true\" aria-label=\"Email\" spellcheck=\"false\"><\/div>\n<div class=\"mailster-wrapper mailster-submit-wrapper form-submit\"><input name=\"submit\" type=\"submit\" value=\"S&#039;inscrire\" class=\"submit-button button\" aria-label=\"S&#039;inscrire\"><\/div>\n<\/div>\n<\/form>\n\t\t<\/div>\n\t<\/div><!-- .bs-text -->\n\t\t<div  class=\"  better-studio-shortcode bsc-clearfix better-social-counter style-box colored in-3-col\">\n\t\t\t\t\t<h3 class=\"section-heading sh-t5 sh-s1\">\n\t\t\t\t<span class=\"h-text\">R\u00e9seaux sociaux<\/span>\n\t\t\t\t<\/h3>\n\t\t\t\t\t<ul class=\"social-list bsc-clearfix\"><li class=\"social-item facebook\"><a href=\"https:\/\/www.facebook.com\/INAITN\" class=\"item-link\" target=\"_blank\"><i class=\"item-icon bsfi-facebook\"><\/i><span class=\"item-count\">\u0627\u0644\u0641\u0627\u064a\u0633\u0628\u0648\u0643<\/span><span class=\"item-title\">Like our page<\/span><\/a><\/li><li class=\"social-item youtube\"><a href=\"#\" class=\"item-link\" target=\"_blank\"><i class=\"item-icon bsfi-youtube\"><\/i><span class=\"item-count\">Youtube<\/span><span class=\"item-title\">Subscribe<\/span><\/a><\/li><li class=\"social-item twitter\"><a href=\"https:\/\/twitter.com\/#\" class=\"item-link\" target=\"_blank\"><i class=\"item-icon bsfi-twitter\"><\/i><span class=\"item-count\">\u062a\u0648\u064a\u062a\u0631<\/span><span class=\"item-title\">Follow Us<\/span><\/a><\/li>\t\t\t<\/ul>\n\t\t<\/div>\n\t\t[\/vc_column][\/vc_row]<\/p>\n","protected":false},"excerpt":{"rendered":"<p>[vc_row][vc_column width=&#8221;2\/3&#8243;][vc_column_text]Si vous souhaitez acc\u00e9der \u00e0 un document administratif pr\u00e9cis, commencez par le demander au service qui le d\u00e9tient. En cas de difficult\u00e9s, vous pourrez alors demander \u00e0 L\u2019Instance d\u2019Acc\u00e8s \u00e0 l\u2019Information (INAI) d\u2019intervenir, en la saisissant par courrier (lettre simple), par formulaire en ligne ou par E-Mail.[\/vc_column_text][\/vc_column][vc_column width=&#8221;1\/3&#8243;][\/vc_column][\/vc_row]<\/p>\n","protected":false},"author":1,"featured_media":0,"parent":0,"menu_order":0,"comment_status":"closed","ping_status":"closed","template":"","meta":[],"acf":[],"yoast_head":"<!-- This site is optimized with the Yoast SEO plugin v19.7.1 - https:\/\/yoast.com\/wordpress\/plugins\/seo\/ -->\n<title>Contact INAI -Instance d\u2019acc\u00e8s \u00e0 l\u2019information en Tunisie<\/title>\n<meta name=\"description\" content=\"contactez nous INAI Instance d\u2019acc\u00e8s \u00e0 l\u2019information en Tunisie se compose d\u2019un conseil, dont les membres ont \u00e9t\u00e9 \u00e9lus par l&#039; (ARP) en Tunisie\" \/>\n<meta name=\"robots\" content=\"index, follow, max-snippet:-1, max-image-preview:large, max-video-preview:-1\" \/>\n<link rel=\"canonical\" href=\"https:\/\/inai.tn\/fr\/contact-inai\/\" \/>\n<meta property=\"og:locale\" content=\"fr_FR\" \/>\n<meta property=\"og:type\" content=\"article\" \/>\n<meta property=\"og:title\" content=\"Contact INAI -Instance d\u2019acc\u00e8s \u00e0 l\u2019information en Tunisie\" \/>\n<meta property=\"og:description\" content=\"contactez nous INAI Instance d\u2019acc\u00e8s \u00e0 l\u2019information en Tunisie se compose d\u2019un conseil, dont les membres ont \u00e9t\u00e9 \u00e9lus par l&#039; (ARP) en Tunisie\" \/>\n<meta property=\"og:url\" content=\"https:\/\/inai.tn\/fr\/contact-inai\/\" \/>\n<meta property=\"og:site_name\" content=\"\u0647\u064a\u0626\u0629 \u0627\u0644\u0646\u0641\u0627\u0630 \u0625\u0644\u0649 \u0627\u0644\u0645\u0639\u0644\u0648\u0645\u0629 \u0641\u064a \u062a\u0648\u0646\u0633\" \/>\n<meta property=\"article:modified_time\" content=\"2019-10-30T09:52:24+00:00\" \/>\n<meta name=\"twitter:card\" content=\"summary_large_image\" \/>\n<meta name=\"twitter:label1\" content=\"Dur\u00e9e de lecture estim\u00e9e\" \/>\n\t<meta name=\"twitter:data1\" content=\"1 minute\" \/>\n<script type=\"application\/ld+json\" class=\"yoast-schema-graph\">{\"@context\":\"https:\/\/schema.org\",\"@graph\":[{\"@type\":\"WebPage\",\"@id\":\"https:\/\/inai.tn\/fr\/contact-inai\/\",\"url\":\"https:\/\/inai.tn\/fr\/contact-inai\/\",\"name\":\"Contact INAI -Instance d\u2019acc\u00e8s \u00e0 l\u2019information en Tunisie\",\"isPartOf\":{\"@id\":\"https:\/\/inai.tn\/#website\"},\"datePublished\":\"2018-07-23T10:46:13+00:00\",\"dateModified\":\"2019-10-30T09:52:24+00:00\",\"description\":\"contactez nous INAI Instance d\u2019acc\u00e8s \u00e0 l\u2019information en Tunisie se compose d\u2019un conseil, dont les membres ont \u00e9t\u00e9 \u00e9lus par l' (ARP) en Tunisie\",\"breadcrumb\":{\"@id\":\"https:\/\/inai.tn\/fr\/contact-inai\/#breadcrumb\"},\"inLanguage\":\"fr-FR\",\"potentialAction\":[{\"@type\":\"ReadAction\",\"target\":[\"https:\/\/inai.tn\/fr\/contact-inai\/\"]}]},{\"@type\":\"BreadcrumbList\",\"@id\":\"https:\/\/inai.tn\/fr\/contact-inai\/#breadcrumb\",\"itemListElement\":[{\"@type\":\"ListItem\",\"position\":1,\"name\":\"Accueil\",\"item\":\"https:\/\/inai.tn\/fr\/\"},{\"@type\":\"ListItem\",\"position\":2,\"name\":\"Contact\"}]},{\"@type\":\"WebSite\",\"@id\":\"https:\/\/inai.tn\/#website\",\"url\":\"https:\/\/inai.tn\/\",\"name\":\"INAI\",\"description\":\"\u0627\u0644\u0646\u0641\u0627\u0630 \u0625\u0644\u0649 \u0627\u0644\u0645\u0639\u0644\u0648\u0645\u0629 \u062d\u0642 \u062f\u0633\u062a\u0648\u0631\u064a\",\"publisher\":{\"@id\":\"https:\/\/inai.tn\/#organization\"},\"potentialAction\":[{\"@type\":\"SearchAction\",\"target\":{\"@type\":\"EntryPoint\",\"urlTemplate\":\"https:\/\/inai.tn\/?s={search_term_string}\"},\"query-input\":\"required name=search_term_string\"}],\"inLanguage\":\"fr-FR\"},{\"@type\":\"Organization\",\"@id\":\"https:\/\/inai.tn\/#organization\",\"name\":\"Instance d'Acc\u00e8s \u00e0 l'Information (INAI)\",\"url\":\"https:\/\/inai.tn\/\",\"sameAs\":[],\"logo\":{\"@type\":\"ImageObject\",\"inLanguage\":\"fr-FR\",\"@id\":\"https:\/\/inai.tn\/#\/schema\/logo\/image\/\",\"url\":\"http:\/\/localhost\/wp-content\/uploads\/2018\/10\/logo-inai-2.png\",\"contentUrl\":\"http:\/\/localhost\/wp-content\/uploads\/2018\/10\/logo-inai-2.png\",\"width\":140,\"height\":57,\"caption\":\"Instance d'Acc\u00e8s \u00e0 l'Information (INAI)\"},\"image\":{\"@id\":\"https:\/\/inai.tn\/#\/schema\/logo\/image\/\"}}]}<\/script>\n<!-- \/ Yoast SEO plugin. -->","yoast_head_json":{"title":"Contact INAI -Instance d\u2019acc\u00e8s \u00e0 l\u2019information en Tunisie","description":"contactez nous INAI Instance d\u2019acc\u00e8s \u00e0 l\u2019information en Tunisie se compose d\u2019un conseil, dont les membres ont \u00e9t\u00e9 \u00e9lus par l' (ARP) en Tunisie","robots":{"index":"index","follow":"follow","max-snippet":"max-snippet:-1","max-image-preview":"max-image-preview:large","max-video-preview":"max-video-preview:-1"},"canonical":"https:\/\/inai.tn\/fr\/contact-inai\/","og_locale":"fr_FR","og_type":"article","og_title":"Contact INAI -Instance d\u2019acc\u00e8s \u00e0 l\u2019information en Tunisie","og_description":"contactez nous INAI Instance d\u2019acc\u00e8s \u00e0 l\u2019information en Tunisie se compose d\u2019un conseil, dont les membres ont \u00e9t\u00e9 \u00e9lus par l' (ARP) en Tunisie","og_url":"https:\/\/inai.tn\/fr\/contact-inai\/","og_site_name":"\u0647\u064a\u0626\u0629 \u0627\u0644\u0646\u0641\u0627\u0630 \u0625\u0644\u0649 \u0627\u0644\u0645\u0639\u0644\u0648\u0645\u0629 \u0641\u064a \u062a\u0648\u0646\u0633","article_modified_time":"2019-10-30T09:52:24+00:00","twitter_card":"summary_large_image","twitter_misc":{"Dur\u00e9e de lecture estim\u00e9e":"1 minute"},"schema":{"@context":"https:\/\/schema.org","@graph":[{"@type":"WebPage","@id":"https:\/\/inai.tn\/fr\/contact-inai\/","url":"https:\/\/inai.tn\/fr\/contact-inai\/","name":"Contact INAI -Instance d\u2019acc\u00e8s \u00e0 l\u2019information en Tunisie","isPartOf":{"@id":"https:\/\/inai.tn\/#website"},"datePublished":"2018-07-23T10:46:13+00:00","dateModified":"2019-10-30T09:52:24+00:00","description":"contactez nous INAI Instance d\u2019acc\u00e8s \u00e0 l\u2019information en Tunisie se compose d\u2019un conseil, dont les membres ont \u00e9t\u00e9 \u00e9lus par l' (ARP) en Tunisie","breadcrumb":{"@id":"https:\/\/inai.tn\/fr\/contact-inai\/#breadcrumb"},"inLanguage":"fr-FR","potentialAction":[{"@type":"ReadAction","target":["https:\/\/inai.tn\/fr\/contact-inai\/"]}]},{"@type":"BreadcrumbList","@id":"https:\/\/inai.tn\/fr\/contact-inai\/#breadcrumb","itemListElement":[{"@type":"ListItem","position":1,"name":"Accueil","item":"https:\/\/inai.tn\/fr\/"},{"@type":"ListItem","position":2,"name":"Contact"}]},{"@type":"WebSite","@id":"https:\/\/inai.tn\/#website","url":"https:\/\/inai.tn\/","name":"INAI","description":"\u0627\u0644\u0646\u0641\u0627\u0630 \u0625\u0644\u0649 \u0627\u0644\u0645\u0639\u0644\u0648\u0645\u0629 \u062d\u0642 \u062f\u0633\u062a\u0648\u0631\u064a","publisher":{"@id":"https:\/\/inai.tn\/#organization"},"potentialAction":[{"@type":"SearchAction","target":{"@type":"EntryPoint","urlTemplate":"https:\/\/inai.tn\/?s={search_term_string}"},"query-input":"required name=search_term_string"}],"inLanguage":"fr-FR"},{"@type":"Organization","@id":"https:\/\/inai.tn\/#organization","name":"Instance d'Acc\u00e8s \u00e0 l'Information (INAI)","url":"https:\/\/inai.tn\/","sameAs":[],"logo":{"@type":"ImageObject","inLanguage":"fr-FR","@id":"https:\/\/inai.tn\/#\/schema\/logo\/image\/","url":"http:\/\/localhost\/wp-content\/uploads\/2018\/10\/logo-inai-2.png","contentUrl":"http:\/\/localhost\/wp-content\/uploads\/2018\/10\/logo-inai-2.png","width":140,"height":57,"caption":"Instance d'Acc\u00e8s \u00e0 l'Information (INAI)"},"image":{"@id":"https:\/\/inai.tn\/#\/schema\/logo\/image\/"}}]}},"_links":{"self":[{"href":"https:\/\/inai.tn\/fr\/wp-json\/wp\/v2\/pages\/2147"}],"collection":[{"href":"https:\/\/inai.tn\/fr\/wp-json\/wp\/v2\/pages"}],"about":[{"href":"https:\/\/inai.tn\/fr\/wp-json\/wp\/v2\/types\/page"}],"author":[{"embeddable":true,"href":"https:\/\/inai.tn\/fr\/wp-json\/wp\/v2\/users\/1"}],"replies":[{"embeddable":true,"href":"https:\/\/inai.tn\/fr\/wp-json\/wp\/v2\/comments?post=2147"}],"version-history":[{"count":0,"href":"https:\/\/inai.tn\/fr\/wp-json\/wp\/v2\/pages\/2147\/revisions"}],"wp:attachment":[{"href":"https:\/\/inai.tn\/fr\/wp-json\/wp\/v2\/media?parent=2147"}],"curies":[{"name":"wp","href":"https:\/\/api.w.org\/{rel}","templated":true}]}}